
{"id":24860,"date":"2018-10-26T12:25:11","date_gmt":"2018-10-26T11:25:11","guid":{"rendered":"https:\/\/smartbe.be\/?page_id=24860\/"},"modified":"2023-08-23T17:00:58","modified_gmt":"2023-08-23T15:00:58","slug":"nos-services","status":"publish","type":"page","link":"https:\/\/smartbe.be\/fr\/nos-services\/","title":{"rendered":"Nos services"},"content":{"rendered":"<p><strong>Smart est une entreprise partag\u00e9e qui vous permet de d\u00e9velopper vos activit\u00e9s et de travailler de mani\u00e8re autonome dans le cadre s\u00e9curis\u00e9 du statut de salari\u00e9\u00b7e.<\/strong><\/p>\n<p>&nbsp;<\/p>\n<h1>Des services mutualis\u00e9s<\/h1>\n<h2>Gestion administrative<\/h2>\n<p>Des outils de gestion administrative, financi\u00e8re et comptable (facturation, engagement de personnel, d\u00e9claratif social et fiscal, etc.) accessibles 24h\/24 via une plateforme web.\u00a0<a href=\"https:\/\/smartbe.be\/fr\/nos-services\/gestion-administrative\">Plus d\u2019infos<\/a><\/p>\n<h2>Assurances<\/h2>\n<p>Un package d\u2019assurances et des outils pour pr\u00e9venir et couvrir les risques inh\u00e9rents \u00e0 toute activit\u00e9 \u00e9conomique (accidents, risques de faillite, etc.).\u00a0<a href=\"http:\/\/smartbe.be\/fr\/nos-services\/assurances\/\">Plus d\u2019infos<\/a><\/p>\n<h2>Accompagnement<\/h2>\n<p>Des conseill\u00e8res et des conseillers pour vous accompagner dans vos projets et vos activit\u00e9s, mais aussi des opportunit\u00e9s de networking, des \u00e9changes et des \u00e9v\u00e9nements. <a href=\"https:\/\/smartbe.be\/fr\/nos-services\/accompagnement\">Plus d\u2019infos<strong>\u00a0<\/strong><\/a><\/p>\n<h2>Formations<\/h2>\n<p>Des formations, du coaching pour d\u00e9velopper vos comp\u00e9tences, \u00e9changer, partager vos exp\u00e9riences.\u00a0<a href=\"http:\/\/smartbe.be\/fr\/nos-services\/formations\">Plus d\u2019infos<\/a><strong>\u00a0<\/strong><\/p>\n<h2>Assistance juridique<\/h2>\n<p>Une \u00e9quipe de juristes pour vous conseiller et vous accompagner.\u00a0<a href=\"https:\/\/smartbe.be\/fr\/nos-services\/assistance-juridique\">Plus d\u2019infos<\/a><strong>\u00a0<\/strong><\/p>\n<h2>Espaces de travail<\/h2>\n<p>Des bureaux, des ateliers, des espaces de rencontres et de coworking.\u00a0<a href=\"https:\/\/smartbe.be\/fr\/nos-services\/espaces-de-travail\">Plus d\u2019infos<\/a><\/p>\n<div style=\"background: #fff; padding: 15px 30px; margin: 40px 0; border-radius: 6px;\"><strong>Rejoindre Smart<\/strong>, c\u2019est aussi prendre part \u00e0 une logique d\u2019entrepreneuriat collectif, c\u2019est pouvoir participer la vie de la coop\u00e9rative. <a href=\"http:\/\/smartbe.be\/fr\/la-cooperative-en-pratique\/\">Plus d\u2019infos<\/a><\/div>\n<h2>Pour qui?<\/h2>\n<p>A priori, tous les m\u00e9tiers, toutes les pratiques, toutes les activit\u00e9s sont susceptibles d\u2019\u00eatre d\u00e9velopp\u00e9s au sein de Smart, hormis quelques exceptions. Certaines activit\u00e9s feront l\u2019objet d\u2019une \u00e9valuation conjointe\u00a0avec vous. <a href=\"https:\/\/smartbe.be\/fr\/nos-services\/pour-qui\/\">Plus d\u2019infos<\/a><\/p>\n<p>&nbsp;<\/p>\n<h2>Int\u00e9ress\u00e9\u00b7e?<\/h2>\n<p>Nous organisons des sessions d\u2019information, gratuites et pr\u00e8s de chez vous.<\/p>\n<p><a class=\"btn btn-primary\" title=\"session d'info\" href=\"https:\/\/smartbe.be\/fr\/nos-services\/sessions-dinformation\">S\u2019inscrire \u00e0 une session d\u2019info<\/a><\/p>\n<h2>Des questions?<\/h2>\n<p><a href=\"http:\/\/smartbe.be\/fr\/nous-contacter\/\">Contactez-nous<\/a><\/p>","protected":false},"excerpt":{"rendered":"<p>Smart est une entreprise partag\u00e9e qui vous permet de d\u00e9velopper vos activit\u00e9s et de travailler de mani\u00e8re autonome dans le cadre s\u00e9curis\u00e9 du statut de salari\u00e9\u00b7e. &nbsp; Des services mutualis\u00e9s Gestion administrative Des outils de gestion administrative, financi\u00e8re et comptable &hellip;<\/p>\n","protected":false},"author":53,"featured_media":0,"parent":0,"menu_order":0,"comment_status":"closed","ping_status":"closed","template":"","meta":{"footnotes":""},"tags":[],"class_list":["post-24860","page","type-page","status-publish","hentry"],"aioseo_notices":[],"_links":{"self":[{"href":"https:\/\/smartbe.be\/fr\/wp-json\/wp\/v2\/pages\/24860","targetHints":{"allow":["GET"]}}],"collection":[{"href":"https:\/\/smartbe.be\/fr\/wp-json\/wp\/v2\/pages"}],"about":[{"href":"https:\/\/smartbe.be\/fr\/wp-json\/wp\/v2\/types\/page"}],"author":[{"embeddable":true,"href":"https:\/\/smartbe.be\/fr\/wp-json\/wp\/v2\/users\/53"}],"replies":[{"embeddable":true,"href":"https:\/\/smartbe.be\/fr\/wp-json\/wp\/v2\/comments?post=24860"}],"version-history":[{"count":36,"href":"https:\/\/smartbe.be\/fr\/wp-json\/wp\/v2\/pages\/24860\/revisions"}],"predecessor-version":[{"id":40384,"href":"https:\/\/smartbe.be\/fr\/wp-json\/wp\/v2\/pages\/24860\/revisions\/40384"}],"wp:attachment":[{"href":"https:\/\/smartbe.be\/fr\/wp-json\/wp\/v2\/media?parent=24860"}],"wp:term":[{"taxonomy":"post_tag","embeddable":true,"href":"https:\/\/smartbe.be\/fr\/wp-json\/wp\/v2\/tags?post=24860"}],"curies":[{"name":"wp","href":"https:\/\/api.w.org\/{rel}","templated":true}]}}