
{"id":24636,"date":"2018-10-29T13:03:57","date_gmt":"2018-10-29T12:03:57","guid":{"rendered":"https:\/\/smartbe.be\/?page_id=24636\/"},"modified":"2023-08-23T17:08:02","modified_gmt":"2023-08-23T15:08:02","slug":"gestion-administrative","status":"publish","type":"page","link":"https:\/\/smartbe.be\/fr\/nos-services\/gestion-administrative\/","title":{"rendered":"Gestion administrative"},"content":{"rendered":"<p><strong>Smart permet la gestion administrative, comptable et financi\u00e8re<\/strong> de votre activit\u00e9 en vous permettant de facturer vos prestations et d&rsquo;\u00eatre salari\u00e9\u00b7e de l&rsquo;entreprise (CDD ou CDI).<\/p>\n<p>Lib\u00e9r\u00e9\u00b7e des contraintes et travaillant dans un cadre s\u00e9curis\u00e9, vous pouvez vous consacrer au d\u00e9veloppement de vos activit\u00e9s. Vous n\u2019avez pas besoin de cr\u00e9er d\u2019autre structure.<\/p>\n<h2>Smart, votre employeuse<\/h2>\n<p>Smart est votre employeuse et se charge d\u2019effectuer toutes les d\u00e9clarations sociales et fiscales d\u00e9coulant de vos activit\u00e9s (d\u00e9claration TVA, comptable, fiches fiscales, Dimona, etc.)<\/p>\n<h2>Pay\u00e9\u00b7e \u00e0 7 jours<\/h2>\n<p>Vous \u00eates pay\u00e9\u00b7e sept jours (ouvrables) apr\u00e8s la r\u00e9alisation de votre prestation, quel que soit le d\u00e9lai de r\u00e8glement par la client\u00e8le. Et si quelqu&rsquo;un tarde \u00e0 payer, c\u2019est Smart qui s\u2019occupe de relancer les demandes!<\/p>\n<h2>Garantie d&rsquo;\u00eatre pay\u00e9\u00b7e<\/h2>\n<p>En cas d\u2019impay\u00e9 du client ou de la cliente, vous recevez votre salaire.<\/p>\n<h2>Six grands axes de gestion<\/h2>\n<p>Smart vous permet de:<\/p>\n<ol>\n<li>facturer des prestations et des droits d\u2019auteur ou voisins<\/li>\n<li>vendre des biens<\/li>\n<li>encoder des\u00a0frais\u00a0et des d\u00e9penses, r\u00e9cup\u00e9rer la TVA sur les factures<\/li>\n<li>g\u00e9rer des subsides<\/li>\n<li>avoir des associ\u00e9\u00b7es<\/li>\n<li>g\u00e9rer et financer des investissements importants<\/li>\n<\/ol>\n<h2>Une plateforme web<\/h2>\n<p>Organisez et g\u00e9rez vos activit\u00e9s \u00e0 toute heure, tous les jours, gr\u00e2ce \u00e0 notre plateforme web.<\/p>\n<p>Elle vous donne acc\u00e8s \u00e0:<\/p>\n<ul>\n<li>un simulateur de budget et de salaire<\/li>\n<li>un espace pour conserver l\u2019ensemble des documents (fiches de paie, contrats, fiches fiscales annuelles, etc.)<\/li>\n<\/ul>\n<h2>R\u00e9cup\u00e9rer la TVA<\/h2>\n<p>Smart vous permet d\u2019acc\u00e9der \u00e0 un\u00a0num\u00e9ro de TVA. Vous pouvez r\u00e9cup\u00e9rer la TVA quand vous faites des achats de fournitures. Parlez-en avec nous.<\/p>\n<h2>CDI<\/h2>\n<p>Vous avez la possibilit\u00e9, sous certaines conditions, de transformer vos prestations r\u00e9guli\u00e8res en contrat \u00e0 dur\u00e9e ind\u00e9termin\u00e9e, \u00e0 temps plein ou temps partiel. <a href=\"https:\/\/smartbe.be\/fr\/nos-services\/contrat-a-duree-indeterminee\/\">En savoir plus<\/a><\/p>","protected":false},"excerpt":{"rendered":"<p>Smart permet la gestion administrative, comptable et financi\u00e8re de votre activit\u00e9 en vous permettant de facturer vos prestations et d&rsquo;\u00eatre salari\u00e9\u00b7e de l&rsquo;entreprise (CDD ou CDI). Lib\u00e9r\u00e9\u00b7e des contraintes et travaillant dans un cadre s\u00e9curis\u00e9, vous pouvez vous consacrer au &hellip;<\/p>\n","protected":false},"author":54,"featured_media":0,"parent":24860,"menu_order":0,"comment_status":"closed","ping_status":"closed","template":"","meta":{"footnotes":""},"tags":[],"class_list":["post-24636","page","type-page","status-publish","hentry"],"aioseo_notices":[],"_links":{"self":[{"href":"https:\/\/smartbe.be\/fr\/wp-json\/wp\/v2\/pages\/24636","targetHints":{"allow":["GET"]}}],"collection":[{"href":"https:\/\/smartbe.be\/fr\/wp-json\/wp\/v2\/pages"}],"about":[{"href":"https:\/\/smartbe.be\/fr\/wp-json\/wp\/v2\/types\/page"}],"author":[{"embeddable":true,"href":"https:\/\/smartbe.be\/fr\/wp-json\/wp\/v2\/users\/54"}],"replies":[{"embeddable":true,"href":"https:\/\/smartbe.be\/fr\/wp-json\/wp\/v2\/comments?post=24636"}],"version-history":[{"count":14,"href":"https:\/\/smartbe.be\/fr\/wp-json\/wp\/v2\/pages\/24636\/revisions"}],"predecessor-version":[{"id":40387,"href":"https:\/\/smartbe.be\/fr\/wp-json\/wp\/v2\/pages\/24636\/revisions\/40387"}],"up":[{"embeddable":true,"href":"https:\/\/smartbe.be\/fr\/wp-json\/wp\/v2\/pages\/24860"}],"wp:attachment":[{"href":"https:\/\/smartbe.be\/fr\/wp-json\/wp\/v2\/media?parent=24636"}],"wp:term":[{"taxonomy":"post_tag","embeddable":true,"href":"https:\/\/smartbe.be\/fr\/wp-json\/wp\/v2\/tags?post=24636"}],"curies":[{"name":"wp","href":"https:\/\/api.w.org\/{rel}","templated":true}]}}