
{"id":24266,"date":"2018-08-27T05:32:50","date_gmt":"2018-08-27T04:32:50","guid":{"rendered":"https:\/\/smartbe.be\/?page_id=24266\/"},"modified":"2018-08-27T05:35:06","modified_gmt":"2018-08-27T04:35:06","slug":"interet-pour-une-formation","status":"publish","type":"page","link":"https:\/\/smartbe.be\/fr\/interet-pour-une-formation\/","title":{"rendered":"Int\u00e9r\u00eat pour une formation"},"content":{"rendered":"<div class=\"wpcf7 no-js\" id=\"wpcf7-f24265-o1\" lang=\"fr-FR\" dir=\"ltr\" data-wpcf7-id=\"24265\">\n<div class=\"screen-reader-response\"><p role=\"status\" aria-live=\"polite\" aria-atomic=\"true\"><\/p> <ul><\/ul><\/div>\n<form action=\"\/fr\/wp-json\/wp\/v2\/pages\/24266#wpcf7-f24265-o1\" method=\"post\" class=\"wpcf7-form init\" aria-label=\"Formulaire de contact\" novalidate=\"novalidate\" data-status=\"init\">\n<fieldset class=\"hidden-fields-container\"><input type=\"hidden\" name=\"_wpcf7\" value=\"24265\" \/><input type=\"hidden\" name=\"_wpcf7_version\" value=\"6.1\" \/><input type=\"hidden\" name=\"_wpcf7_locale\" value=\"fr_FR\" \/><input type=\"hidden\" name=\"_wpcf7_unit_tag\" value=\"wpcf7-f24265-o1\" \/><input type=\"hidden\" name=\"_wpcf7_container_post\" value=\"0\" \/><input type=\"hidden\" name=\"_wpcf7_posted_data_hash\" value=\"\" \/><input type=\"hidden\" name=\"_map_author\" value=\"1\" \/><input type=\"hidden\" name=\"_c2p_nonce\" value=\"d01dfbcb53\" \/><input type=\"hidden\" name=\"_wpnonce\" value=\"646ecd2924\" \/><input type=\"hidden\" name=\"_wpcf7_recaptcha_response\" value=\"\" \/>\n<\/fieldset>\n<p><br \/>\nVous \u00eates int\u00e9ress\u00e9.e par cette formation ? Dites-le nous en remplissant le formulaire ci-dessous. Nous vous recontacterons le plus rapidement possible.\n<\/p>\n<p>Pour tout renseignement compl\u00e9mentaire, contactez le service Formation - <a href=\"mailto:&#x66;&#x6f;&#x72;&#x6d;&#x61;&#x74;&#x69;&#x6f;&#x6e;&#x40;&#x73;&#x6d;&#x61;&#x72;&#x74;&#x2e;&#x63;&#x6f;&#x6f;&#x70;\">&#x66;&#x6f;&#x72;&#x6d;&#x61;&#x74;&#x69;&#x6f;&#x6e;&#x40;<span class=\"oe_displaynone\">null<\/span>&#x73;&#x6d;&#x61;&#x72;&#x74;&#x2e;&#x63;&#x6f;&#x6f;&#x70;<\/a>\n<\/p>\n<p><span class=\"red\">* Obligatoire<\/span>\n<\/p>\n<h3>Civilit\u00e9 <sup class=\"red\">*<\/sup>\n<\/h3>\n<p><span class=\"wpcf7-form-control-wrap\" data-name=\"your-civilite\"><span class=\"wpcf7-form-control wpcf7-radio\"><span class=\"wpcf7-list-item first\"><label><span class=\"wpcf7-list-item-label\">Madame<\/span><input type=\"radio\" name=\"your-civilite\" value=\"Madame\" checked=\"checked\" \/><\/label><\/span><span class=\"wpcf7-list-item\"><label><span class=\"wpcf7-list-item-label\">Monsieur<\/span><input type=\"radio\" name=\"your-civilite\" value=\"Monsieur\" \/><\/label><\/span><span class=\"wpcf7-list-item last\"><label><span class=\"wpcf7-list-item-label\">Autre<\/span><input type=\"radio\" name=\"your-civilite\" value=\"Autre\" \/><\/label><\/span><\/span><\/span><br \/>\n<hr \/>\n<\/p>\n<h3>Nom et Pr\u00e9nom <sup class=\"red\">*<\/sup>\n<\/h3>\n<p><span class=\"wpcf7-form-control-wrap\" data-name=\"your-name\"><input size=\"40\" maxlength=\"80\" class=\"wpcf7-form-control wpcf7-text wpcf7-validates-as-required\" aria-required=\"true\" aria-invalid=\"false\" value=\"\" type=\"text\" name=\"your-name\" \/><\/span><br \/>\n<hr \/>\n<\/p>\n<h3>Num\u00e9ro de t\u00e9l\u00e9phone <sup class=\"red\">*<\/sup>\n<\/h3>\n<p><span class=\"wpcf7-form-control-wrap\" data-name=\"your-telephone\"><input size=\"40\" maxlength=\"22\" class=\"wpcf7-form-control wpcf7-tel wpcf7-validates-as-required wpcf7-text wpcf7-validates-as-tel\" aria-required=\"true\" aria-invalid=\"false\" value=\"\" type=\"tel\" name=\"your-telephone\" \/><\/span><br \/>\nex : +32 4xx xx xx xx ou +32 2 xxx xx xx<br \/>\n<hr \/>\n<\/p>\n<h3>Adresse e-mail <sup class=\"red\">*<\/sup>\n<\/h3>\n<p><span class=\"wpcf7-form-control-wrap\" data-name=\"your-email\"><input size=\"40\" maxlength=\"400\" class=\"wpcf7-form-control wpcf7-email wpcf7-validates-as-required wpcf7-text wpcf7-validates-as-email\" aria-required=\"true\" aria-invalid=\"false\" value=\"\" type=\"email\" name=\"your-email\" \/><\/span><br \/>\n<hr \/>\n<\/p>\n<h3>Secteurs d'activit\u00e9s <sup class=\"red\">*<\/sup>\n<\/h3>\n<p><span class=\"wpcf7-form-control-wrap\" data-name=\"your-secteur\"><input size=\"40\" maxlength=\"60\" class=\"wpcf7-form-control wpcf7-text wpcf7-validates-as-required\" aria-required=\"true\" aria-invalid=\"false\" value=\"\" type=\"text\" name=\"your-secteur\" \/><\/span><br \/>\n<hr \/><br \/>\n<div id=\"cf7sr-69e7d94d7d175\" class=\"cf7sr-g-recaptcha\" data-theme=\"light\" data-type=\"image\" data-size=\"normal\" data-sitekey=\"6Lfqux0UAAAAABSJKMghS26syGadS1lTAWYQ5iB7\"><\/div><span class=\"wpcf7-form-control-wrap cf7sr-recaptcha\" data-name=\"cf7sr-recaptcha\"><input type=\"hidden\" name=\"cf7sr-recaptcha\" value=\"\" class=\"wpcf7-form-control\"><\/span>\n<\/p>\n<input class=\"wpcf7-form-control wpcf7-hidden\" value=\"\" type=\"hidden\" name=\"your-formation\" \/>\n[hidden  Rappel \"non\" maxlength:3]\n[hidden  Remarque \"\" maxlength:3]\n<p><input class=\"wpcf7-form-control wpcf7-submit has-spinner\" type=\"submit\" value=\"Envoi\" \/>\n<\/p><div class=\"wpcf7-response-output\" aria-hidden=\"true\"><\/div>\n<\/form>\n<\/div>","protected":false},"excerpt":{"rendered":"","protected":false},"author":63,"featured_media":0,"parent":0,"menu_order":0,"comment_status":"closed","ping_status":"closed","template":"page-interetformation.php","meta":{"footnotes":""},"tags":[],"class_list":["post-24266","page","type-page","status-publish","hentry"],"aioseo_notices":[],"_links":{"self":[{"href":"https:\/\/smartbe.be\/fr\/wp-json\/wp\/v2\/pages\/24266","targetHints":{"allow":["GET"]}}],"collection":[{"href":"https:\/\/smartbe.be\/fr\/wp-json\/wp\/v2\/pages"}],"about":[{"href":"https:\/\/smartbe.be\/fr\/wp-json\/wp\/v2\/types\/page"}],"author":[{"embeddable":true,"href":"https:\/\/smartbe.be\/fr\/wp-json\/wp\/v2\/users\/63"}],"replies":[{"embeddable":true,"href":"https:\/\/smartbe.be\/fr\/wp-json\/wp\/v2\/comments?post=24266"}],"version-history":[{"count":1,"href":"https:\/\/smartbe.be\/fr\/wp-json\/wp\/v2\/pages\/24266\/revisions"}],"predecessor-version":[{"id":24267,"href":"https:\/\/smartbe.be\/fr\/wp-json\/wp\/v2\/pages\/24266\/revisions\/24267"}],"wp:attachment":[{"href":"https:\/\/smartbe.be\/fr\/wp-json\/wp\/v2\/media?parent=24266"}],"wp:term":[{"taxonomy":"post_tag","embeddable":true,"href":"https:\/\/smartbe.be\/fr\/wp-json\/wp\/v2\/tags?post=24266"}],"curies":[{"name":"wp","href":"https:\/\/api.w.org\/{rel}","templated":true}]}}