
{"id":24120,"date":"2018-08-13T07:49:01","date_gmt":"2018-08-13T06:49:01","guid":{"rendered":"http:\/\/smartbe.be\/?page_id=24120\/"},"modified":"2018-08-13T08:05:24","modified_gmt":"2018-08-13T07:05:24","slug":"liste-des-formations","status":"publish","type":"page","link":"https:\/\/smartbe.be\/fr\/liste-des-formations\/","title":{"rendered":"Liste des formations"},"content":{"rendered":"<br \/>\n\u00a0\u00a0<a href=\"https:\/\/smartbe.be\/fr\/news\/formations\/redevelopper-son-activite-economique\/\">(Re)D\u00e9velopper son activit\u00e9 \u00e9conomique<\/a><\/p>\n<p><br \/>\n\u00a0\u00a0<a href=\"https:\/\/smartbe.be\/fr\/news\/formations\/repenser-sa-communication-3-jours-pour-3-etapes-cle-de-la-realisation-dun-projet-professionnel\/\">(re)Penser sa communication : 3 jours pour 3 \u00e9tapes-cl\u00e9 de la r\u00e9alisation d\u2019un projet professionnel. ANNULEE   \u202f<\/a><\/p>\n<p><br \/>\n\u00a0\u00a0<a href=\"https:\/\/smartbe.be\/fr\/news\/formations\/ameliorez-vos-prises-de-parole-niveau-renforcement\/\">Am\u00e9liorer ses prises de parole<\/a><\/p>\n<p><br \/>\n0000-00-00\u00a0\u00a0<a href=\"https:\/\/smartbe.be\/fr\/news\/formations\/repondre-a-un-appel-doffre-cette-fois-cest-pour-vous\/\">Appel d&rsquo;offres : se d\u00e9marquer et augmenter ses chances de r\u00e9ussite<\/a><\/p>\n<p><br \/>\n\u00a0\u00a0<a href=\"https:\/\/smartbe.be\/fr\/news\/formations\/auteursrecht-en-naburige-rechten\/\">Auteursrechten en naburige rechten<\/a><\/p>\n<p><br \/>\n\u00a0\u00a0<a href=\"https:\/\/smartbe.be\/fr\/news\/formations\/creez-votre-site-internet-les-indispensables-a-maitriser\/\">Bonnes pratiques pour un site internet r\u00e9ussi<\/a><\/p>\n<p><br \/>\n\u00a0\u00a0<a href=\"https:\/\/smartbe.be\/fr\/news\/formations\/parcours-1-actionnez-8-leviers-afin-de-re-developper-votre-activite\/\">Bruxelles. Parcours (Re)D\u00e9velopper son activit\u00e9<\/a><\/p>\n<p><br \/>\n\u00a0\u00a0<a href=\"https:\/\/smartbe.be\/fr\/news\/formations\/parcours-2-les-fondamentaux-pour-mieux-communiquer-son-activite-en-10-journees\/\">Bruxelles. Parcours (Re)Penser sa communication<\/a><\/p>\n<p><br \/>\n\u00a0\u00a0<a href=\"https:\/\/smartbe.be\/fr\/news\/formations\/comprendre-les-mecanismes-du-mecenat-dentreprise\/\">Comprendre les m\u00e9canismes du m\u00e9c\u00e9nat d\u2019entreprise<\/a><\/p>\n<p><br \/>\n\u00a0\u00a0<a href=\"https:\/\/smartbe.be\/fr\/news\/formations\/construisez-votre-strategie-de-communication-digitale\/\">Construire sa strat\u00e9gie de communication digitale<\/a><\/p>\n<p><br \/>\n\u00a0\u00a0<a href=\"https:\/\/smartbe.be\/fr\/news\/formations\/contracten-de-basis\/\">Contracten: de basis !<\/a><\/p>\n<p><br \/>\n0000-00-00\u00a0\u00a0<a href=\"https:\/\/smartbe.be\/fr\/news\/formations\/filmez-vos-videos-avec-votre-telephone\/\">Cr\u00e9er du contenu vid\u00e9o avec son smartphone<\/a><\/p>\n<p><br \/>\n\u00a0\u00a0<a href=\"https:\/\/smartbe.be\/fr\/news\/formations\/creez-sa-page-facebook-et-commencer-a-communiquer-autour-de-votre-projet\/\">Cr\u00e9er sa page Facebook et commencer \u00e0 communiquer autour de son projet<\/a><\/p>\n<p><br \/>\n\u00a0\u00a0<a href=\"https:\/\/smartbe.be\/fr\/news\/formations\/creez-votre-site-web-en-utilisant-wordpress\/\">Cr\u00e9er son site web en utilisant WordPress<\/a><\/p>\n<p><br \/>\n\u00a0\u00a0<a href=\"https:\/\/smartbe.be\/fr\/news\/formations\/de-la-fondation-aux-etapes-de-la-creation-relancer-votre-projet\/\">De la fondation aux \u00e9tapes de la cr\u00e9ation : (re)lancer son projet. ANNULEE<\/a><\/p>\n<p>","protected":false},"excerpt":{"rendered":"","protected":false},"author":53,"featured_media":0,"parent":0,"menu_order":0,"comment_status":"closed","ping_status":"closed","template":"","meta":{"footnotes":""},"tags":[],"class_list":["post-24120","page","type-page","status-publish","hentry"],"aioseo_notices":[],"_links":{"self":[{"href":"https:\/\/smartbe.be\/fr\/wp-json\/wp\/v2\/pages\/24120","targetHints":{"allow":["GET"]}}],"collection":[{"href":"https:\/\/smartbe.be\/fr\/wp-json\/wp\/v2\/pages"}],"about":[{"href":"https:\/\/smartbe.be\/fr\/wp-json\/wp\/v2\/types\/page"}],"author":[{"embeddable":true,"href":"https:\/\/smartbe.be\/fr\/wp-json\/wp\/v2\/users\/53"}],"replies":[{"embeddable":true,"href":"https:\/\/smartbe.be\/fr\/wp-json\/wp\/v2\/comments?post=24120"}],"version-history":[{"count":5,"href":"https:\/\/smartbe.be\/fr\/wp-json\/wp\/v2\/pages\/24120\/revisions"}],"predecessor-version":[{"id":24126,"href":"https:\/\/smartbe.be\/fr\/wp-json\/wp\/v2\/pages\/24120\/revisions\/24126"}],"wp:attachment":[{"href":"https:\/\/smartbe.be\/fr\/wp-json\/wp\/v2\/media?parent=24120"}],"wp:term":[{"taxonomy":"post_tag","embeddable":true,"href":"https:\/\/smartbe.be\/fr\/wp-json\/wp\/v2\/tags?post=24120"}],"curies":[{"name":"wp","href":"https:\/\/api.w.org\/{rel}","templated":true}]}}