
{"id":23891,"date":"2018-07-09T18:04:49","date_gmt":"2018-07-09T17:04:49","guid":{"rendered":"http:\/\/smartbe.be\/?page_id=23891\/"},"modified":"2018-07-09T18:04:49","modified_gmt":"2018-07-09T17:04:49","slug":"vous-creez-nous-gerons","status":"publish","type":"page","link":"https:\/\/smartbe.be\/fr\/vous-creez-nous-gerons\/","title":{"rendered":"Vous cr\u00e9ez, nous g\u00e9rons!"},"content":{"rendered":"<div style=\"width:60%;float:left\">\n<a href=\"https:\/\/smartbe.be\/fr\/services\/#invoicing\">G\u00e9rez<\/a> et <a href=\"\/fr\/services\/#financial\">financez<\/a> vos projets en toute simplicit\u00e9. <a href=\"https:\/\/smartbe.be\/fr\/services\/\">En savoir plus<\/a>.<\/p>\n<ul class=\"nav nav-chevron red inline\">\n<li><a href=\"https:\/\/smartbe.be\/fr\/services\/sessions-dinformation\/\">Sessions d&rsquo;info<\/a><\/li>\n<li><a href=\"https:\/\/smartbe.be\/fr\/inscription\/\">Devenez membre<\/a><\/li>\n<li><a href=\"https:\/\/smartbe.be\/fr\/nous-contacter\/\">Contactez-nous<\/a><\/li>\n<\/ul>\n<div class=\"home-title\" style=\"padding: 0;\"><\/div>\n<div class=\"home-title\" style=\"padding: 0;\">19\/06 &#8211; Assembl\u00e9e g\u00e9n\u00e9rale<\/div>\n<div class=\"home-title\" style=\"padding: 0;\"><a href=\"https:\/\/smartbe.be\/fr\/assemblee-generale-2018\/\"><img loading=\"lazy\" decoding=\"async\" class=\"alignleft wp-image-23113 size-full\" src=\"https:\/\/smartbe.be\/wordpress\/..\/wp-content\/uploads\/2015\/08\/Plan-de-travail-1-e1527077984892.jpg\" alt=\"\" width=\"500\" height=\"205\" \/><\/a><\/div>\n<h5 class=\"home-title\" style=\"padding: 0;\"><\/h5>\n<\/div>\n<div style=\"width:30%;float:right\">\n<div class=\"well\" style=\"margin-bottom: 0;\npadding-top: 24px; height: 280px\"><\/p>\n<h2 class=\"text-center\" style=\"margin-bottom: 18px;\">Mon espace personnel<\/h2>\n<div class=\"text-center\">\n<a class=\"btn btn-primary btn-filled\" target=\"_blank\" href=\" https:\/\/account.ubik.be\/accountlogin.aspx\">Se connecter<\/a>\n<\/div>\n<\/div>","protected":false},"excerpt":{"rendered":"<p>G\u00e9rez et financez vos projets en toute simplicit\u00e9. En savoir plus. Sessions d&rsquo;info Devenez membre Contactez-nous 19\/06 &#8211; Assembl\u00e9e g\u00e9n\u00e9rale Mon espace personnel Se connecter<\/p>\n","protected":false},"author":53,"featured_media":0,"parent":0,"menu_order":0,"comment_status":"closed","ping_status":"closed","template":"","meta":{"footnotes":""},"tags":[],"class_list":["post-23891","page","type-page","status-publish","hentry"],"aioseo_notices":[],"_links":{"self":[{"href":"https:\/\/smartbe.be\/fr\/wp-json\/wp\/v2\/pages\/23891","targetHints":{"allow":["GET"]}}],"collection":[{"href":"https:\/\/smartbe.be\/fr\/wp-json\/wp\/v2\/pages"}],"about":[{"href":"https:\/\/smartbe.be\/fr\/wp-json\/wp\/v2\/types\/page"}],"author":[{"embeddable":true,"href":"https:\/\/smartbe.be\/fr\/wp-json\/wp\/v2\/users\/53"}],"replies":[{"embeddable":true,"href":"https:\/\/smartbe.be\/fr\/wp-json\/wp\/v2\/comments?post=23891"}],"version-history":[{"count":2,"href":"https:\/\/smartbe.be\/fr\/wp-json\/wp\/v2\/pages\/23891\/revisions"}],"predecessor-version":[{"id":23893,"href":"https:\/\/smartbe.be\/fr\/wp-json\/wp\/v2\/pages\/23891\/revisions\/23893"}],"wp:attachment":[{"href":"https:\/\/smartbe.be\/fr\/wp-json\/wp\/v2\/media?parent=23891"}],"wp:term":[{"taxonomy":"post_tag","embeddable":true,"href":"https:\/\/smartbe.be\/fr\/wp-json\/wp\/v2\/tags?post=23891"}],"curies":[{"name":"wp","href":"https:\/\/api.w.org\/{rel}","templated":true}]}}