
{"id":23277,"date":"2018-06-04T12:43:31","date_gmt":"2018-06-04T11:43:31","guid":{"rendered":"http:\/\/smartbe.be\/?page_id=23277\/"},"modified":"2018-09-12T16:00:02","modified_gmt":"2018-09-12T15:00:02","slug":"merci-politique-de-protection-des-donnees-personnelles","status":"publish","type":"page","link":"https:\/\/smartbe.be\/fr\/merci-politique-de-protection-des-donnees-personnelles\/","title":{"rendered":"RGPD"},"content":{"rendered":"<p><!--le texte est g\u00e9n\u00e9r\u00e9 automatiquement par\u00a0un script pour WordPress dans le template page-rgpd.php--><\/p>","protected":false},"excerpt":{"rendered":"","protected":false},"author":53,"featured_media":0,"parent":0,"menu_order":0,"comment_status":"closed","ping_status":"closed","template":"page-rgpd.php","meta":{"footnotes":""},"tags":[],"class_list":["post-23277","page","type-page","status-publish","hentry"],"aioseo_notices":[],"_links":{"self":[{"href":"https:\/\/smartbe.be\/fr\/wp-json\/wp\/v2\/pages\/23277","targetHints":{"allow":["GET"]}}],"collection":[{"href":"https:\/\/smartbe.be\/fr\/wp-json\/wp\/v2\/pages"}],"about":[{"href":"https:\/\/smartbe.be\/fr\/wp-json\/wp\/v2\/types\/page"}],"author":[{"embeddable":true,"href":"https:\/\/smartbe.be\/fr\/wp-json\/wp\/v2\/users\/53"}],"replies":[{"embeddable":true,"href":"https:\/\/smartbe.be\/fr\/wp-json\/wp\/v2\/comments?post=23277"}],"version-history":[{"count":9,"href":"https:\/\/smartbe.be\/fr\/wp-json\/wp\/v2\/pages\/23277\/revisions"}],"predecessor-version":[{"id":24542,"href":"https:\/\/smartbe.be\/fr\/wp-json\/wp\/v2\/pages\/23277\/revisions\/24542"}],"wp:attachment":[{"href":"https:\/\/smartbe.be\/fr\/wp-json\/wp\/v2\/media?parent=23277"}],"wp:term":[{"taxonomy":"post_tag","embeddable":true,"href":"https:\/\/smartbe.be\/fr\/wp-json\/wp\/v2\/tags?post=23277"}],"curies":[{"name":"wp","href":"https:\/\/api.w.org\/{rel}","templated":true}]}}