
{"id":23063,"date":"2018-05-22T08:50:10","date_gmt":"2018-05-22T07:50:10","guid":{"rendered":"http:\/\/smartbe.be\/?page_id=23063\/"},"modified":"2021-04-09T14:27:00","modified_gmt":"2021-04-09T13:27:00","slug":"assemblee-generale-2018","status":"publish","type":"page","link":"https:\/\/smartbe.be\/fr\/assemblee-generale-2018\/","title":{"rendered":"Assembl\u00e9e g\u00e9n\u00e9rale 2018"},"content":{"rendered":"<p><a href=\"https:\/\/smartbe.be\/wordpress\/..\/wp-content\/uploads\/2018\/05\/banner_ag.jpg\"><img loading=\"lazy\" decoding=\"async\" class=\"wp-image-23084 aligncenter\" src=\"https:\/\/smartbe.be\/wordpress\/..\/wp-content\/uploads\/2018\/05\/banner_ag-300x169.jpg\" alt=\"\" width=\"630\" height=\"355\" srcset=\"https:\/\/smartbe.be\/wp-content\/uploads\/2018\/05\/banner_ag-300x169.jpg 300w, https:\/\/smartbe.be\/wp-content\/uploads\/2018\/05\/banner_ag-768x432.jpg 768w, https:\/\/smartbe.be\/wp-content\/uploads\/2018\/05\/banner_ag-1024x576.jpg 1024w, https:\/\/smartbe.be\/wp-content\/uploads\/2018\/05\/banner_ag-500x281.jpg 500w, https:\/\/smartbe.be\/wp-content\/uploads\/2018\/05\/banner_ag-290x163.jpg 290w, https:\/\/smartbe.be\/wp-content\/uploads\/2018\/05\/banner_ag.jpg 1921w\" sizes=\"auto, (max-width: 630px) 100vw, 630px\" \/><\/a><\/p>\n<p>&nbsp;<\/p>\n<p><strong>L&rsquo;Assembl\u00e9e g\u00e9n\u00e9rale 2018 a eu lieu le mardi 19 juin.<\/strong><\/p>\n<p><a href=\"https:\/\/smartbe.be\/fr\/assemblee-generale-ordinaire-2018\/\"><img loading=\"lazy\" decoding=\"async\" class=\"alignnone wp-image-23959 size-full\" src=\"https:\/\/smartbe.be\/wordpress\/..\/wp-content\/uploads\/2018\/05\/2-1.png\" alt=\"\" width=\"150\" height=\"150\" \/><\/a>\u00a0 \u00a0 \u00a0 \u00a0 \u00a0<a class=\"alignnone\" href=\"https:\/\/smartbe.be\/fr\/news\/intervenant-ag-2018\/\"><img loading=\"lazy\" decoding=\"async\" class=\"alignnone wp-image-23961 size-full\" src=\"https:\/\/smartbe.be\/wordpress\/..\/wp-content\/uploads\/2018\/05\/de-50-intervenants-2.png\" alt=\"\" width=\"150\" height=\"150\" \/><\/a>\u00a0 \u00a0 \u00a0 \u00a0 \u00a0<a href=\"https:\/\/smartbe.be\/fr\/programme-complet-assemblee-generale-2018\/\"><img loading=\"lazy\" decoding=\"async\" class=\"alignnone wp-image-23960 size-full\" src=\"https:\/\/smartbe.be\/wordpress\/..\/wp-content\/uploads\/2018\/05\/3-1.png\" alt=\"\" width=\"150\" height=\"150\" \/><\/a><\/p>\n<p>&nbsp;<\/p>\n<p><strong>Au programme :<\/strong> des tables rondes, des workshops, des t\u00e9moignages, des d\u00e9bats sur des sujets aussi vari\u00e9s que la coop\u00e9ration aux niveaux global et local, l\u2019\u00e9conomie num\u00e9rique, les plateformes coop\u00e9ratives, le mouvement des\u00a0<em>Communs<\/em>, la\u00a0participation\u00a0et la collaboration au sein de notre entreprise partag\u00e9e.<\/p>\n<p>Ce fut<strong> une belle journ\u00e9e<\/strong> de\u00a0networking, de rencontres et des moments de convivialit\u00e9\u2026<\/p>\n<p>&nbsp;<\/p>\n<h2>(Re)voir les conf\u00e9rences?<\/h2>\n<p><iframe loading=\"lazy\" src=\"https:\/\/www.youtube.com\/embed\/RUScedjzJPQ\" width=\"560\" height=\"315\" frameborder=\"0\" allowfullscreen=\"allowfullscreen\"><\/iframe><\/p>\n<p>&nbsp;<\/p>\n<h2>Un bref retour en images?<\/h2>\n<p><a title=\"SMART_AG18_BD-130\" href=\"https:\/\/www.flickr.com\/photos\/smartbe\/42231096904\/in\/album-72157697741359534\/\" data-flickr-embed=\"true\"><img loading=\"lazy\" decoding=\"async\" src=\"https:\/\/farm2.staticflickr.com\/1768\/42231096904_6fc343cea6_q.jpg\" alt=\"SMART_AG18_BD-130\" width=\"150\" height=\"150\" \/><\/a><a title=\"SMART_AG18_BD-194\" href=\"https:\/\/www.flickr.com\/photos\/smartbe\/42048024175\/in\/album-72157697741359534\/\" data-flickr-embed=\"true\"><script async=\"\" src=\"\/\/embedr.flickr.com\/assets\/client-code.js\" charset=\"utf-8\"><\/script><\/a>\u00a0 \u00a0 \u00a0<a title=\"SMART_AG18_BD-208\" href=\"https:\/\/www.flickr.com\/photos\/smartbe\/42950125751\/in\/album-72157697741359534\/\" data-flickr-embed=\"true\"><img loading=\"lazy\" decoding=\"async\" src=\"https:\/\/farm1.staticflickr.com\/895\/42950125751_bcd19042c2_q.jpg\" alt=\"SMART_AG18_BD-208\" width=\"150\" height=\"150\" \/><\/a><script async src=\"\/\/embedr.flickr.com\/assets\/client-code.js\" charset=\"utf-8\"><\/script>\u00a0 \u00a0 \u00a0<a title=\"SMART_AG18_BD-140\" href=\"https:\/\/www.flickr.com\/photos\/smartbe\/42231095874\/in\/album-72157697741359534\/\" data-flickr-embed=\"true\"><img loading=\"lazy\" decoding=\"async\" src=\"https:\/\/farm1.staticflickr.com\/875\/42231095874_2182334bc3_q.jpg\" alt=\"SMART_AG18_BD-140\" width=\"150\" height=\"150\" \/><\/a><script async src=\"\/\/embedr.flickr.com\/assets\/client-code.js\" charset=\"utf-8\"><\/script><\/p>\n<p>&nbsp;<\/p>\n<h3><strong>#Letscoop2018<\/strong><\/h3>\n<p>&nbsp;<\/p>","protected":false},"excerpt":{"rendered":"<p>&nbsp; L&rsquo;Assembl\u00e9e g\u00e9n\u00e9rale 2018 a eu lieu le mardi 19 juin. \u00a0 \u00a0 \u00a0 \u00a0 \u00a0\u00a0 \u00a0 \u00a0 \u00a0 \u00a0 &nbsp; Au programme : des tables rondes, des workshops, des t\u00e9moignages, des d\u00e9bats sur des sujets aussi vari\u00e9s que la &hellip;<\/p>\n","protected":false},"author":56,"featured_media":0,"parent":0,"menu_order":0,"comment_status":"closed","ping_status":"closed","template":"","meta":{"footnotes":""},"tags":[],"class_list":["post-23063","page","type-page","status-publish","hentry"],"aioseo_notices":[],"_links":{"self":[{"href":"https:\/\/smartbe.be\/fr\/wp-json\/wp\/v2\/pages\/23063","targetHints":{"allow":["GET"]}}],"collection":[{"href":"https:\/\/smartbe.be\/fr\/wp-json\/wp\/v2\/pages"}],"about":[{"href":"https:\/\/smartbe.be\/fr\/wp-json\/wp\/v2\/types\/page"}],"author":[{"embeddable":true,"href":"https:\/\/smartbe.be\/fr\/wp-json\/wp\/v2\/users\/56"}],"replies":[{"embeddable":true,"href":"https:\/\/smartbe.be\/fr\/wp-json\/wp\/v2\/comments?post=23063"}],"version-history":[{"count":55,"href":"https:\/\/smartbe.be\/fr\/wp-json\/wp\/v2\/pages\/23063\/revisions"}],"predecessor-version":[{"id":23130,"href":"https:\/\/smartbe.be\/fr\/wp-json\/wp\/v2\/pages\/23063\/revisions\/23130"}],"wp:attachment":[{"href":"https:\/\/smartbe.be\/fr\/wp-json\/wp\/v2\/media?parent=23063"}],"wp:term":[{"taxonomy":"post_tag","embeddable":true,"href":"https:\/\/smartbe.be\/fr\/wp-json\/wp\/v2\/tags?post=23063"}],"curies":[{"name":"wp","href":"https:\/\/api.w.org\/{rel}","templated":true}]}}