
{"id":23049,"date":"2018-05-22T08:17:39","date_gmt":"2018-05-22T07:17:39","guid":{"rendered":"http:\/\/smartbe.be\/?page_id=23049\/"},"modified":"2018-07-16T11:15:45","modified_gmt":"2018-07-16T10:15:45","slug":"assemblee-generale-ordinaire-2018","status":"publish","type":"page","link":"https:\/\/smartbe.be\/fr\/assemblee-generale-ordinaire-2018\/","title":{"rendered":"Assembl\u00e9e G\u00e9n\u00e9rale ordinaire 2018"},"content":{"rendered":"<p><strong>Les\u00a0soci\u00e9taires\u00a0sont invit\u00e9s \u00e0 exercer leur\u00a0droit de vote lors de l&rsquo;Assembl\u00e9e g\u00e9n\u00e9rale, retrouvez l&rsquo;ordre du jour 2018 et les r\u00e9sultats des votes..<i>.<\/i><\/strong><\/p>\n<p>&nbsp;<\/p>\n<p><strong>1. Comptes et rapport sur l&rsquo;exercice 2017 (<em>Point pour d\u00e9cision)<\/em><\/strong><\/p>\n<p>En vue de permettre \u00e0 la gouvernance coop\u00e9rative de SMartCoop de veiller \u00e0 la bonne ex\u00e9cution des r\u00e8gles de gestion du groupe Smart, le Conseil d&rsquo;administration propose \u00e0 l&rsquo;Assembl\u00e9e des soci\u00e9taires de se prononcer sur les comptes consolid\u00e9s du groupe en compl\u00e9ment des comptes propres \u00e0 l&rsquo;entit\u00e9 SMartCoop.<\/p>\n<p>L\u2019Assembl\u00e9e des soci\u00e9taires, apr\u00e8s avoir consult\u00e9 les documents aff\u00e9rents \u00e0 l&rsquo;exercice 2017, \u00e0 savoir le rapport d&rsquo;activit\u00e9, le rapport sur la r\u00e9alisation du but social, le rapport du r\u00e9viseur, et les comptes annuels de l&rsquo;exercice 2017 (comptes consolid\u00e9s du groupe ainsi que ceux de l&rsquo;entit\u00e9 SMartCoop), les approuve tels qu\u2019ils lui ont \u00e9t\u00e9 pr\u00e9sent\u00e9s.<\/p>\n<p>En cons\u00e9quence, elle donne d\u00e9charge aux Administrateurs de leur gestion pour ledit exercice.<\/p>\n<p><strong>T\u00e9l\u00e9charger<\/strong><\/p>\n<ul>\n<li><a href=\"https:\/\/smartbe.be\/wp-content\/uploads\/2018\/06\/Rapport-dactivite-2017-web.pdf\">Rapport d&rsquo;activit\u00e9 Smart 2017<\/a><\/li>\n<li><a href=\"https:\/\/smartbe.be\/wp-content\/uploads\/2018\/06\/Rapport-but-social-2018.pdf\">Rapport sur la r\u00e9alisation du but social<\/a><\/li>\n<li><a href=\"https:\/\/smartbe.be\/wp-content\/uploads\/2018\/06\/182507-SMARTCOOP-Rapport-Certification-2017_REV.pdf\">Rapport du r\u00e9viseur d&rsquo;entreprise<\/a><\/li>\n<li><a href=\"https:\/\/smartbe.be\/wordpress\/..\/wp-content\/uploads\/2018\/05\/SMartCoop-Comptes-2017.pdf\">Comptes annuels de SMartCoop &#8211; Exercice 2017<\/a><\/li>\n<li><a href=\"https:\/\/smartbe.be\/wordpress\/..\/wp-content\/uploads\/2018\/05\/Groupe-Smart-R\u00e9sultats-2017.pdf\">R\u00e9sultats consolid\u00e9s du groupe Smart &#8211; Exercice 2017<\/a><\/li>\n<\/ul>\n<h3><\/h3>\n<h3>R\u00e9sultats :<\/h3>\n<ul>\n<li>OUI : 74 %<\/li>\n<li>NON : 3 %<\/li>\n<li>ABSTENTION : 23 %<\/li>\n<\/ul>\n<p><strong>2. Affectation du r\u00e9sultat (<em>Point pour d\u00e9cision)<\/em><\/strong><\/p>\n<p>L\u2019Assembl\u00e9e des soci\u00e9taires constate que le r\u00e9sultat de l&rsquo;ann\u00e9e s&rsquo;\u00e9l\u00e8ve \u00e0 4.739.903 euros avant imp\u00f4t, le r\u00e9sultat distribuable apr\u00e8s imp\u00f4t estim\u00e9 provisoirement \u00e0\u00a03.043.358\u00a0euros.<\/p>\n<p>Au sein de ce r\u00e9sultat il est pr\u00e9cis\u00e9 que le r\u00e9sultat distribuable de la SCRL SMartCoop est de 6.022,04 euros.<\/p>\n<p>L&rsquo;Assembl\u00e9e approuve la proposition du Conseil d\u2019administration d\u2019affecter le r\u00e9sultat de l\u2019exercice de la mani\u00e8re suivante\u00a0: affectation \u00e0 la r\u00e9serve impartageable<\/p>\n<h3><\/h3>\n<h3>R\u00e9sultats :<\/h3>\n<ul>\n<li>OUI : 75 %<\/li>\n<li>NON : 5 %<\/li>\n<li>ABSTENTION : 20 %<\/li>\n<\/ul>\n<p><strong>3. \u00c9tat du soci\u00e9tariat et du capital social (<em>Point pour d\u00e9cision)<\/em><\/strong><\/p>\n<p>Les soci\u00e9taires prennent acte que\u00a0:<\/p>\n<ul>\n<li>le capital social au 31 d\u00e9cembre 2017 s\u2019\u00e9l\u00e8ve \u00e0 709 290 euros soit 23643\n<ul>\n<li>les soci\u00e9taires de cat\u00e9gorie A\u00a0d\u00e9tenant 16114 parts, et 99,57% des droits de vote<\/li>\n<li>les soci\u00e9taires de cat\u00e9gorie B\u00a0d\u00e9tenant 7529 parts, et 0,43% des droits de vote<\/li>\n<\/ul>\n<\/li>\n<li>Compte tenu des r\u00e9sultats de la coop\u00e9rative, la valeur de la part est \u00e9gale \u00e0 sa valeur nominale soit 30 euros.<\/li>\n<\/ul>\n<h3><\/h3>\n<h3>R\u00e9sultats :<\/h3>\n<ul>\n<li>OUI : 83 %<\/li>\n<li>NON : 3 %<\/li>\n<li>ABSTENTION :\u00a014 %<\/li>\n<\/ul>\n<p><strong>4. Retour sur un an de Conseil d\u2019administration (<em>Point pour information)<\/em><\/strong><\/p>\n<p>&nbsp;<\/p>\n<p><strong>5.\u00a0Smart in Progress 2 : retour sur la d\u00e9marche des\u00a0<a href=\"https:\/\/smartbe.be\/fr\/smart-progress\/groupes-de-travail-participatifs-et-multi-societaires\/\">quatre groupes de travail et sur les recommandations formul\u00e9es<\/a>\u00a0(<em>Point pour information)<\/em><\/strong><\/p>\n<p>Le 29 mai 2018, le Conseil d\u2019administration a analys\u00e9 les 34 recommandations.<\/p>\n<p><a href=\"https:\/\/smartbe.be\/wordpress\/..\/wp-content\/uploads\/2018\/06\/Synth\u00e8se-d\u00e9cision-CA-Recommandations-GT-2017-2018-.pdf\">T\u00e9l\u00e9charger la synth\u00e8se de ses d\u00e9cisions<\/a>\u00a0qui seront pr\u00e9sent\u00e9es\u00a0\u00e0 l\u2019Assembl\u00e9e g\u00e9n\u00e9rale.<\/p>\n<h3><\/h3>\n<h3><strong>6. Chantiers coop\u00e9ratifs \u00ab\u00a0SmartInProgress # 3\u00a0\u00bb (<em>Point pour discussion et d\u00e9cision)<\/em><\/strong><\/h3>\n<p>Les soci\u00e9taires, apr\u00e8s avoir pris connaissance des propositions de trois nouveaux chantiers de travail dans le cadre de la d\u00e9marche participative \u00ab\u00a0SMartInProgress\u00a03 \u00bb, approuvent le lancement de ces chantiers.<\/p>\n<ol>\n<li>Acheter moins cher mais pas que ! Comment profiter de la force du nombre pour mutualiser nos achats dans un cadre \u00e9co-responsable ?<\/li>\n<li>Mesurer l\u2019impact social de Smart, est-ce possible ? Quels sont les crit\u00e8res et les indicateurs les plus pertinents en rapport avec notre but social ?<\/li>\n<li>Travailler pour soi mais r\u00e9ussir ensemble ! Comment profiter de l\u2019exp\u00e9rience de mes pairs en d\u00e9veloppant mon r\u00e9seau professionnel en lien avec mon m\u00e9tier et ou mon secteur d\u2019activit\u00e9.<\/li>\n<\/ol>\n<h3>R\u00e9sultats :<\/h3>\n<ul>\n<li>OUI : 75 %<\/li>\n<li>NON : 2 %<\/li>\n<li>ABSTENTION : 23 %<\/li>\n<\/ul>\n<p>&nbsp;<\/p>\n<p><strong>Des questions?<\/strong>\u00a0<a href=\"mailto:&#x73;&#x6d;&#x61;&#x72;&#x74;&#x69;&#x6e;&#x70;&#x72;&#x6f;&#x67;&#x72;&#x65;&#x73;&#x73;&#x40;&#x73;&#x6d;&#x61;&#x72;&#x74;&#x2e;&#x63;&#x6f;&#x6f;&#x70;\" target=\"_blank\">&#x73;&#x6d;&#x61;&#x72;&#x74;&#x69;&#x6e;&#x70;&#x72;&#x6f;&#x67;&#x72;&#x65;&#x73;&#x73;&#x40;<span class=\"oe_displaynone\">null<\/span>&#x73;&#x6d;&#x61;&#x72;&#x74;&#x2e;&#x63;&#x6f;&#x6f;&#x70;<\/a><\/p>","protected":false},"excerpt":{"rendered":"<p>Les\u00a0soci\u00e9taires\u00a0sont invit\u00e9s \u00e0 exercer leur\u00a0droit de vote lors de l&rsquo;Assembl\u00e9e g\u00e9n\u00e9rale, retrouvez l&rsquo;ordre du jour 2018 et les r\u00e9sultats des votes&#8230; &nbsp; 1. Comptes et rapport sur l&rsquo;exercice 2017 (Point pour d\u00e9cision) En vue de permettre \u00e0 la gouvernance coop\u00e9rative &hellip;<\/p>\n","protected":false},"author":56,"featured_media":0,"parent":0,"menu_order":0,"comment_status":"closed","ping_status":"closed","template":"","meta":{"footnotes":""},"tags":[],"class_list":["post-23049","page","type-page","status-publish","hentry"],"aioseo_notices":[],"_links":{"self":[{"href":"https:\/\/smartbe.be\/fr\/wp-json\/wp\/v2\/pages\/23049","targetHints":{"allow":["GET"]}}],"collection":[{"href":"https:\/\/smartbe.be\/fr\/wp-json\/wp\/v2\/pages"}],"about":[{"href":"https:\/\/smartbe.be\/fr\/wp-json\/wp\/v2\/types\/page"}],"author":[{"embeddable":true,"href":"https:\/\/smartbe.be\/fr\/wp-json\/wp\/v2\/users\/56"}],"replies":[{"embeddable":true,"href":"https:\/\/smartbe.be\/fr\/wp-json\/wp\/v2\/comments?post=23049"}],"version-history":[{"count":27,"href":"https:\/\/smartbe.be\/fr\/wp-json\/wp\/v2\/pages\/23049\/revisions"}],"predecessor-version":[{"id":23936,"href":"https:\/\/smartbe.be\/fr\/wp-json\/wp\/v2\/pages\/23049\/revisions\/23936"}],"wp:attachment":[{"href":"https:\/\/smartbe.be\/fr\/wp-json\/wp\/v2\/media?parent=23049"}],"wp:term":[{"taxonomy":"post_tag","embeddable":true,"href":"https:\/\/smartbe.be\/fr\/wp-json\/wp\/v2\/tags?post=23049"}],"curies":[{"name":"wp","href":"https:\/\/api.w.org\/{rel}","templated":true}]}}