
{"id":21108,"date":"2017-10-03T10:25:32","date_gmt":"2017-10-03T09:25:32","guid":{"rendered":"http:\/\/smartbe.be\/?page_id=21108\/"},"modified":"2018-04-24T21:21:20","modified_gmt":"2018-04-24T20:21:20","slug":"ressources-et-contributions","status":"publish","type":"page","link":"https:\/\/smartbe.be\/fr\/ressources-et-contributions\/","title":{"rendered":"Ressources et contributions"},"content":{"rendered":"<p>Retrouvez les ressources et contributions li\u00e9es aux <a href=\"https:\/\/smartbe.be\/fr\/smart-progress\/groupes-de-travail-participatifs-et-multi-societaires\/\">4 groupes de travail<\/a>\u00a0:<\/p>\n<p>&nbsp;<\/p>\n<h2 id=\"COMITEETHIQUE\">Comit\u00e9 \u00e9thique<\/h2>\n<p>Les valeurs qui existent d\u00e9j\u00e0 au sein de Smart :<\/p>\n<ul>\n<li>La charte\u00a0de Smart (<a href=\"https:\/\/smartbe.be\/wp-content\/uploads\/2017\/01\/Statuts-Smart-Coop-FR.pdf\">page 4 en pr\u00e9ambule des statuts de Smart coop<\/a>)<\/li>\n<li><a href=\"https:\/\/ica.coop\/fr\/node\/10584\">L\u2019identit\u00e9, les valeurs et les principes de l\u2019Alliance internationale des coop\u00e9ratives<\/a><\/li>\n<\/ul>\n<p>D\u2019autres exemples de comit\u00e9s :<\/p>\n<ul>\n<li><a href=\"http:\/\/www.coopaname.coop\/actualite\/democratie-coopanamienne-se-sophistique\">Comit\u00e9 \u00e9thique de Coopaname<\/a> (FR)<\/li>\n<li><a href=\"http:\/\/www.credal.be\/sites\/all\/files\/documents\/credal\/CREDAL\/roi_2016.pdf\">Groupe garant de Cr\u00e9dal<\/a> (art. 5, page 4)<\/li>\n<li><a href=\"https:\/\/www.health.belgium.be\/fr\/qui-sommes-nous-0\">Comit\u00e9 consultatif bio\u00e9thique de Belgique<\/a><\/li>\n<\/ul>\n<p>Quelques\u00a0conseils sur la question de l&rsquo;\u00e9thique dans les secteurs professionnels :<\/p>\n<ul>\n<li><a href=\"http:\/\/www.sensemaking.fr\/Comment-organiser-un-Comite-ethique-dans-les-reseaux_a189.html\">Comment organiser un Comit\u00e9 \u00e9thique dans les r\u00e9seaux?<\/a>\u00a0par SenseMaking<\/li>\n<li>Recommandations de bonnes pratiques professionnelles :\u00a0<a href=\"http:\/\/www.erebfc.fr\/userfiles\/files\/reco_ethique_anesm_.pdf\">Le questionnement \u00e9thique dans les \u00e9tablissements et services sociaux et m\u00e9dico-sociaux<\/a>, par l&rsquo;<a href=\"http:\/\/www.anesm.sante.gouv.fr\/\">Anesm<\/a>, 2010<\/li>\n<li><a href=\"http:\/\/www.erebfc.fr\/userfiles\/files\/SynthA_se_rapport_Observatoire_ERER_IDF.pdf\">Etude des d\u00e9marches en \u00e9thique du soin\u00a0et de l&rsquo;accompagnement dans les \u00e9tablissements de sant\u00e9 en Ile-de-France<\/a><\/li>\n<\/ul>\n<p>Bibliographie\u00a0:<\/p>\n<ul>\n<li><a href=\"https:\/\/www.puf.com\/content\/La_pens%C3%A9e_%C3%A9thique_contemporaine\"><em>La pens\u00e9e \u00e9thique contemporain<\/em>e, Jacqueline Russet Clotilde Leguilde (P.U.F, Collection: Que sais-je ?, 2012)<\/a><\/li>\n<li><a href=\"https:\/\/fr.wikipedia.org\/wiki\/Agir_dans_un_monde_incertain\"><i>Agir dans un monde incertain. Essai sur la d\u00e9mocratie technique,\u00a0\u00a0<\/i>Michel Callon,\u00a0Pierre Lascoumes\u00a0et\u00a0Yannick Barthe (\u00c9ditions du Seuil, 2001)<\/a><\/li>\n<li><a href=\"https:\/\/www.actes-sud.fr\/catalogue\/pochebabel\/contre-les-elections-babel\"><em>Contre les \u00e9lections,\u00a0<\/em>David Van Reybrouck (Babel, 2014)<\/a>\u00a0(<a href=\"http:\/\/www.dailymotion.com\/video\/x1wotcz\">Interview sur le site de M\u00e9diapar<\/a>t)<\/li>\n<li><em>Manuel de l&rsquo;animateur social<\/em>, Saul Alinsky (Seuil, Points Politiques, 1\u00e8re \u00e9dition 1978)<\/li>\n<\/ul>\n<p>&nbsp;<\/p>\n<h2 id=\"REPRESENTATION\">Repr\u00e9sentation<\/h2>\n<p>Quelques exemples d&rsquo;outils utiles pour des repr\u00e9sentants :<\/p>\n<ul>\n<li><a href=\"http:\/\/www.croix-rouge.be\/volontaires\/boite-a-outils\/documents-institutionnels\/charte-de-la-croix-rouge-de-belgique\/\">La charte de la Croix-Rouge de Belgique<\/a>\u00a0reprend les valeurs, les missions, les principes fondamentaux et les r\u00e8gles de conduite de la structure<\/li>\n<li><a href=\"https:\/\/www.oxfammagasinsdumonde.be\/agir\/devenir-benevole\/charte-doxfam-magasins-du-monde\/#.Wehzq1u0PAV\">La charte d&rsquo;Oxfam-Magasins du monde<\/a>\u00a0d\u00e9taille les valeurs et l&rsquo;engagement du mouvement envers ses membres<\/li>\n<\/ul>\n<p>Interview<\/p>\n<ul>\n<li><a href=\"https:\/\/smartbe.be\/wp-content\/uploads\/2017\/10\/Marc-Moura-1.pdf\">Marc Moura\u00a0de DynamoCoop : \u00ab\u00a0La repr\u00e9sentation, c&rsquo;est personnaliser une structure\u00a0\u00bb<\/a><\/li>\n<\/ul>\n<p>&nbsp;<\/p>\n<h2 id=\"TRANSPARENCEECONOMIQUE\">Transparence \u00e9conomique<\/h2>\n<p>Les ressources li\u00e9es au projet Smart :<\/p>\n<ul>\n<li><a href=\"https:\/\/smartbe.be\/wp-content\/uploads\/2017\/06\/20170620_Powerpoint-AG-Ordinaire-ple%CC%81naire-16-9.pdf\">Le rapport financier 2016 pr\u00e9sent\u00e9 \u00e0 l&rsquo;Assembl\u00e9e g\u00e9n\u00e9rale en 2017<\/a> (pages 10-14)<\/li>\n<li><a href=\"https:\/\/www.facebook.com\/pg\/SMartBeFR\/videos\/\">La vid\u00e9o de la pr\u00e9sentation du rapport financier \u00e0 l&rsquo;Assembl\u00e9e g\u00e9n\u00e9rale en 2017<\/a> (d\u00e9marre \u00e0 33 min 35 secondes)<\/li>\n<li><a href=\"https:\/\/smartbe.be\/wp-content\/uploads\/2017\/10\/Les-chiffres-Smart-pour-les-nuls-AG-2017.pdf\">Le\u00a0module \u00ab\u00a0Les chiffres Smart pour les nuls\u00a0\u00bb pr\u00e9sent\u00e9 lors de l&rsquo;Assembl\u00e9e g\u00e9n\u00e9rale en 2017<\/a><\/li>\n<li><a href=\"http:\/\/blog.smartbe.be\/IMG\/pdf\/smart_in_progress_recommandations_fr_sans_bords-2.pdf\">Les recommandations du groupe de travail \u00ab\u00a0Mutualiste, redistributif, solidaire: un mod\u00e8le \u00e9conomique viable?\u00a0\u00bb<\/a> (2015-2016) (pages 61-78)<\/li>\n<\/ul>\n<p>Quelques sources d&rsquo;inspiration en terme de transparence :<\/p>\n<ul>\n<li>Les <a href=\"http:\/\/bees-coop.be\/le-supermarche\/valeurs-et-missions\/\">valeurs et missions<\/a> BEES coop\u00a0(COOP\u00e9rative Bruxelloise, Ecologique, Economique et Sociale)<\/li>\n<li>Les\u00a0<a href=\"https:\/\/www.newb.coop\/sites\/default\/files\/attachments\/statuts_de_newb-_juin_2017.pdf\">statuts<\/a>\u00a0de <a href=\"https:\/\/www.newb.coop\/fr\">NewB<\/a>. La transparence est inscrite dans l&rsquo;Objet social (Art. 3, pages 3-4)<\/li>\n<li>Les\u00a0<a href=\"https:\/\/www.triodos.be\/fr\/la-banque-triodos\/qui-sommes-nous\/mission\/nos-valeurs\/\">valeurs<\/a>\u00a0de la banque Triodos parmi lesquelles on retrouve la transparence. A lire aussi, leur approche concernant <a href=\"https:\/\/www.triodos.be\/fr\/la-banque-triodos\/ce-que-nous-faisons\/strategie-isr\/pourquoi-l-investissement-socialement-responsable1\/\">l&rsquo;investissement\u00a0socialement responsable<\/a><\/li>\n<\/ul>\n<p>Quelques exemples de rapports annuels :<\/p>\n<ul>\n<li>Chez Credal, on peut avoir acc\u00e8s aux <em><a href=\"http:\/\/www.credal.be\/node\/393\">rapport annuels<\/a>\u00a0<\/em>ainsi qu&rsquo;\u00e0 des publications trimestrielles, les\u00a0<em><a href=\"http:\/\/www.credal.be\/node\/392\">Credialogues<\/a><\/em><\/li>\n<li><a href=\"https:\/\/www.economie.gouv.qc.ca\/objectifs\/informer\/cooperatives\/page\/apercu-20786\/?no_cache=1&amp;tx_igaffichagepages_pi1%5BbackPid%5D=68&amp;tx_igaffichagepages_pi1%5BcurrentCat%5D=&amp;tx_igaffichagepages_pi1%5Bmode%5D=single&amp;tx_igaffichagepages_pi1%5BparentPid%5D=10687&amp;cHash=d8dc205e20061d9ec362c612b2aa2474\">Les conseils du Minist\u00e8re de l&rsquo;Economie, de la Science et de l&rsquo;Innovation aux\u00a0coop\u00e9ratives qu\u00e9b\u00e9coises<\/a>\u00a0(rapport annuel, droit \u00e0 l\u2019information des membres, etc.)<\/li>\n<li>Le\u00a0<a href=\"http:\/\/vitensjaarverslag.nl\/2016\/wp-content\/uploads\/2017\/06\/20170621%20Vitens%202016%20Annual%20Report.pdf\">rapport financier<\/a>\u00a0(EN) de\u00a0<a href=\"https:\/\/2016.vitensjaarverslag.nl\/\">Vitens <\/a>(entreprise distributrice d\u2019eau au Pays-Bas).\u00a0 Retrouvez les informations sur les finances en pages 97 \u00e0 151<\/li>\n<\/ul>\n<p>&nbsp;<\/p>\n<h2 id=\"OUTILSINFORMATIQUES\">Outils informatiques<\/h2>\n<p>Quelques ressources sur l&rsquo;UX (exp\u00e9rience utilisateur)<\/p>\n<ul>\n<li><a href=\"https:\/\/www.youtube.com\/watch?v=JiFgGOmb-iI&amp;list=PLqGe-TG4UU7d9_KlHtIKopZsx3qL5-3nm&amp;index=2\">Une mini-web s\u00e9rie sur l&rsquo;UX<\/a> propos\u00e9e par <a href=\"http:\/\/www.novius.com\/\">Novius<\/a>\u00a0(8 \u00e9pisodes)<\/li>\n<li><a href=\"https:\/\/www.youtube.com\/watch?v=F5W039rSiQY\">Les dangers de l&rsquo;UX<\/a> vu par <a href=\"http:\/\/www.julienchampagne.fr\/\">Julien Champagne<\/a><\/li>\n<li><a href=\"https:\/\/www.nngroup.com\/reports\/\">Les rapports du Nielsen Norman Group<\/a> (EN)<\/li>\n<li><a href=\"https:\/\/smartbe.be\/wp-content\/uploads\/2017\/10\/Smart_light_v2_DEHONbis.pdf\">La pr\u00e9sentation d&rsquo;Alexandre Dehon au groupe de travail<\/a> (15.11.2017)<\/li>\n<li><a href=\"https:\/\/fr.slideshare.net\/Carine_Lallemand\/evaluation-de-lexprience-utilisateur\">L&rsquo;\u00e9valuation de l&rsquo;exp\u00e9rience utilisateur par Carine Lallemand<\/a> (2014)<\/li>\n<li><a href=\"https:\/\/www.theteamw.com\/?\">Le site de The Team W<\/a> (EN)<\/li>\n<\/ul>\n<p>T\u00e9moignages :<\/p>\n<ul>\n<li>L&rsquo;article \u00ab\u00a0Coop\u00e9rer \u00e0 distance : logiciels libres, cam\u00e9ra open-source\u00a0\u00bb partage l&rsquo;exp\u00e9rience de <a href=\"https:\/\/www.apertus.org\/fr\/fr\">Apertus<\/a>\u00a0(<a href=\"http:\/\/www.saw-b.be\/spip\/IMG\/pdf\/etude_sawb_2016.pdf\">pages 18-23 de l&rsquo;\u00e9tude de SAW-B \u00ab\u00a0Et si nous coop\u00e9rions?\u00a0\u00bb<\/a>)<\/li>\n<\/ul>\n<p>Bibliographie<\/p>\n<ul>\n<li><em>Design \u00e9motionnel<\/em>, Aaron Walter, coll. A book apart (n\u00b05), \u00e9d. Eyrolles, 2011 (<a href=\"https:\/\/www.eyrolles.com\/Informatique\/Livre\/design-emotionnel-9782212133981\">infos<\/a>)<\/li>\n<li><em>M\u00e9thodes de design UX<\/em>, Carine Lallemand &amp; Guillaume Gronier, \u00e9d Eyrolles, 2015 (<a href=\"https:\/\/www.eyrolles.com\/Informatique\/Livre\/methodes-de-design-ux-9782212141436\">infos<\/a>)<\/li>\n<li><em>100 Things Every Designer Needs to Know about People<\/em>,\u00a0Susan M. Weinschenk, GoodReads, 2011 (<a href=\"https:\/\/www.goodreads.com\/book\/show\/10778139-100-things-every-designer-needs-to-know-about-people\">infos<\/a>)<\/li>\n<\/ul>\n<p>&nbsp;<\/p>","protected":false},"excerpt":{"rendered":"<p>Retrouvez les ressources et contributions li\u00e9es aux 4 groupes de travail\u00a0: &nbsp; Comit\u00e9 \u00e9thique Les valeurs qui existent d\u00e9j\u00e0 au sein de Smart : La charte\u00a0de Smart (page 4 en pr\u00e9ambule des statuts de Smart coop) L\u2019identit\u00e9, les valeurs et &hellip;<\/p>\n","protected":false},"author":21,"featured_media":0,"parent":0,"menu_order":0,"comment_status":"closed","ping_status":"closed","template":"","meta":{"footnotes":""},"tags":[],"class_list":["post-21108","page","type-page","status-publish","hentry"],"aioseo_notices":[],"_links":{"self":[{"href":"https:\/\/smartbe.be\/fr\/wp-json\/wp\/v2\/pages\/21108","targetHints":{"allow":["GET"]}}],"collection":[{"href":"https:\/\/smartbe.be\/fr\/wp-json\/wp\/v2\/pages"}],"about":[{"href":"https:\/\/smartbe.be\/fr\/wp-json\/wp\/v2\/types\/page"}],"author":[{"embeddable":true,"href":"https:\/\/smartbe.be\/fr\/wp-json\/wp\/v2\/users\/21"}],"replies":[{"embeddable":true,"href":"https:\/\/smartbe.be\/fr\/wp-json\/wp\/v2\/comments?post=21108"}],"version-history":[{"count":33,"href":"https:\/\/smartbe.be\/fr\/wp-json\/wp\/v2\/pages\/21108\/revisions"}],"predecessor-version":[{"id":22851,"href":"https:\/\/smartbe.be\/fr\/wp-json\/wp\/v2\/pages\/21108\/revisions\/22851"}],"wp:attachment":[{"href":"https:\/\/smartbe.be\/fr\/wp-json\/wp\/v2\/media?parent=21108"}],"wp:term":[{"taxonomy":"post_tag","embeddable":true,"href":"https:\/\/smartbe.be\/fr\/wp-json\/wp\/v2\/tags?post=21108"}],"curies":[{"name":"wp","href":"https:\/\/api.w.org\/{rel}","templated":true}]}}