
{"id":20171,"date":"2017-07-20T09:36:25","date_gmt":"2017-07-20T08:36:25","guid":{"rendered":"http:\/\/smartbe.be\/?page_id=20171\/"},"modified":"2017-07-20T09:49:22","modified_gmt":"2017-07-20T08:49:22","slug":"programme-de-lassemblee-generale-2015","status":"publish","type":"page","link":"https:\/\/smartbe.be\/fr\/la-cooperative-2\/les-archives-de-la-cooperative\/programme-de-lassemblee-generale-2015\/","title":{"rendered":"Programme de l\u2019Assembl\u00e9e g\u00e9n\u00e9rale 2015"},"content":{"rendered":"","protected":false},"excerpt":{"rendered":"","protected":false},"author":53,"featured_media":0,"parent":20165,"menu_order":0,"comment_status":"closed","ping_status":"closed","template":"","meta":{"footnotes":""},"tags":[],"class_list":["post-20171","page","type-page","status-publish","hentry"],"aioseo_notices":[],"_links":{"self":[{"href":"https:\/\/smartbe.be\/fr\/wp-json\/wp\/v2\/pages\/20171","targetHints":{"allow":["GET"]}}],"collection":[{"href":"https:\/\/smartbe.be\/fr\/wp-json\/wp\/v2\/pages"}],"about":[{"href":"https:\/\/smartbe.be\/fr\/wp-json\/wp\/v2\/types\/page"}],"author":[{"embeddable":true,"href":"https:\/\/smartbe.be\/fr\/wp-json\/wp\/v2\/users\/53"}],"replies":[{"embeddable":true,"href":"https:\/\/smartbe.be\/fr\/wp-json\/wp\/v2\/comments?post=20171"}],"version-history":[{"count":1,"href":"https:\/\/smartbe.be\/fr\/wp-json\/wp\/v2\/pages\/20171\/revisions"}],"predecessor-version":[{"id":20172,"href":"https:\/\/smartbe.be\/fr\/wp-json\/wp\/v2\/pages\/20171\/revisions\/20172"}],"up":[{"embeddable":true,"href":"https:\/\/smartbe.be\/fr\/wp-json\/wp\/v2\/pages\/20165"}],"wp:attachment":[{"href":"https:\/\/smartbe.be\/fr\/wp-json\/wp\/v2\/media?parent=20171"}],"wp:term":[{"taxonomy":"post_tag","embeddable":true,"href":"https:\/\/smartbe.be\/fr\/wp-json\/wp\/v2\/tags?post=20171"}],"curies":[{"name":"wp","href":"https:\/\/api.w.org\/{rel}","templated":true}]}}