
{"id":20168,"date":"2017-07-20T09:34:54","date_gmt":"2017-07-20T08:34:54","guid":{"rendered":"http:\/\/smartbe.be\/?page_id=20168\/"},"modified":"2019-12-02T11:49:06","modified_gmt":"2019-12-02T10:49:06","slug":"6-mois-de-debats-2015-2016","status":"publish","type":"page","link":"https:\/\/smartbe.be\/fr\/la-cooperative-2\/les-archives-de-la-cooperative\/6-mois-de-debats-2015-2016\/","title":{"rendered":"6 mois de d\u00e9bats (2015-2016)"},"content":{"rendered":"<p>Entre\u00a0<strong>octobre 2015 et avril 2016<\/strong>, plus de 1000 personnes ont particip\u00e9 aux d\u00e9bats autour de\u00a0<strong>notre futur mode de gouvernance<\/strong>, l\u2019indispensable\u00a0<strong>nouveau mod\u00e8le \u00e9conomique<\/strong>\u00a0qui assurera la p\u00e9rennit\u00e9 de l\u2019entreprise, le nouveau\u00a0<strong>public d\u2019utilisateurs<\/strong>\u00a0auquel nous nous adresserons autour de la base historique des m\u00e9tiers de la cr\u00e9ation\u00a0et les\u00a0<strong>nouveaux<\/strong>\u00a0<strong>outils<\/strong>\u00a0\u00e0 mettre \u00e0 disposition de nos utilisateurs.<strong>\u00a0<\/strong><\/p>\n<p><strong>Quatre formes de participation \u00e9taient propos\u00e9es:<\/strong><\/p>\n<p>Encadr\u00e9s par des membres du Conseil d\u2019Administration et des employ\u00e9s de Smart, les participants ont livr\u00e9\u00a0des\u00a0recommandations\u00a0aux instances dirigeantes de Smart, dans un cadre d\u00e9fini en amont.<\/p>\n<p>&nbsp;<\/p>\n<ul>\n<li>Les workshops<\/li>\n<\/ul>\n<p>Pr\u00e8s de 6O personnes, engag\u00e9es sur le long terme, se sont r\u00e9unies autour des th\u00e9matiques suivantes :<\/p>\n<p>\u00ab\u00a0Devenir une coop\u00e9rative : pour qui et avec qui ? \u00bb<\/p>\n<p>\u00ab\u00a0Mutualiste, redistributif, solidaire\u00a0: un mod\u00e8le \u00e9conomique viable\u00a0?\u00a0\u00bb<\/p>\n<p>\u00ab\u00a0Cr\u00e9er et d\u00e9velopper son activit\u00e9\u00a0: comment\u00a0? Avec quels outils\u00a0?\u00a0\u00bb<\/p>\n<p>\u00ab\u00a0Une entreprise partag\u00e9e et participative, est-ce bien r\u00e9aliste\u00a0?\u00a0\u00bb.<\/p>\n<p>&nbsp;<\/p>\n<ul>\n<li>Le blog<\/li>\n<\/ul>\n<p>Destin\u00e9 \u00e0 h\u00e9berger les <strong>pv\u00a0des r\u00e9unions des groupes de travail <\/strong>ainsi que leurs<strong> retours d&rsquo;exp\u00e9rience<\/strong>, le blog a permis \u00e9galement de compiler <strong>diff\u00e9rentes sources documentaires<\/strong>\u00a0ainsi que des <strong>comptes-rendus<\/strong> de rencontres (SMall talks). On y retrouve \u00e9galement des <strong>interviews et textes compil\u00e9s<\/strong> dans les writings.<\/p>\n<p>&nbsp;<\/p>\n<ul>\n<li>Les writings<\/li>\n<\/ul>\n<p>Afin d\u2019<strong>\u00e9largir notre cadre de r\u00e9flexion au-del\u00e0 des probl\u00e9matiques propres \u00e0 Smart<\/strong>, nous avons sollicit\u00e9 des\u00a0<strong>contributions \u00e9crites originales<\/strong>. En relation avec notre travail d&rsquo;<a href=\"https:\/\/smartbe.be\/fr\/services\/education-permanente\/\">Education permanente<\/a>, nous avons command\u00e9 \u00e0 des chercheurs belges, mais aussi fran\u00e7ais et hollandais, des contributions originales. A leurs c\u00f4t\u00e9s, nous avons rassembl\u00e9 des prises de position issues de la soci\u00e9t\u00e9 civile, du monde politique, associatif ou syndical, ainsi que des t\u00e9moignages relatifs \u00e0 des entreprises coop\u00e9ratives. Nous avons enfin interrog\u00e9 de nombreux membres sur la mani\u00e8re dont ils appr\u00e9hendaient le processus. Ces textes, syst\u00e9matiquement traduits en n\u00e9erlandais ou en fran\u00e7ais, ont \u00e9t\u00e9 publi\u00e9s semaine apr\u00e8s semaine sur notre site. Ils ont \u00e9t\u00e9 rassembl\u00e9s par la suite dans une brochure,\u00a0<em>Le devenir coop\u00e9ratif. Contributions \u00e0 une r\u00e9flexion collective<\/em>, que Michel Bauwens a pr\u00e9fac\u00e9 et qui a \u00e9t\u00e9 largement distribu\u00e9e lors de notre Assembl\u00e9e g\u00e9n\u00e9rale en 2016.<\/p>\n<p>&nbsp;<\/p>\n<ul>\n<li>Les SMall talks<\/li>\n<\/ul>\n<p>Organis\u00e9s <strong>en parall\u00e8le<\/strong> et <strong>en compl\u00e9ment<\/strong> des groupes de travail, les SMall talks ont permis \u00e0 un <strong>public large<\/strong> de d\u00e9couvrir les enjeux de la coop\u00e9rative et les questions en cours sur les th\u00e9matiques des 4 workshops. Ces moments pr\u00e9cieux ont permis au public de Smart (utilisateur, employ\u00e9s permanents, donneurs d&rsquo;ordre, partenaires) de se rencontrer et d&rsquo;\u00e9changer.<\/p>","protected":false},"excerpt":{"rendered":"<p>Entre\u00a0octobre 2015 et avril 2016, plus de 1000 personnes ont particip\u00e9 aux d\u00e9bats autour de\u00a0notre futur mode de gouvernance, l\u2019indispensable\u00a0nouveau mod\u00e8le \u00e9conomique\u00a0qui assurera la p\u00e9rennit\u00e9 de l\u2019entreprise, le nouveau\u00a0public d\u2019utilisateurs\u00a0auquel nous nous adresserons autour de la base historique des m\u00e9tiers &hellip;<\/p>\n","protected":false},"author":53,"featured_media":0,"parent":20165,"menu_order":0,"comment_status":"closed","ping_status":"closed","template":"","meta":{"footnotes":""},"tags":[],"class_list":["post-20168","page","type-page","status-publish","hentry"],"aioseo_notices":[],"_links":{"self":[{"href":"https:\/\/smartbe.be\/fr\/wp-json\/wp\/v2\/pages\/20168","targetHints":{"allow":["GET"]}}],"collection":[{"href":"https:\/\/smartbe.be\/fr\/wp-json\/wp\/v2\/pages"}],"about":[{"href":"https:\/\/smartbe.be\/fr\/wp-json\/wp\/v2\/types\/page"}],"author":[{"embeddable":true,"href":"https:\/\/smartbe.be\/fr\/wp-json\/wp\/v2\/users\/53"}],"replies":[{"embeddable":true,"href":"https:\/\/smartbe.be\/fr\/wp-json\/wp\/v2\/comments?post=20168"}],"version-history":[{"count":14,"href":"https:\/\/smartbe.be\/fr\/wp-json\/wp\/v2\/pages\/20168\/revisions"}],"predecessor-version":[{"id":29065,"href":"https:\/\/smartbe.be\/fr\/wp-json\/wp\/v2\/pages\/20168\/revisions\/29065"}],"up":[{"embeddable":true,"href":"https:\/\/smartbe.be\/fr\/wp-json\/wp\/v2\/pages\/20165"}],"wp:attachment":[{"href":"https:\/\/smartbe.be\/fr\/wp-json\/wp\/v2\/media?parent=20168"}],"wp:term":[{"taxonomy":"post_tag","embeddable":true,"href":"https:\/\/smartbe.be\/fr\/wp-json\/wp\/v2\/tags?post=20168"}],"curies":[{"name":"wp","href":"https:\/\/api.w.org\/{rel}","templated":true}]}}