
{"id":19718,"date":"2017-06-12T10:11:50","date_gmt":"2017-06-12T09:11:50","guid":{"rendered":"http:\/\/smartbe.be\/?page_id=19718\/"},"modified":"2025-11-27T10:16:16","modified_gmt":"2025-11-27T09:16:16","slug":"assemblee-generale-ordinaire-2017","status":"publish","type":"page","link":"https:\/\/smartbe.be\/fr\/la-cooperative-2\/assemblee-generale-ordinaire-2017\/","title":{"rendered":"Assembl\u00e9e g\u00e9n\u00e9rale 2017"},"content":{"rendered":"<h3><\/h3>\n<h1>Ordre du jour<\/h1>\n<ul>\n<li>Accueil<\/li>\n<li>Pr\u00e9sentation du rapport d&rsquo;activit\u00e9s &amp; perspectives<\/li>\n<li>Pr\u00e9sentation des comptes et bilans<\/li>\n<li>Pr\u00e9sentation des 4 groupes de travail<\/li>\n<li>Pr\u00e9sentation de la proc\u00e9dure d&rsquo;\u00e9lection du conseil d&rsquo;administration<\/li>\n<li>Cl\u00f4ture des votes<\/li>\n<li>R\u00e9sultats des votes<\/li>\n<li>Pr\u00e9sentation du Conseil d&rsquo;administration de la Coop\u00e9rative<\/li>\n<li>Divers<\/li>\n<\/ul>\n<p><a href=\"https:\/\/smartbe.be\/wp-content\/uploads\/2017\/06\/20170620_Powerpoint-AG-Ordinaire-ple%CC%81naire-16-9.pdf\">D\u00e9couvrez la pr\u00e9sentation d\u00e9taill\u00e9e<\/a><\/p>\n<p><a href=\"https:\/\/www.facebook.com\/pg\/SMartBeFR\/videos\/\">Retrouvez\u00a0l&rsquo;int\u00e9gralit\u00e9 de l&rsquo;Assembl\u00e9e g\u00e9n\u00e9rale<\/a>\u00a0(video)<\/p>\n<h1>Le vote a port\u00e9 sur :<\/h1>\n<h2><strong>POINT 1. APPROBATION DES COMPTES CONSOLIDES 2016 DU GROUPE (BILAN ET COMPTE DE RESULTATS)<\/strong><\/h2>\n<p>En vue de permettre \u00e0 la nouvelle gouvernance coop\u00e9rative de veiller \u00e0 la bonne ex\u00e9cution des r\u00e8gles de gestion du groupe Smart, le conseil d\u2019administration propose \u00e0 l\u2019assembl\u00e9e g\u00e9n\u00e9rale des soci\u00e9taires d\u2019approuver les comptes consolid\u00e9s du groupe. Ainsi, bien que les obligations d\u00e9claratives l\u00e9gales se limitent \u00e0 l\u2019entit\u00e9 concern\u00e9e (la coop\u00e9rative), le conseil d\u2019administration a choisi de pr\u00e9senter les comptes consolid\u00e9s de tout le groupe.<\/p>\n<ul>\n<li><a href=\"https:\/\/smartbe.be\/wp-content\/uploads\/2015\/08\/20170614-bilan.pdf\" target=\"_blank\" rel=\"noopener noreferrer\">Consultez le bilan 2016<\/a><\/li>\n<li><a href=\"https:\/\/smartbe.be\/wp-content\/uploads\/2015\/08\/Pages-de-rapport-dactivite-2016-FR-_DEF_20-23.pdf\" target=\"_blank\" rel=\"noopener noreferrer\">Consultez le compte de r\u00e9sultat<\/a><a href=\"https:\/\/smartbe.be\/wp-content\/uploads\/2015\/08\/Pages-de-rapport-dactivite-2016-FR-_DEF_20-23.pdf\" target=\"_blank\" rel=\"noopener noreferrer\">\u00a02016<\/a><\/li>\n<\/ul>\n<p><u>R\u00e9solution 1 soumise au vote<\/u>\u00a0: l<em>\u2019assembl\u00e9e g\u00e9n\u00e9rale des soci\u00e9taires, apr\u00e8s avoir pris connaissance des comptes et entendu lecture du rapport du r\u00e9viseur, approuve les comptes de l&rsquo;exercice social clos au 31 d\u00e9cembre 2016 et<\/em> <em>donne d\u00e9charge \u00e0 chacun des administrateurs pour l&rsquo;exercice de leur mandat durant cet exercice.<\/em><\/p>\n<h3>R\u00e9sultats :<\/h3>\n<ul>\n<li>OUI : 79%<\/li>\n<li>NON : 1%<\/li>\n<li>ABSTENTION : 20 %<\/li>\n<\/ul>\n<p>&nbsp;<\/p>\n<h2><strong>POINT 2. APPROBATION DU RAPPORT D\u2019ACTIVITES 2016<\/strong><\/h2>\n<p>En vue d\u2019assurer la bonne information des soci\u00e9taires sur les activit\u00e9s du groupe Smart durant l\u2019ann\u00e9e 2016, le conseil d\u2019administration propose \u00e0 l\u2019assembl\u00e9e g\u00e9n\u00e9rale des soci\u00e9taires d\u2019approuver le rapport d\u2019activit\u00e9s 2016 (perspectives 2017).<\/p>\n<ul>\n<li><a href=\"https:\/\/smartbe.be\/wp-content\/uploads\/2017\/06\/rapport-dactivite-2016-FR-_DEF.pdf\">Lisez le rapport d&rsquo;activit\u00e9s 2016<\/a><\/li>\n<\/ul>\n<p><u>R\u00e9solution 2 soumise au vote<\/u>\u00a0: l<em>\u2019assembl\u00e9e g\u00e9n\u00e9rale des soci\u00e9taires, apr\u00e8s avoir pris connaissance du rapport d\u2019activit\u00e9s 2016 (perspectives 2017), d\u00e9cide d\u2019approuver son contenu.<\/em><\/p>\n<h3>R\u00e9sultats :<\/h3>\n<ul>\n<li>OUI : 83%<\/li>\n<li>NON : 1%<\/li>\n<li>ABSTENTION : 16 %<\/li>\n<\/ul>\n<p>&nbsp;<\/p>\n<h2><strong>POINT 3. APPROBATION DE LA CREATION DES 4 GROUPES DE TRAVAIL ET DE LA METHODE<\/strong><\/h2>\n<p>Dans une logique de continuit\u00e9 des travaux sur la red\u00e9finition globale du projet Smart entam\u00e9s en 2015 dans le cadre du processus <em>Smart in progress<\/em>, et comme demand\u00e9 par les participants dans leurs recommandations, le conseil d\u2019administration propose \u00e0 l\u2019assembl\u00e9e g\u00e9n\u00e9rale des soci\u00e9taires d\u2019approuver la constitution de 4 groupes de travail participatifs et multi-soci\u00e9taires (compos\u00e9s d\u2019utilisateurs du service, d\u2019employ\u00e9s permanents, de partenaires et de clients) sur les th\u00e9matiques suivantes, en filiation avec les th\u00e9matiques des premiers workshops de 2015-2016\u00a0:<\/p>\n<ul>\n<li>un <strong><u>comit\u00e9 \u00e9thique\u00a0<\/u><\/strong>: pour quoi faire, avec qui et avec quelle l\u00e9gitimit\u00e9 ?<br \/>\n(contact : <strong>Sarah De Heusch<\/strong> &#8211; <a href=\"mailto:&#x72;&#x69;&#x73;&#x40;&#x73;&#x6d;&#x61;&#x72;&#x74;&#x2e;&#x63;&#x6f;&#x6f;&#x70;\">&#x72;&#x69;&#x73;&#x40;<span class=\"oe_displaynone\">null<\/span>&#x73;&#x6d;&#x61;&#x72;&#x74;&#x2e;&#x63;&#x6f;&#x6f;&#x70;<\/a>)<\/li>\n<li>un outil de <strong><u>transparence \u00e9conomique et financi\u00e8re<\/u><\/strong> : comment rendre l\u2019information fiable, simple et compr\u00e9hensible par tous ?<br \/>\n(contact : <strong>Nicolas Wallet<\/strong> &#8211; <a href=\"mailto:&#x77;&#x61;&#x6e;&#x40;&#x73;&#x6d;&#x61;&#x72;&#x74;&#x2e;&#x63;&#x6f;&#x6f;&#x70;\">&#x77;&#x61;&#x6e;&#x40;<span class=\"oe_displaynone\">null<\/span>&#x73;&#x6d;&#x61;&#x72;&#x74;&#x2e;&#x63;&#x6f;&#x6f;&#x70;<\/a>)<\/li>\n<li>la <strong><u>repr\u00e9sentation de Smart<\/u><\/strong> : quoi de mieux que de se reposer sur nos soci\u00e9taires ? Comment choisir nos futurs porte-paroles, de quelle formation ont-ils besoin, comment animer et organiser leur travail ?<br \/>\n(contact : <strong>Olivier Desclez<\/strong> &#8211; <a href=\"mailto:&#x64;&#x65;&#x6f;&#x40;&#x73;&#x6d;&#x61;&#x72;&#x74;&#x2e;&#x63;&#x6f;&#x6f;&#x70;\">&#x64;&#x65;&#x6f;&#x40;<span class=\"oe_displaynone\">null<\/span>&#x73;&#x6d;&#x61;&#x72;&#x74;&#x2e;&#x63;&#x6f;&#x6f;&#x70;<\/a>)<\/li>\n<li>la participation de nos utilisateurs \u00e0 <strong><u>l\u2019am\u00e9lioration de nos outils informatiques<\/u><\/strong> et \u00e0 la conception de nos futures applications : quels sont les espaces de dialogues \u00e0 inventer et \u00e0 organiser?<br \/>\n(contact : <strong>Stefano Vicenzi<\/strong> &#8211; <a href=\"mailto:&#x73;&#x7a;&#x69;&#x40;&#x73;&#x6d;&#x61;&#x72;&#x74;&#x2e;&#x63;&#x6f;&#x6f;&#x70;\">&#x73;&#x7a;&#x69;&#x40;<span class=\"oe_displaynone\">null<\/span>&#x73;&#x6d;&#x61;&#x72;&#x74;&#x2e;&#x63;&#x6f;&#x6f;&#x70;<\/a>)<\/li>\n<\/ul>\n<p><u>R\u00e9solution 3 soumise au vote<\/u>\u00a0: l<em>\u2019assembl\u00e9e g\u00e9n\u00e9rale des soci\u00e9taires approuve la constitution des 4 groupes de travail participatifs (comit\u00e9 \u00e9thique, transparence \u00e9conomique et financi\u00e8re, repr\u00e9sentation de Smart et am\u00e9lioration des outils informatiques) \u00e0 partir de la rentr\u00e9e 2017<\/em>.<\/p>\n<h3>R\u00e9sultats :<\/h3>\n<ul>\n<li>OUI : 93%<\/li>\n<li>NON : 0%<\/li>\n<li>ABSTENTION : 7 %<\/li>\n<\/ul>\n<p>&nbsp;<\/p>\n<h2 id=\"CA\"><strong>POINT 4. ELECTION DU CONSEIL D\u2019ADMINISTRATION<\/strong><\/h2>\n<p>Le conseil d\u2019administration propose \u00e0 l\u2019assembl\u00e9e g\u00e9n\u00e9rale des soci\u00e9taires de proc\u00e9der \u00e0 l\u2019\u00e9lection du nouveau conseil d\u2019administration de SMartCoop.<\/p>\n<h3>R\u00e9sultats :<\/h3>\n<p><strong>Pour la cat\u00e9gorie A<\/strong> (par ordre d\u00e9croissant des suffrages)<\/p>\n<ul>\n<li><a href=\"https:\/\/smartbe.be\/fr\/news\/candidature-ca-2017\/azais\/\">Aza\u00efs Isabelle<\/a><\/li>\n<li><a href=\"https:\/\/smartbe.be\/fr\/news\/candidature-ca-2017\/demilie\/\">Demilie Marielle<\/a><\/li>\n<li><a href=\"https:\/\/smartbe.be\/en\/news\/candidature-ca-2017\/vandendriessche\/\">Vandendriessche Hugo<\/a><\/li>\n<li><a href=\"https:\/\/smartbe.be\/fr\/news\/candidature-ca-2017\/lule\/\">Lul\u00e9 Marie-Laure<\/a><\/li>\n<li><a href=\"https:\/\/smartbe.be\/nl\/news\/candidature-ca-2017\/gommers\/\">Gommers Sarah<\/a><\/li>\n<li><a href=\"https:\/\/smartbe.be\/fr\/news\/candidature-ca-2017\/campoamor\/\">Campoamor Lira<\/a><\/li>\n<li><a href=\"https:\/\/smartbe.be\/fr\/news\/candidature-ca-2017\/bettarini\/\">Bettarini Lapo<\/a><\/li>\n<li><a href=\"https:\/\/smartbe.be\/fr\/news\/candidature-ca-2017\/fourre\/\">Fourr\u00e9 G\u00e9rard<\/a><\/li>\n<li><a href=\"https:\/\/smartbe.be\/fr\/news\/candidature-ca-2017\/delandsheere\/\">Delandsheere Karl<\/a><\/li>\n<li><a href=\"https:\/\/smartbe.be\/fr\/news\/candidature-ca-2017\/dhaenens\/\">D&rsquo;haenens Pierre<\/a><\/li>\n<li><a href=\"https:\/\/smartbe.be\/fr\/news\/candidature-ca-2017\/vandenbulcke\/\">Vandenbulcke Maryl\u00e8ne<\/a><\/li>\n<\/ul>\n<p><strong>Pour la cat\u00e9gorie B<\/strong>\u00a0(par ordre d\u00e9croissant des suffrages)<\/p>\n<ul>\n<li><a href=\"https:\/\/smartbe.be\/fr\/news\/candidature-ca-2017\/graceffa\/\">Graceffa Sandrino (Smart)<\/a><\/li>\n<li><a href=\"https:\/\/smartbe.be\/fr\/news\/candidature-ca-2017\/wirix\/\">Wirix Marie-Fran\u00e7oise<\/a><\/li>\n<li><a href=\"https:\/\/smartbe.be\/fr\/news\/candidature-ca-2017\/blondeel\/\">Blondeel Thomas<\/a><\/li>\n<li><a href=\"https:\/\/smartbe.be\/fr\/news\/candidature-ca-2017\/boucher\/\">Boucher Jo\u00eblle<\/a><\/li>\n<li><a href=\"https:\/\/smartbe.be\/fr\/news\/candidature-ca-2017\/charles\/\">Charles Julien<\/a><\/li>\n<li><a href=\"https:\/\/smartbe.be\/fr\/news\/candidature-ca-2017\/kemajou\/\">Kemajou Fran\u00e7oise (Pour la Solidarit\u00e9)<\/a><\/li>\n<li><a href=\"https:\/\/smartbe.be\/fr\/news\/candidature-ca-2017\/dessein\/\">Dessein Lieza<\/a><\/li>\n<\/ul>\n<p><a href=\"https:\/\/smartbe.be\/wp-content\/uploads\/2016\/12\/PPT-r%C3%A9sultats-vote-AG-20juin2017.pdf\">D\u00e9couvrez la pr\u00e9sentation des r\u00e9sultats\u00a0<\/a><\/p>\n<h4>Quelques infos sur le processus : <a href=\"https:\/\/smartbe.be\/fr\/devenez-membre-du-conseil-dadministration-de-la-cooperative\" data-cke-saved-href=\"https:\/\/smartbe.be\/fr\/devenez-membre-du-conseil-dadministration-de-la-cooperative\">Tout savoir sur le Conseil d\u2019administration<\/a><\/h4>\n<p>&nbsp;<\/p>\n<p>&nbsp;<\/p>","protected":false},"excerpt":{"rendered":"<p>Ordre du jour Accueil Pr\u00e9sentation du rapport d&rsquo;activit\u00e9s &amp; perspectives Pr\u00e9sentation des comptes et bilans Pr\u00e9sentation des 4 groupes de travail Pr\u00e9sentation de la proc\u00e9dure d&rsquo;\u00e9lection du conseil d&rsquo;administration Cl\u00f4ture des votes R\u00e9sultats des votes Pr\u00e9sentation du Conseil d&rsquo;administration de &hellip;<\/p>\n","protected":false},"author":7,"featured_media":0,"parent":18923,"menu_order":0,"comment_status":"closed","ping_status":"closed","template":"","meta":{"footnotes":""},"tags":[],"class_list":["post-19718","page","type-page","status-publish","hentry"],"aioseo_notices":[],"_links":{"self":[{"href":"https:\/\/smartbe.be\/fr\/wp-json\/wp\/v2\/pages\/19718","targetHints":{"allow":["GET"]}}],"collection":[{"href":"https:\/\/smartbe.be\/fr\/wp-json\/wp\/v2\/pages"}],"about":[{"href":"https:\/\/smartbe.be\/fr\/wp-json\/wp\/v2\/types\/page"}],"author":[{"embeddable":true,"href":"https:\/\/smartbe.be\/fr\/wp-json\/wp\/v2\/users\/7"}],"replies":[{"embeddable":true,"href":"https:\/\/smartbe.be\/fr\/wp-json\/wp\/v2\/comments?post=19718"}],"version-history":[{"count":62,"href":"https:\/\/smartbe.be\/fr\/wp-json\/wp\/v2\/pages\/19718\/revisions"}],"predecessor-version":[{"id":49009,"href":"https:\/\/smartbe.be\/fr\/wp-json\/wp\/v2\/pages\/19718\/revisions\/49009"}],"up":[{"embeddable":true,"href":"https:\/\/smartbe.be\/fr\/wp-json\/wp\/v2\/pages\/18923"}],"wp:attachment":[{"href":"https:\/\/smartbe.be\/fr\/wp-json\/wp\/v2\/media?parent=19718"}],"wp:term":[{"taxonomy":"post_tag","embeddable":true,"href":"https:\/\/smartbe.be\/fr\/wp-json\/wp\/v2\/tags?post=19718"}],"curies":[{"name":"wp","href":"https:\/\/api.w.org\/{rel}","templated":true}]}}