
{"id":19079,"date":"2017-05-04T14:35:26","date_gmt":"2017-05-04T13:35:26","guid":{"rendered":"http:\/\/smartbe.be\/?page_id=19079\/"},"modified":"2025-01-27T18:35:58","modified_gmt":"2025-01-27T17:35:58","slug":"cdi","status":"publish","type":"page","link":"https:\/\/smartbe.be\/fr\/cdi\/","title":{"rendered":"Vous \u00eates salari\u00e9 sous contrat \u00e0 dur\u00e9e ind\u00e9termin\u00e9e aupr\u00e8s de Smart"},"content":{"rendered":"<h3>Le conseil d\u2019administration transitoire de la coop\u00e9rative a fix\u00e9 les <strong>modalit\u00e9s suivantes<\/strong> pour l\u2019acc\u00e8s au soci\u00e9tariat pour cette cat\u00e9gorie particuli\u00e8re de travailleurs.<\/h3>\n<p>Le nombre de part \u00e0 souscrire annuellement sera d\u00e9termin\u00e9 sur base de votre <strong>salaire brut imposable<\/strong> de la <strong>derni\u00e8re ann\u00e9e civile<\/strong> r\u00e9volue. Le calcul sera le suivant\u00a0: <strong>1% de votre brut imposable annuel<\/strong> arrondi \u00e0 l\u2019unit\u00e9 inf\u00e9rieure.<\/p>\n<p>Comme pour tout soci\u00e9taire de cat\u00e9gorie B, il est demand\u00e9 de lib\u00e9rer (c\u2019est-\u00e0-dire payer) <strong>au minimum 25%<\/strong> de la somme totale \u00e0 souscrire imm\u00e9diatement.<\/p>\n<p>Par contre, pour cette cat\u00e9gorie, les 75% restants peuvent faire l\u2019objet d\u2019un \u00e9chelonnement en accord la Direction Administrative et Financi\u00e8re.<\/p>\n<p>Notez bien que, pour l\u2019ann\u00e9e 2017, le conseil d\u2019administration a d\u00e9cid\u00e9, au vu du calendrier, de proposer de souscrire \u00e0 50% du nombre de parts pr\u00e9vu dans le calcul.<\/p>\n<h3>Exemple :<\/h3>\n<p>Nous sommes en janvier 2018 et je veux devenir soci\u00e9taire de cat\u00e9gorie B. Mon imposable de l\u2019ann\u00e9e 2017 est de 31 000\u20ac. 1% de cette somme est donc de 310\u20ac. Ce chiffre n\u2019\u00e9tant pas divisible par 30 (le prix d\u2019une part en euro), j\u2019arrondis \u00e0 l\u2019unit\u00e9 inf\u00e9rieure, soit 300\u20ac. Je deviens donc d\u00e9tenteur de 10 parts sociales pour l\u2019ann\u00e9e 2018.<\/p>\n<h3>Int\u00e9ress\u00e9(e)? Des questions? <span data-contrast=\"none\"><a href=\"mailto:&#x6c;&#x65;&#x74;&#x73;&#x63;&#x6f;&#x6f;&#x70;&#x40;&#x73;&#x6d;&#x61;&#x72;&#x74;&#x2e;&#x63;&#x6f;&#x6f;&#x70;\">&#x6c;&#x65;&#x74;&#x73;&#x63;&#x6f;&#x6f;&#x70;&#x40;<span class=\"oe_displaynone\">null<\/span>&#x73;&#x6d;&#x61;&#x72;&#x74;&#x2e;&#x63;&#x6f;&#x6f;&#x70;<\/a><\/span>\u00a0!<\/h3>","protected":false},"excerpt":{"rendered":"<p>Le conseil d\u2019administration transitoire de la coop\u00e9rative a fix\u00e9 les modalit\u00e9s suivantes pour l\u2019acc\u00e8s au soci\u00e9tariat pour cette cat\u00e9gorie particuli\u00e8re de travailleurs. Le nombre de part \u00e0 souscrire annuellement sera d\u00e9termin\u00e9 sur base de votre salaire brut imposable de la &hellip;<\/p>\n","protected":false},"author":52,"featured_media":0,"parent":0,"menu_order":0,"comment_status":"closed","ping_status":"closed","template":"","meta":{"footnotes":""},"tags":[],"class_list":["post-19079","page","type-page","status-publish","hentry"],"aioseo_notices":[],"_links":{"self":[{"href":"https:\/\/smartbe.be\/fr\/wp-json\/wp\/v2\/pages\/19079","targetHints":{"allow":["GET"]}}],"collection":[{"href":"https:\/\/smartbe.be\/fr\/wp-json\/wp\/v2\/pages"}],"about":[{"href":"https:\/\/smartbe.be\/fr\/wp-json\/wp\/v2\/types\/page"}],"author":[{"embeddable":true,"href":"https:\/\/smartbe.be\/fr\/wp-json\/wp\/v2\/users\/52"}],"replies":[{"embeddable":true,"href":"https:\/\/smartbe.be\/fr\/wp-json\/wp\/v2\/comments?post=19079"}],"version-history":[{"count":24,"href":"https:\/\/smartbe.be\/fr\/wp-json\/wp\/v2\/pages\/19079\/revisions"}],"predecessor-version":[{"id":47974,"href":"https:\/\/smartbe.be\/fr\/wp-json\/wp\/v2\/pages\/19079\/revisions\/47974"}],"wp:attachment":[{"href":"https:\/\/smartbe.be\/fr\/wp-json\/wp\/v2\/media?parent=19079"}],"wp:term":[{"taxonomy":"post_tag","embeddable":true,"href":"https:\/\/smartbe.be\/fr\/wp-json\/wp\/v2\/tags?post=19079"}],"curies":[{"name":"wp","href":"https:\/\/api.w.org\/{rel}","templated":true}]}}