
{"id":19077,"date":"2017-05-04T14:12:12","date_gmt":"2017-05-04T13:12:12","guid":{"rendered":"http:\/\/smartbe.be\/?page_id=19077\/"},"modified":"2025-03-10T18:00:16","modified_gmt":"2025-03-10T17:00:16","slug":"devenir-societaire","status":"publish","type":"page","link":"https:\/\/smartbe.be\/fr\/la-cooperative-2\/devenir-societaire\/","title":{"rendered":"\u00catre soci\u00e9taire"},"content":{"rendered":"<h2><strong>Soci\u00e9taire de Smart ou sur le point de le devenir? Savez-vous ce que signifie le soci\u00e9tariat?<\/strong><\/h2>\n<p>Smart a fait le choix de s\u2019organiser sous forme de coop\u00e9rative. Vous \u00eates invit\u00e9\u00b7e \u00e0 devenir soci\u00e9taire en souscrivant chaque ann\u00e9e \u00e0 une ou plusieurs parts coop\u00e9ratives (30 \u20ac). \u00c0 ce titre, vous pouvez participer \u00e0 sa gouvernance: voter \u00e0 l\u2019assembl\u00e9e g\u00e9n\u00e9rale, participer \u00e0 des groupes de travail, poser votre candidature au conseil d\u2019administration, etc.<\/p>\n<p>Smart ne r\u00e9mun\u00e8re pas ses soci\u00e9taires sur le capital souscrit : ni dividende,\u202fni valorisation des parts coop\u00e9ratives. Tous les b\u00e9n\u00e9fices d\u00e9gag\u00e9s sont r\u00e9investis dans la coop\u00e9rative pour am\u00e9liorer les services et en d\u00e9velopper de nouveaux. Devenir soci\u00e9taire de Smart, c\u2019est avant tout contribuer \u00e0 la bonne sant\u00e9 financi\u00e8re de la coop\u00e9rative dont nous partageons l\u2019usage.<\/p>\n<p>L\u00e9galement, chaque soci\u00e9taire dispose d\u2019un droit de vote (bas\u00e9 sur le principe 1 personne = 1 voix) \u00e0 l\u2019assembl\u00e9e g\u00e9n\u00e9rale annuelle de la coop\u00e9rative. Ce n\u2019est qu\u2019une des possibilit\u00e9s pour s&rsquo;impliquer dans la vie coop\u00e9rative.<\/p>\n<p><strong>[Vid\u00e9o] D\u00e9couvrez ce qu\u2019est une coop\u00e9rative <\/strong><strong>et pourquoi votre implication est importante lors de l&rsquo;assembl\u00e9e g\u00e9n\u00e9rale.<\/strong><\/p>\n<p><iframe loading=\"lazy\" src=\"https:\/\/www.youtube.com\/embed\/DjB69wuJAz0\" width=\"560\" height=\"315\" frameborder=\"0\" allowfullscreen=\"allowfullscreen\"><\/iframe><\/p>\n<h6><em>Vid\u00e9o r\u00e9alis\u00e9e pour l\u2019AG 2019 avec Carmela Giusto<\/em><\/h6>\n<p>&nbsp;<\/p>\n<h2><strong>Pas encore soci\u00e9taire? \u00a0Comment devenir soci\u00e9taire?<\/strong><\/h2>\n<p>Cela d\u00e9pend de votre relation \u00e0 Smart:<\/p>\n<p>&nbsp;<\/p>\n<p><strong>Vous utilisez les services de Smart pour d\u00e9velopper vos activit\u00e9s \u00e9conomiques?<\/strong><\/p>\n<h4><a href=\"https:\/\/smartbe.be\/fr\/societaire-de-categorie\/\"><strong><img loading=\"lazy\" decoding=\"async\" class=\"alignnone size-full wp-image-33556\" src=\"https:\/\/smartbe.be\/wp-content\/uploads\/2021\/01\/fleche-arrow-long.png\" alt=\"\" width=\"142\" height=\"13\" \/>Devenez soci\u00e9taire de cat\u00e9gorie A<\/strong><\/a><\/h4>\n<p><strong>Vous faites partie de l&rsquo;\u00e9quipe support de la coop\u00e9rative?<\/strong><\/p>\n<h4><strong><a href=\"https:\/\/smartbe.be\/fr\/societaire-de-categorie-b\/\"><img loading=\"lazy\" decoding=\"async\" class=\"alignnone size-full wp-image-33556\" src=\"https:\/\/smartbe.be\/wp-content\/uploads\/2021\/01\/fleche-arrow-long.png\" alt=\"\" width=\"142\" height=\"13\" \/>Devenez soci\u00e9taire de cat\u00e9gorie B<\/a><\/strong><\/h4>\n<p><strong>Vous \u00eates un\u00b7e client\u00b7e, une institution de recherche, un\u00b7e ancien\u00b7ne salari\u00e9\u00b7e de Smart, un\u00b7e partenaire externe de l\u2019\u00e9conomie sociale ou de la culture?<\/strong><\/p>\n<h4><strong><a href=\"https:\/\/smartbe.be\/fr\/societaire-de-categorie-c\/\"><img loading=\"lazy\" decoding=\"async\" class=\"alignnone size-full wp-image-33556\" src=\"https:\/\/smartbe.be\/wp-content\/uploads\/2021\/01\/fleche-arrow-long.png\" alt=\"\" width=\"142\" height=\"13\" \/>Devenez soci\u00e9taire de cat\u00e9gorie C<\/a><\/strong><\/h4>\n<h2>Des questions?<\/h2>\n<ul>\n<li><a href=\"https:\/\/smartbe.be\/fr\/faq\/\">Avez-vous consult\u00e9 les FAQ?<\/a>\u00a0Vous y trouverez peut-\u00eatre la r\u00e9ponse en quelques clics.<\/li>\n<li><span class=\"TextRun SCXW120106504 BCX2\" lang=\"FR-BE\" xml:lang=\"FR-BE\" data-contrast=\"none\"><span class=\"NormalTextRun SCXW120106504 BCX2\">Vous avez des questions sur la vie <\/span><\/span><span class=\"TextRun SCXW120106504 BCX2\" lang=\"FR-BE\" xml:lang=\"FR-BE\" data-contrast=\"none\"><span class=\"NormalTextRun SCXW120106504 BCX2\">coop\u00e9rative, contactez <a href=\"mailto:&#x6c;&#x65;&#x74;&#x73;&#x63;&#x6f;&#x6f;&#x70;&#x40;&#x73;&#x6d;&#x61;&#x72;&#x74;&#x2e;&#x63;&#x6f;&#x6f;&#x70;\">&#x6c;&#x65;&#x74;&#x73;&#x63;&#x6f;&#x6f;&#x70;&#x40;<span class=\"oe_displaynone\">null<\/span>&#x73;&#x6d;&#x61;&#x72;&#x74;&#x2e;&#x63;&#x6f;&#x6f;&#x70;<\/a><\/span><\/span><\/li>\n<li>Vous avez des questions au sujet de la souscription des parts coop\u00e9ratives, contactez <a href=\"mailto:&#x69;&#x6e;&#x73;&#x74;&#x61;&#x6e;&#x63;&#x65;&#x73;&#x40;&#x73;&#x6d;&#x61;&#x72;&#x74;&#x2e;&#x63;&#x6f;&#x6f;&#x70;\">&#x69;&#x6e;&#x73;&#x74;&#x61;&#x6e;&#x63;&#x65;&#x73;&#x40;<span class=\"oe_displaynone\">null<\/span>&#x73;&#x6d;&#x61;&#x72;&#x74;&#x2e;&#x63;&#x6f;&#x6f;&#x70;<\/a><\/li>\n<\/ul>\n<div id=\"content\" class=\"container\">\n<article>\n<div class=\"row\">\n<div class=\"span8\"><\/div>\n<\/div>\n<\/article>\n<\/div>","protected":false},"excerpt":{"rendered":"<p>Soci\u00e9taire de Smart ou sur le point de le devenir? Savez-vous ce que signifie le soci\u00e9tariat? Smart a fait le choix de s\u2019organiser sous forme de coop\u00e9rative. Vous \u00eates invit\u00e9\u00b7e \u00e0 devenir soci\u00e9taire en souscrivant chaque ann\u00e9e \u00e0 une ou &hellip;<\/p>\n","protected":false},"author":52,"featured_media":0,"parent":18923,"menu_order":0,"comment_status":"closed","ping_status":"closed","template":"","meta":{"footnotes":""},"tags":[],"class_list":["post-19077","page","type-page","status-publish","hentry"],"aioseo_notices":[],"_links":{"self":[{"href":"https:\/\/smartbe.be\/fr\/wp-json\/wp\/v2\/pages\/19077","targetHints":{"allow":["GET"]}}],"collection":[{"href":"https:\/\/smartbe.be\/fr\/wp-json\/wp\/v2\/pages"}],"about":[{"href":"https:\/\/smartbe.be\/fr\/wp-json\/wp\/v2\/types\/page"}],"author":[{"embeddable":true,"href":"https:\/\/smartbe.be\/fr\/wp-json\/wp\/v2\/users\/52"}],"replies":[{"embeddable":true,"href":"https:\/\/smartbe.be\/fr\/wp-json\/wp\/v2\/comments?post=19077"}],"version-history":[{"count":52,"href":"https:\/\/smartbe.be\/fr\/wp-json\/wp\/v2\/pages\/19077\/revisions"}],"predecessor-version":[{"id":48094,"href":"https:\/\/smartbe.be\/fr\/wp-json\/wp\/v2\/pages\/19077\/revisions\/48094"}],"up":[{"embeddable":true,"href":"https:\/\/smartbe.be\/fr\/wp-json\/wp\/v2\/pages\/18923"}],"wp:attachment":[{"href":"https:\/\/smartbe.be\/fr\/wp-json\/wp\/v2\/media?parent=19077"}],"wp:term":[{"taxonomy":"post_tag","embeddable":true,"href":"https:\/\/smartbe.be\/fr\/wp-json\/wp\/v2\/tags?post=19077"}],"curies":[{"name":"wp","href":"https:\/\/api.w.org\/{rel}","templated":true}]}}