
{"id":18928,"date":"2017-04-26T19:26:56","date_gmt":"2017-04-26T18:26:56","guid":{"rendered":"http:\/\/smartbe.be\/?page_id=18928\/"},"modified":"2025-01-27T17:46:45","modified_gmt":"2025-01-27T16:46:45","slug":"societaire-de-categorie","status":"publish","type":"page","link":"https:\/\/smartbe.be\/fr\/societaire-de-categorie\/","title":{"rendered":"Soci\u00e9taire de cat\u00e9gorie A"},"content":{"rendered":"<h2>Devenir soci\u00e9taire de Smart, \u00e7a veut dire quoi?<\/h2>\n<p>Cela signifie:<\/p>\n<ul>\n<li>Poss\u00e9der des parts coop\u00e9ratives de l\u2019entreprise et donc renforcer son autonomie financi\u00e8re n\u00e9cessaire \u00e0 la p\u00e9rennisation et au d\u00e9veloppement des services (et des risques) mutualis\u00e9s<\/li>\n<li>Avoir un droit de vote lors de <a href=\"https:\/\/smartbe.be\/fr\/la-cooperative-2\/assemblee-generale\/\">l\u2019assembl\u00e9e g\u00e9n\u00e9rale<\/a> de la coop\u00e9rative (orientations strat\u00e9giques, comptes consolid\u00e9s, etc.) et avoir la possibilit\u00e9 de <a href=\"https:\/\/smartbe.be\/fr\/la-cooperative-2\/#espacesparticipation\">s&rsquo;impliquer dans la vie de la coop\u00e9rative<\/a><\/li>\n<li>\u00c9lire et\/ou faire partie du <a href=\"https:\/\/smartbe.be\/fr\/la-cooperative-en-pratique-old\/le-conseil-dadministration\/\">conseil d\u2019administration<\/a><\/li>\n<li>Utiliser les <a href=\"https:\/\/smartbe.be\/fr\/services\">services de Smart<\/a><\/li>\n<li>Adh\u00e9rer \u00e0 <a href=\"https:\/\/smartbe.be\/wp-content\/uploads\/2022\/08\/Statuts_SmartCoop_aout_22.pdf\">nos statuts<\/a><\/li>\n<\/ul>\n<h2>Comment pouvez-vous devenir soci\u00e9taire?<\/h2>\n<p><strong>En vous engageant<\/strong>\u00a0\u00e0 souscrire une (ou plusieurs) part(s) coop\u00e9rative(s) via un <strong>formulaire d\u2019adh\u00e9sion<\/strong> et en la (les) <strong>payant<\/strong>, tout simplement! Une part coop\u00e9rative vaut <strong>30\u20ac<\/strong> et vous pouvez, vous l\u2019aurez compris, en souscrire plusieurs!<\/p>\n<h2>En pratique<\/h2>\n<p>Une fois connect\u00e9<strong>\u00a0<a href=\"https:\/\/account.ubik.be\/accountlogin.aspx\" target=\"_blank\" rel=\"noopener noreferrer\" data-cke-saved-href=\"https:\/\/account.ubik.be\/accountlogin.aspx\">dans votre espace personnel<\/a>, <\/strong>vous voyez appara\u00eetre\u00a0un pop-up vous\u00a0invitant \u00e0 souscrire une part, selon deux options\u00a0:<\/p>\n<ul>\n<li>via une interface de paiement en ligne<\/li>\n<li>via un virement sur le compte de la coop\u00e9rative, dans un d\u00e9lai de 10 jours apr\u00e8s l\u2019engagement \u00e0 souscrire, avec une communication permettant de vous identifier. Exemple : \u00ab\u00a0part coop\u00e9rative 2023 SmartCoop &#8211; pr\u00e9nom et nom\u00a0\u00bb.<\/li>\n<\/ul>\n<p>Ce n\u2019est qu\u2019une fois votre\u00a0part coop\u00e9rative pay\u00e9e que vous devenez\u00a0effectivement soci\u00e9taire.<\/p>\n<h2>Le soci\u00e9tariat est-il obligatoire?<\/h2>\n<p><strong>Depuis le 1er mars 2017, il faut \u00eatre soci\u00e9taire pour utiliser nos outils de facturation \u00e0 un client<\/strong>\u00a0(y compris pour conclure une convention de financement,\u00a0facturer une (con)cession de droits ou recevoir de l&rsquo;argent via un transfert de budget)\u00a0et <strong>pour ouvrir une nouvelle Activit\u00e9 en tant qu&rsquo;administrateur\u00b7trice<\/strong>,\u00a0selon les modalit\u00e9s suivantes:<\/p>\n<ul>\n<li><em>Vous avez une Activit\u00e9 Smart? <\/em>Si vous \u00eates administrateur\u00b7trice d&rsquo;Activit\u00e9 mais n&rsquo;\u00eates pas encore soci\u00e9taire, l\u2019entr\u00e9e d&rsquo;argent dans votre Activit\u00e9 (via des factures, concessions de droits, transferts de budgets ou subsides) est bloqu\u00e9e. Vous pouvez utiliser l\u2019argent disponible (via des contrats, frais ou concessions de droits) mais vous devez payer votre part coop\u00e9rative pour faire entrer de l&rsquo;argent dans votre Activit\u00e9. Les participant\u00b7es (occasionnel\u00b7les) \u00e0 une Activit\u00e9 ne sont pour l\u2019instant pas tenus de devenir soci\u00e9taires.<\/li>\n<li><em>Vous n&rsquo;avez pas d&rsquo;Activit\u00e9 Smart?<\/em> Vous pouvez encore encoder au maximum trois prestations. Une fois ce quota \u00e9puis\u00e9, vous devrez vous engager \u00e0 devenir soci\u00e9taires et \u00a0payer votre premi\u00e8re part annuelle pour continuer \u00e0 utiliser nos outils.<\/li>\n<\/ul>\n<h2>Des questions?<\/h2>\n<ul>\n<li><a href=\"https:\/\/smartbe.be\/fr\/faq\/\">Avez-vous consult\u00e9 les FAQ?<\/a>\u00a0Vous y trouverez peut-\u00eatre la r\u00e9ponse en quelques clics.<\/li>\n<li><span class=\"TextRun SCXW120106504 BCX2\" lang=\"FR-BE\" xml:lang=\"FR-BE\" data-contrast=\"none\"><span class=\"NormalTextRun SCXW120106504 BCX2\">Vous avez des questions sur la vie <\/span><\/span><span class=\"TextRun SCXW120106504 BCX2\" lang=\"FR-BE\" xml:lang=\"FR-BE\" data-contrast=\"none\"><span class=\"NormalTextRun SCXW120106504 BCX2\">coop\u00e9rative, contactez <a href=\"mailto:&#x6c;&#x65;&#x74;&#x73;&#x63;&#x6f;&#x6f;&#x70;&#x40;&#x73;&#x6d;&#x61;&#x72;&#x74;&#x2e;&#x63;&#x6f;&#x6f;&#x70;\">&#x6c;&#x65;&#x74;&#x73;&#x63;&#x6f;&#x6f;&#x70;&#x40;<span class=\"oe_displaynone\">null<\/span>&#x73;&#x6d;&#x61;&#x72;&#x74;&#x2e;&#x63;&#x6f;&#x6f;&#x70;<\/a><\/span><\/span><\/li>\n<li>Vous avez des questions au sujet de la souscription des parts coop\u00e9ratives, contactez <a href=\"mailto:&#x69;&#x6e;&#x73;&#x74;&#x61;&#x6e;&#x63;&#x65;&#x73;&#x40;&#x73;&#x6d;&#x61;&#x72;&#x74;&#x2e;&#x63;&#x6f;&#x6f;&#x70;\">&#x69;&#x6e;&#x73;&#x74;&#x61;&#x6e;&#x63;&#x65;&#x73;&#x40;<span class=\"oe_displaynone\">null<\/span>&#x73;&#x6d;&#x61;&#x72;&#x74;&#x2e;&#x63;&#x6f;&#x6f;&#x70;<\/a><\/li>\n<\/ul>","protected":false},"excerpt":{"rendered":"<p>Devenir soci\u00e9taire de Smart, \u00e7a veut dire quoi? Cela signifie: Poss\u00e9der des parts coop\u00e9ratives de l\u2019entreprise et donc renforcer son autonomie financi\u00e8re n\u00e9cessaire \u00e0 la p\u00e9rennisation et au d\u00e9veloppement des services (et des risques) mutualis\u00e9s Avoir un droit de vote &hellip;<\/p>\n","protected":false},"author":53,"featured_media":0,"parent":0,"menu_order":0,"comment_status":"closed","ping_status":"closed","template":"","meta":{"footnotes":""},"tags":[],"class_list":["post-18928","page","type-page","status-publish","hentry"],"aioseo_notices":[],"_links":{"self":[{"href":"https:\/\/smartbe.be\/fr\/wp-json\/wp\/v2\/pages\/18928","targetHints":{"allow":["GET"]}}],"collection":[{"href":"https:\/\/smartbe.be\/fr\/wp-json\/wp\/v2\/pages"}],"about":[{"href":"https:\/\/smartbe.be\/fr\/wp-json\/wp\/v2\/types\/page"}],"author":[{"embeddable":true,"href":"https:\/\/smartbe.be\/fr\/wp-json\/wp\/v2\/users\/53"}],"replies":[{"embeddable":true,"href":"https:\/\/smartbe.be\/fr\/wp-json\/wp\/v2\/comments?post=18928"}],"version-history":[{"count":45,"href":"https:\/\/smartbe.be\/fr\/wp-json\/wp\/v2\/pages\/18928\/revisions"}],"predecessor-version":[{"id":47972,"href":"https:\/\/smartbe.be\/fr\/wp-json\/wp\/v2\/pages\/18928\/revisions\/47972"}],"wp:attachment":[{"href":"https:\/\/smartbe.be\/fr\/wp-json\/wp\/v2\/media?parent=18928"}],"wp:term":[{"taxonomy":"post_tag","embeddable":true,"href":"https:\/\/smartbe.be\/fr\/wp-json\/wp\/v2\/tags?post=18928"}],"curies":[{"name":"wp","href":"https:\/\/api.w.org\/{rel}","templated":true}]}}