
{"id":18926,"date":"2017-04-26T19:46:20","date_gmt":"2017-04-26T18:46:20","guid":{"rendered":"http:\/\/smartbe.be\/?page_id=18926\/"},"modified":"2025-03-10T17:52:43","modified_gmt":"2025-03-10T16:52:43","slug":"societaire-de-categorie-b","status":"publish","type":"page","link":"https:\/\/smartbe.be\/fr\/societaire-de-categorie-b\/","title":{"rendered":"Soci\u00e9taire de cat\u00e9gorie B"},"content":{"rendered":"<p><strong>Vous faites partie de l&rsquo;\u00e9quipe support de la coop\u00e9rative? Vous \u00eates convaincu\u00b7e par le travail de terrain et les r\u00e9flexions men\u00e9es par Smart, par son utilit\u00e9 soci\u00e9tale dans un monde du travail en pleine mutation, par son engagement envers ses partenaires? Vous souhaitez soutenir le d\u00e9veloppement du projet et l\u2019activit\u00e9 professionnelle des dizaines de milliers d\u2019entrepreneurs-salari\u00e9s qui la composent ? Posez un acte fort pour renforcer votre relation avec Smart: prenez des parts de la coop\u00e9rative !<\/strong><\/p>\n<h2>Devenir soci\u00e9taire, \u00e7a veut dire quoi?<\/h2>\n<p>Cela signifie:<\/p>\n<ul>\n<li>Poss\u00e9der des parts coop\u00e9ratives de l\u2019entreprise et donc renforcer son autonomie financi\u00e8re n\u00e9cessaire \u00e0 la p\u00e9rennisation et au d\u00e9veloppement des services (et des risques) mutualis\u00e9s<\/li>\n<li>Avoir un droit de vote lors de <a href=\"https:\/\/smartbe.be\/fr\/la-cooperative-2\/assemblee-generale\/\">l\u2019assembl\u00e9e g\u00e9n\u00e9rale de la coop\u00e9rative<\/a> (orientations strat\u00e9giques, comptes consolid\u00e9s, etc.) et avoir la possibilit\u00e9 de\u00a0<a href=\"https:\/\/smartbe.be\/fr\/la-cooperative-2\/#espacesparticipation\">s\u2019impliquer dans la vie de la coop\u00e9rative<\/a><\/li>\n<li>\u00c9lire et\/ou faire partie du <a href=\"https:\/\/smartbe.be\/fr\/le-conseil-dadministration\/\">conseil d\u2019administration<\/a><\/li>\n<li>Participer \u00e0 la vie de la coop\u00e9rative, et, le cas \u00e9ch\u00e9ant, utiliser les <a href=\"https:\/\/smartbe.be\/fr\/services\">services de Smart<\/a> pour vos autres activit\u00e9s<\/li>\n<li>Adh\u00e9rer \u00e0 <a href=\"https:\/\/smartbe.be\/wp-content\/uploads\/2022\/08\/Statuts_SmartCoop_aout_22.pdf\">nos statuts<\/a><\/li>\n<\/ul>\n<h2>Qu&rsquo;est-ce que l&rsquo;\u00e9quipe support?<\/h2>\n<p>La Cat\u00e9gorie B comprend les \u00abtravailleur\u00b7euses des \u00e9quipes support\u00bb qui ont choisi de participer au soci\u00e9tariat de la soci\u00e9t\u00e9. La notion de \u00abtravailleur\u00b7euses de l\u2019\u00e9quipe support\u00bb vise tous\u00b7tes les travailleur\u00b7euses du groupe Smart qui sont engag\u00e9\u00b7es dans le cadre d\u2019un contrat de travail \u00e0 dur\u00e9e ind\u00e9termin\u00e9e, qui travaillent en support des \u00abentrepreneur\u00b7es-salari\u00e9\u00b7es\u00bb et dont le salaire n&rsquo;est pas majoritairement financ\u00e9 par les produits d&rsquo;une activit\u00e9 \u00e9conomique d\u00e9velopp\u00e9e via les \u00aboutils Smart\u00bb tels que d\u00e9finis par le ROI.<\/p>\n<h2>Comment pouvez-vous devenir soci\u00e9taire?<\/h2>\n<p>C\u2019est simple! Pour les personnes de l\u2019\u00e9quipe support:<\/p>\n<p>1. <strong>Faites \u00e9tat de votre souhait d\u2019entrer au soci\u00e9tariat<\/strong> par l\u2019envoi d\u2019un e-mail \u00e0\u202f<a href=\"mailto:&#x69;&#x6e;&#x73;&#x74;&#x61;&#x6e;&#x63;&#x65;&#x73;&#x40;&#x73;&#x6d;&#x61;&#x72;&#x74;&#x2e;&#x63;&#x6f;&#x6f;&#x70;\">&#x69;&#x6e;&#x73;&#x74;&#x61;&#x6e;&#x63;&#x65;&#x73;&#x40;<span class=\"oe_displaynone\">null<\/span>&#x73;&#x6d;&#x61;&#x72;&#x74;&#x2e;&#x63;&#x6f;&#x6f;&#x70;<\/a>, sans devoir transmettre aucune information personnelle \u00e0 ce stade.\u202fPar contre, n\u2019h\u00e9sitez pas \u00e0 ajouter votre motivation \u00e0 devenir soci\u00e9taire!<\/p>\n<p>2. <strong>Si vous n\u2019avez pas d\u00e9j\u00e0 de fiche membre,\u202f<a href=\"https:\/\/eur05.safelinks.protection.outlook.com\/?url=https%3A%2F%2Faccount.ubik.be%2Fpublic%2Fregister_member%3Fl%3DFR&amp;data=05%7C01%7Cjulie.leduc%40smart.coop%7Ce545d323f0354ba68e7208dbf19af40f%7C4cd84c4c6921488dabd0c4fa75e5d039%7C0%7C0%7C638369420045220690%7CUnknown%7CTWFpbGZsb3d8eyJWIjoiMC4wLjAwMDAiLCJQIjoiV2luMzIiLCJBTiI6Ik1haWwiLCJXVCI6Mn0%3D%7C3000%7C%7C%7C&amp;sdata=8R6wwI2OPc%2BRnpaorG8wL5vPvCfV7rP%2BD1MohvTOoHk%3D&amp;reserved=0\" target=\"_blank\" rel=\"noopener\">suivez ce lien\u202f\u202fpour vous inscrire \u00abcomme un membre\u00bb<\/a> <\/strong>et envoyez votre fiche compl\u00e9t\u00e9e \u00e0 l\u2019adresse\u202f<a href=\"mailto:&#x74;&#x65;&#x61;&#x6d;&#x61;&#x64;&#x6d;&#x69;&#x6e;&#x40;&#x73;&#x6d;&#x61;&#x72;&#x74;&#x2e;&#x63;&#x6f;&#x6f;&#x70;\">&#x74;&#x65;&#x61;&#x6d;&#x61;&#x64;&#x6d;&#x69;&#x6e;&#x40;<span class=\"oe_displaynone\">null<\/span>&#x73;&#x6d;&#x61;&#x72;&#x74;&#x2e;&#x63;&#x6f;&#x6f;&#x70;<\/a>\u202fpour que votre inscription soit valid\u00e9e.<\/p>\n<p>Pour que le dossier soit complet, n\u2019oubliez pas de:<\/p>\n<ul>\n<li>signer la fiche signal\u00e9tique<\/li>\n<li>fournir une copie recto-verso de votre carte d&rsquo;identit\u00e9<\/li>\n<li>ainsi qu&rsquo;une copie de votre carte bancaire ou un autre document o\u00f9 votre RIB apparait lisible!<\/li>\n<\/ul>\n<p>Si vous avez d\u00e9j\u00e0 une fiche \u00ab\u202fmembre\u202f\u00bb dans SAM mais que vos informations personnelles ne sont plus d\u2019actualit\u00e9, il y a lieu de remplir la fiche modificative de vos informations personnelles et de la transmettre \u00e0 la Team Admin.<\/p>\n<p>Vous trouverez la fiche modificative sur votre interface dans \u00ab\u202fVos informations personnelles\u202f\u00bb &gt; \u00ab\u202fModifier vos infos personnelles\u202f\u00bb &gt; valider les modifications en appuyant sur \u00ab\u202fconfirmer\u202f\u00bb &gt; t\u00e9l\u00e9charger la fiche, la signer et l\u2019envoyer \u00e0 <a href=\"mailto:&#x74;&#x65;&#x61;&#x6d;&#x61;&#x64;&#x6d;&#x69;&#x6e;&#x40;&#x73;&#x6d;&#x61;&#x72;&#x74;&#x2e;&#x63;&#x6f;&#x6f;&#x70;\">&#x74;&#x65;&#x61;&#x6d;&#x61;&#x64;&#x6d;&#x69;&#x6e;&#x40;<span class=\"oe_displaynone\">null<\/span>&#x73;&#x6d;&#x61;&#x72;&#x74;&#x2e;&#x63;&#x6f;&#x6f;&#x70;<\/a>.<\/p>\n<p>3.<strong> Vous recevrez ensuite un e-mail vous invitant \u00e0 suivre le lien vers la plateforme de paiement (Hipay).\u202f<\/strong><\/p>\n<p><span data-contrast=\"none\">Le nombre de parts <\/span><span data-contrast=\"none\">coop\u00e9ratives<\/span><span data-contrast=\"none\"> que vous devrez lib\u00e9rer sera \u00e9quivalent a minima d\u2019une part de 30 euros par ann\u00e9e, sous contrat de travail. Il est possible de lib\u00e9rer autant de parts que vous le souhaitez.<\/span><span data-ccp-props=\"{&quot;201341983&quot;:0,&quot;335551550&quot;:6,&quot;335551620&quot;:6,&quot;335559738&quot;:180,&quot;335559739&quot;:180,&quot;335559740&quot;:240}\">\u00a0<\/span><\/p>\n<p><span data-contrast=\"none\">La premi\u00e8re part doit \u00eatre lib\u00e9r\u00e9e d\u00e8s la souscription de la premi\u00e8re ann\u00e9e, puis les ann\u00e9es suivantes en janvier. Les autres parts \u00e9ventuelles peuvent \u00eatre lib\u00e9r\u00e9es dans le courant de l\u2019ann\u00e9e.<\/span><\/p>\n<h2>Des questions?<\/h2>\n<ul>\n<li><a href=\"https:\/\/smartbe.be\/fr\/faq\/\">Avez-vous consult\u00e9 les FAQ?<\/a>\u00a0Vous y trouverez peut-\u00eatre la r\u00e9ponse en quelques clics.<\/li>\n<li>Vous avez des questions au sujet de la souscription des parts coop\u00e9ratives, contactez <a href=\"mailto:&#x69;&#x6e;&#x73;&#x74;&#x61;&#x6e;&#x63;&#x65;&#x73;&#x40;&#x73;&#x6d;&#x61;&#x72;&#x74;&#x2e;&#x63;&#x6f;&#x6f;&#x70;\">&#x69;&#x6e;&#x73;&#x74;&#x61;&#x6e;&#x63;&#x65;&#x73;&#x40;<span class=\"oe_displaynone\">null<\/span>&#x73;&#x6d;&#x61;&#x72;&#x74;&#x2e;&#x63;&#x6f;&#x6f;&#x70;<\/a><\/li>\n<\/ul>","protected":false},"excerpt":{"rendered":"<p>Vous faites partie de l&rsquo;\u00e9quipe support de la coop\u00e9rative? Vous \u00eates convaincu\u00b7e par le travail de terrain et les r\u00e9flexions men\u00e9es par Smart, par son utilit\u00e9 soci\u00e9tale dans un monde du travail en pleine mutation, par son engagement envers ses &hellip;<\/p>\n","protected":false},"author":53,"featured_media":0,"parent":0,"menu_order":0,"comment_status":"closed","ping_status":"closed","template":"","meta":{"footnotes":""},"tags":[],"class_list":["post-18926","page","type-page","status-publish","hentry"],"aioseo_notices":[],"_links":{"self":[{"href":"https:\/\/smartbe.be\/fr\/wp-json\/wp\/v2\/pages\/18926","targetHints":{"allow":["GET"]}}],"collection":[{"href":"https:\/\/smartbe.be\/fr\/wp-json\/wp\/v2\/pages"}],"about":[{"href":"https:\/\/smartbe.be\/fr\/wp-json\/wp\/v2\/types\/page"}],"author":[{"embeddable":true,"href":"https:\/\/smartbe.be\/fr\/wp-json\/wp\/v2\/users\/53"}],"replies":[{"embeddable":true,"href":"https:\/\/smartbe.be\/fr\/wp-json\/wp\/v2\/comments?post=18926"}],"version-history":[{"count":53,"href":"https:\/\/smartbe.be\/fr\/wp-json\/wp\/v2\/pages\/18926\/revisions"}],"predecessor-version":[{"id":48091,"href":"https:\/\/smartbe.be\/fr\/wp-json\/wp\/v2\/pages\/18926\/revisions\/48091"}],"wp:attachment":[{"href":"https:\/\/smartbe.be\/fr\/wp-json\/wp\/v2\/media?parent=18926"}],"wp:term":[{"taxonomy":"post_tag","embeddable":true,"href":"https:\/\/smartbe.be\/fr\/wp-json\/wp\/v2\/tags?post=18926"}],"curies":[{"name":"wp","href":"https:\/\/api.w.org\/{rel}","templated":true}]}}