
{"id":18923,"date":"2017-04-26T19:17:45","date_gmt":"2017-04-26T18:17:45","guid":{"rendered":"http:\/\/smartbe.be\/?page_id=18923\/"},"modified":"2025-11-07T12:31:20","modified_gmt":"2025-11-07T11:31:20","slug":"la-cooperative-2","status":"publish","type":"page","link":"https:\/\/smartbe.be\/fr\/la-cooperative-2\/","title":{"rendered":"La coop\u00e9rative"},"content":{"rendered":"<p>Smart appartient \u00e0 ses soci\u00e9taires et leur est enti\u00e8rement d\u00e9di\u00e9e.<\/p>\n<p>Mais devenir et \u00eatre soci\u00e9taire, \u00e7a veut dire quoi?<\/p>\n<p><img loading=\"lazy\" decoding=\"async\" class=\"alignnone size-full wp-image-33556\" src=\"https:\/\/smartbe.be\/wp-content\/uploads\/2021\/01\/fleche-arrow-long.png\" alt=\"\" width=\"142\" height=\"13\" \/><strong>Percevez<\/strong><a href=\"https:\/\/smartbe.be\/fr\/la-cooperative-2\/devenir-societaire\/\"><strong> les aspects pratiques du soci\u00e9tariat<\/strong><\/a><\/p>\n<p><a href=\"https:\/\/smartbe.be\/wp-content\/uploads\/2020\/02\/bilans.jpg\"><img loading=\"lazy\" decoding=\"async\" class=\"alignnone size-full wp-image-29897\" src=\"https:\/\/smartbe.be\/wp-content\/uploads\/2020\/02\/bilans.jpg\" alt=\"\" width=\"800\" height=\"533\" srcset=\"https:\/\/smartbe.be\/wp-content\/uploads\/2020\/02\/bilans.jpg 800w, https:\/\/smartbe.be\/wp-content\/uploads\/2020\/02\/bilans-300x200.jpg 300w, https:\/\/smartbe.be\/wp-content\/uploads\/2020\/02\/bilans-768x512.jpg 768w, https:\/\/smartbe.be\/wp-content\/uploads\/2020\/02\/bilans-450x300.jpg 450w, https:\/\/smartbe.be\/wp-content\/uploads\/2020\/02\/bilans-290x193.jpg 290w\" sizes=\"auto, (max-width: 800px) 100vw, 800px\" \/><\/a><\/p>\n<p>Pour que vous soyez les principaux acteurs et actrices de l\u2019\u00e9volution de votre entreprise partag\u00e9e, pour faire vivre une v\u00e9ritable d\u00e9mocratie d\u2019entreprise, Smart invente des espaces de r\u00e9flexion et d\u2019\u00e9change tout au long de l\u2019ann\u00e9e.<\/p>\n<p id=\"espacesparticipation\"><strong>Impliquez-vous dans la vie de la coop\u00e9rative.<\/strong><\/p>\n<ul>\n<li>Participez aux ateliers Vie coop. <a href=\"https:\/\/new.smartbe.be\/fr\/agenda\/\">D\u00e9couvrez la programmation<\/a><\/li>\n<li><a href=\"https:\/\/smartbe.be\/fr\/la-cooperative-2\/smart-labs\/\">Rejoignez ou initiez un SmartLab<\/a><\/li>\n<li><a href=\"https:\/\/smartbe.be\/fr\/assemblee-generale-2\/\">Participez et votez \u00e0 l\u2019assembl\u00e9e g\u00e9n\u00e9rale<\/a><\/li>\n<\/ul>\n<p>Smart est une coop\u00e9rative dont les soci\u00e9taires \u00e9lisent un conseil d\u2019administration. Le Conseil d\u2019administration est charg\u00e9 de d\u00e9terminer les orientations strat\u00e9giques de l\u2019entreprise partag\u00e9e et leur mise en \u0153uvre.<\/p>\n<p><img loading=\"lazy\" decoding=\"async\" class=\"alignnone size-full wp-image-33556\" src=\"https:\/\/smartbe.be\/wp-content\/uploads\/2021\/01\/fleche-arrow-long.png\" alt=\"\" width=\"142\" height=\"13\" \/><strong>Retrouvez <\/strong><a href=\"https:\/\/smartbe.be\/fr\/la-cooperative-en-pratique-old\/le-conseil-dadministration\/\"><strong>le Conseil d&rsquo;administration<\/strong><\/a><\/p>\n<p>Vous avez encore des questions concernant la coop\u00e9rative?<\/p>\n<p><strong><img loading=\"lazy\" decoding=\"async\" class=\"alignnone size-full wp-image-33556\" src=\"https:\/\/smartbe.be\/wp-content\/uploads\/2021\/01\/fleche-arrow-long.png\" alt=\"\" width=\"142\" height=\"13\" \/>Lisez <a href=\"https:\/\/smartbe.be\/wp-content\/uploads\/2019\/06\/Smart-in-progress-Faire-coop\u00e9rative-FR.pdf\">Smart in Progress. Faire coop\u00e9rative<\/a><\/strong><\/p>\n<p>&nbsp;<\/p>\n<p>&nbsp;<\/p>\n<h3><strong>Pour aller plus loin:<\/strong><\/h3>\n<ul>\n<li><a href=\"https:\/\/smartbe.be\/fr\/smart-pour-qui\/\">Smart, pour qui?<\/a><\/li>\n<\/ul>\n<ul>\n<li><a href=\"https:\/\/smartbe.be\/fr\/comment-fonctionne-une-entreprise-partagee\/\">Comment fonctionne une entreprise partag\u00e9e?<\/a><\/li>\n<\/ul>\n<ul>\n<li><a href=\"https:\/\/smartbe.be\/fr\/securisez-votre-projet-professionnel\/\">S\u00e9curisez votre projet professionnel<\/a><\/li>\n<\/ul>\n<ul>\n<li><a href=\"https:\/\/smartbe.be\/fr\/pourquoi-rejoindre-smart\/\">Pourquoi rejoindre Smart?<\/a><\/li>\n<\/ul>\n<ul>\n<li><a href=\"https:\/\/smartbe.be\/fr\/nos-services\/\">Les outils et services de l\u2019entreprise partag\u00e9e<\/a><\/li>\n<\/ul>\n<ul>\n<li><a href=\"https:\/\/smartbe.be\/fr\/nos-services\/modele-economique\/\">Que co\u00fbte Smart?<\/a><\/li>\n<\/ul>\n<ul>\n<li><a href=\"https:\/\/guide.smart.coop\/docs\/comprendre-smart\">Comprendre Smart, le guide<\/a><\/li>\n<\/ul>\n<ul>\n<li><a href=\"https:\/\/smartbe.be\/fr\/news\/portrait\/mascha-je-nai-pas-le-temps-de-rappeler-les-impayes-je-prefere-de-loin-consacrer-ce-temps-la-au-processus-de-creation\/\">Ils et elles ont rejoint Smart. D\u00e9couvrez pourquoi<\/a><\/li>\n<\/ul>","protected":false},"excerpt":{"rendered":"<p>Smart appartient \u00e0 ses soci\u00e9taires et leur est enti\u00e8rement d\u00e9di\u00e9e. Mais devenir et \u00eatre soci\u00e9taire, \u00e7a veut dire quoi? Percevez les aspects pratiques du soci\u00e9tariat Pour que vous soyez les principaux acteurs et actrices de l\u2019\u00e9volution de votre entreprise partag\u00e9e, &hellip;<\/p>\n","protected":false},"author":53,"featured_media":0,"parent":0,"menu_order":0,"comment_status":"closed","ping_status":"closed","template":"","meta":{"footnotes":""},"tags":[],"class_list":["post-18923","page","type-page","status-publish","hentry"],"aioseo_notices":[],"_links":{"self":[{"href":"https:\/\/smartbe.be\/fr\/wp-json\/wp\/v2\/pages\/18923","targetHints":{"allow":["GET"]}}],"collection":[{"href":"https:\/\/smartbe.be\/fr\/wp-json\/wp\/v2\/pages"}],"about":[{"href":"https:\/\/smartbe.be\/fr\/wp-json\/wp\/v2\/types\/page"}],"author":[{"embeddable":true,"href":"https:\/\/smartbe.be\/fr\/wp-json\/wp\/v2\/users\/53"}],"replies":[{"embeddable":true,"href":"https:\/\/smartbe.be\/fr\/wp-json\/wp\/v2\/comments?post=18923"}],"version-history":[{"count":86,"href":"https:\/\/smartbe.be\/fr\/wp-json\/wp\/v2\/pages\/18923\/revisions"}],"predecessor-version":[{"id":48970,"href":"https:\/\/smartbe.be\/fr\/wp-json\/wp\/v2\/pages\/18923\/revisions\/48970"}],"wp:attachment":[{"href":"https:\/\/smartbe.be\/fr\/wp-json\/wp\/v2\/media?parent=18923"}],"wp:term":[{"taxonomy":"post_tag","embeddable":true,"href":"https:\/\/smartbe.be\/fr\/wp-json\/wp\/v2\/tags?post=18923"}],"curies":[{"name":"wp","href":"https:\/\/api.w.org\/{rel}","templated":true}]}}