
{"id":18578,"date":"2017-04-06T14:37:14","date_gmt":"2017-04-06T13:37:14","guid":{"rendered":"http:\/\/smartbe.be\/nl\/?page_id=18578"},"modified":"2017-07-28T14:19:27","modified_gmt":"2017-07-28T13:19:27","slug":"notre-assemblee-generale","status":"publish","type":"page","link":"https:\/\/smartbe.be\/fr\/la-cooperative-2\/les-archives-de-la-cooperative\/notre-assemblee-generale\/","title":{"rendered":"Notre Assembl\u00e9e g\u00e9n\u00e9rale : Let&rsquo;s coop 2017"},"content":{"rendered":"<p><a href=\"https:\/\/smartbe.be\/wordpress\/..\/wp-content\/uploads\/2017\/04\/signature_mail_ag_fbevent-01.jpg\"><img loading=\"lazy\" decoding=\"async\" class=\"alignnone size-full wp-image-19433 aligncenter\" src=\"https:\/\/smartbe.be\/wordpress\/..\/wp-content\/uploads\/2017\/04\/signature_mail_ag_fbevent-01.jpg\" alt=\"\" width=\"1933\" height=\"554\" srcset=\"https:\/\/smartbe.be\/wp-content\/uploads\/2017\/04\/signature_mail_ag_fbevent-01.jpg 1933w, https:\/\/smartbe.be\/wp-content\/uploads\/2017\/04\/signature_mail_ag_fbevent-01-300x86.jpg 300w, https:\/\/smartbe.be\/wp-content\/uploads\/2017\/04\/signature_mail_ag_fbevent-01-768x220.jpg 768w, https:\/\/smartbe.be\/wp-content\/uploads\/2017\/04\/signature_mail_ag_fbevent-01-1024x293.jpg 1024w, https:\/\/smartbe.be\/wp-content\/uploads\/2017\/04\/signature_mail_ag_fbevent-01-500x143.jpg 500w, https:\/\/smartbe.be\/wp-content\/uploads\/2017\/04\/signature_mail_ag_fbevent-01-290x83.jpg 290w\" sizes=\"auto, (max-width: 1933px) 100vw, 1933px\" \/><\/a><\/p>\n<p>Vous \u00e9tiez plus de 800 \u00e0 participer aux d\u00e9bats, \u00e0 vous rencontrer autour d&rsquo;une table-ronde, \u00e0 discuter dans nos espaces de networking ou tout simplement dans la cour\u00a0ou encore \u00e0 participer \u00e0 notre bureaux de sondage. Des <strong>Chiffres Smart pour les nuls<\/strong> au <strong>Futur du monde du travail<\/strong>, en passant par la <strong>Participation dans la coop\u00e9rative<\/strong>, les <strong>Diff\u00e9rents modes d&rsquo;implication<\/strong>, sans oublier le\u00a0<strong>R\u00e9seautage<\/strong>, les <strong>Outils informatiques<\/strong> ou encore les <strong>Communs<\/strong>, ce sont autant de sujets qui vous ont int\u00e9ress\u00e9s.<\/p>\n<p>Vous avez \u00e9t\u00e9 nombreux \u00e0 danser au son de <strong>la Plus Petite Boite de Nuit du Monde<\/strong> de <a href=\"https:\/\/www.facebook.com\/FortuneCollective\/\">Fortune Collective<\/a>,\u00a0\u00e0 vous faire prendre en photo sur la Sharingbox ou \u00e0 vous offrir une des tr\u00e8s belles <strong>s\u00e9rigraphies<\/strong> de <a href=\"http:\/\/www.ahaha.be\/\">Ahaha<\/a>\u00a0et de <a href=\"http:\/\/www.loupaucarre.be\/\">Loup<sup>2<\/sup><\/a>, \u00e0 recevoir les conseils <strong>s\u00e9curit\u00e9 v\u00e9lo<\/strong> de\u00a0<a href=\"http:\/\/hushrush.be\/\">Hush Rush<\/a>, \u00e0 profiter des <strong>r\u00e9parations<\/strong> de\u00a0<a href=\"http:\/\/velosos.weebly.com\/\">SOS V\u00e9lo<\/a>,\u00a0et \u00e0 danser au son de notre <strong>DJ Prince Off<\/strong> de <a href=\"https:\/\/www.facebook.com\/lavalleebxl\/\">LaVall\u00e9e<\/a>.<\/p>\n<p>Un sp\u00e9cial merci aux <a href=\"http:\/\/ikiyagolegacy.be\/\">Tambours du Burundi<\/a> pour leurs musiques et leurs danses qui ont apport\u00e9 une r\u00e9elle touche festive \u00e0 cette \u00e9dition de Let&rsquo;s coop 2017, l&rsquo;Assembl\u00e9e g\u00e9n\u00e9rale de la coop\u00e9rative Smart!<\/p>\n<h1>Retrouvez\u00a0:<\/h1>\n<ul class=\"nav nav-chevron red inline\">\n<li><a href=\"https:\/\/smartbe.be\/wp-content\/uploads\/2017\/06\/mep_planactivite_final.pdf\">Le programme d\u00e9taill\u00e9\u00a0de la journ\u00e9e<\/a><\/li>\n<\/ul>\n<ul class=\"nav nav-chevron red inline\">\n<li><a href=\"https:\/\/smartbe.be\/fr\/news\/intervenant-ag-2017\/\">Les intervenants<\/a><\/li>\n<\/ul>\n<ul class=\"nav nav-chevron red inline\">\n<li><a href=\"https:\/\/smartbe.be\/fr\/la-cooperative-en-pratique\/assemblee-generale-ordinaire-2017\/\">Les r\u00e9sultats de l&rsquo;Assembl\u00e9e g\u00e9n\u00e9rale ordinaire<\/a><\/li>\n<\/ul>\n<ul class=\"nav nav-chevron red inline\">\n<li><a href=\"https:\/\/www.facebook.com\/pg\/SMartBeFR\/videos\/\">Les vid\u00e9os de la journ\u00e9e<\/a>\u00a0(d\u00e9bats \u00ab\u00a0Futur du travail\u00a0\u00bb et Assembl\u00e9e g\u00e9n\u00e9rale)<\/li>\n<\/ul>\n<ul class=\"nav nav-chevron red inline\">\n<li><a href=\"https:\/\/www.flickr.com\/photos\/smartbe\/sets\/72157684239970573\/with\/36218013445\/\">Les photos\u00a0de Nicolas Bomal et de Ketchup Book<\/a><\/li>\n<\/ul>\n<ul class=\"nav nav-chevron red inline\">\n<li><a href=\"https:\/\/www.facebook.com\/pg\/SMartBeFR\/photos\/?tab=album&amp;album_id=1403550309732399\">Vos photos de la SharingBox<\/a><\/li>\n<\/ul>\n<ul class=\"nav nav-chevron red inline\">\n<li><a href=\"https:\/\/www.flickr.com\/photos\/pourlasolidarite\/sets\/72157683269447310\">Les photos de d\u00e9bat \u00ab\u00a0Vers un socle europ\u00e9en de droits sociaux\u00a0\u00bb<\/a> (co-organis\u00e9 avec <a href=\"http:\/\/www.pourlasolidarite.eu\/\">Pour la solidarit\u00e9<\/a>)<\/li>\n<\/ul>\n<p>&nbsp;<\/p>\n<p>&nbsp;<\/p>\n<p>&nbsp;<\/p>","protected":false},"excerpt":{"rendered":"<p>Vous \u00e9tiez plus de 800 \u00e0 participer aux d\u00e9bats, \u00e0 vous rencontrer autour d&rsquo;une table-ronde, \u00e0 discuter dans nos espaces de networking ou tout simplement dans la cour\u00a0ou encore \u00e0 participer \u00e0 notre bureaux de sondage. Des Chiffres Smart pour &hellip;<\/p>\n","protected":false},"author":7,"featured_media":0,"parent":20165,"menu_order":0,"comment_status":"closed","ping_status":"closed","template":"","meta":{"footnotes":""},"tags":[],"class_list":["post-18578","page","type-page","status-publish","hentry"],"aioseo_notices":[],"_links":{"self":[{"href":"https:\/\/smartbe.be\/fr\/wp-json\/wp\/v2\/pages\/18578","targetHints":{"allow":["GET"]}}],"collection":[{"href":"https:\/\/smartbe.be\/fr\/wp-json\/wp\/v2\/pages"}],"about":[{"href":"https:\/\/smartbe.be\/fr\/wp-json\/wp\/v2\/types\/page"}],"author":[{"embeddable":true,"href":"https:\/\/smartbe.be\/fr\/wp-json\/wp\/v2\/users\/7"}],"replies":[{"embeddable":true,"href":"https:\/\/smartbe.be\/fr\/wp-json\/wp\/v2\/comments?post=18578"}],"version-history":[{"count":42,"href":"https:\/\/smartbe.be\/fr\/wp-json\/wp\/v2\/pages\/18578\/revisions"}],"predecessor-version":[{"id":20402,"href":"https:\/\/smartbe.be\/fr\/wp-json\/wp\/v2\/pages\/18578\/revisions\/20402"}],"up":[{"embeddable":true,"href":"https:\/\/smartbe.be\/fr\/wp-json\/wp\/v2\/pages\/20165"}],"wp:attachment":[{"href":"https:\/\/smartbe.be\/fr\/wp-json\/wp\/v2\/media?parent=18578"}],"wp:term":[{"taxonomy":"post_tag","embeddable":true,"href":"https:\/\/smartbe.be\/fr\/wp-json\/wp\/v2\/tags?post=18578"}],"curies":[{"name":"wp","href":"https:\/\/api.w.org\/{rel}","templated":true}]}}