
{"id":18568,"date":"2017-04-06T14:46:26","date_gmt":"2017-04-06T13:46:26","guid":{"rendered":"http:\/\/smartbe.be\/nl\/?page_id=18568"},"modified":"2025-11-27T10:17:06","modified_gmt":"2025-11-27T09:17:06","slug":"devenez-membre-du-conseil-dadministration-de-la-cooperative","status":"publish","type":"page","link":"https:\/\/smartbe.be\/fr\/devenez-membre-du-conseil-dadministration-de-la-cooperative\/","title":{"rendered":"Le Conseil d\u2019administration de la coop\u00e9rative Smart [archive]"},"content":{"rendered":"<h3>Tout savoir sur le conseil d&rsquo;administration<\/h3>\n<p><strong>Etre membre du Conseil d\u2019administration de Smart c\u2019est :<\/strong><\/p>\n<ul>\n<li>mettre son \u00e9nergie dans un projet soci\u00e9tal qui fait sens dans un monde du travail en pleine mutation<\/li>\n<li>\u00eatre ambassadeur de Smart au quotidien<\/li>\n<li>miser sur le collectif dans les prises de d\u00e9cision<\/li>\n<li>exp\u00e9rimenter de pr\u00e8s la gestion d\u2019une coop\u00e9rative \u00e0 grande \u00e9chelle<\/li>\n<li>participer \u00e0 un projet \u00e9conomique innovateur<\/li>\n<\/ul>\n<p><strong>Par contre, ce n\u2019est pas :<\/strong><\/p>\n<ul>\n<li>repr\u00e9senter son secteur d&rsquo;activit\u00e9, sa r\u00e9gion ou sa langue<\/li>\n<li>vouloir d\u00e9fendre son int\u00e9r\u00eat personnel<\/li>\n<li>avoir dans l\u2019id\u00e9e de d\u00e9crocher un job<\/li>\n<li>devenir riche<\/li>\n<li>ou encore se mettre en avant<\/li>\n<\/ul>\n<p><strong>Nous souhaitons mobiliser des personnes actives, dynamiques et enthousiastes.<\/strong><\/p>\n<p>&nbsp;<\/p>\n<p>Selon les statuts de la coop\u00e9rative, ce Conseil d\u2019administration sera compos\u00e9<\/p>\n<ul>\n<li>de minimum 7 membres et maximum 18 membres<\/li>\n<li>de minimum 40% d&rsquo;administrateurs de sexe f\u00e9minin et 40% de sexe masculin<\/li>\n<li>de 3\/5\u00e8me de soci\u00e9taires-utilisateurs (<a href=\"https:\/\/smartbe.be\/fr\/societaire-de-categorie\/\">Cat\u00e9gorie A<\/a>), le reste \u00e9tant r\u00e9pertori\u00e9 en <a href=\"https:\/\/smartbe.be\/fr\/societaire-de-categorie-b\/\">Cat\u00e9gorie B<\/a><\/li>\n<li>de membres \u00e9lus\u00a0pour un mandat de 4 ans (et r\u00e9\u00e9ligibles une seule fois)<\/li>\n<\/ul>\n<p>Il sera<\/p>\n<ul>\n<li>tenu de se r\u00e9unir au minimum 3 fois par an<\/li>\n<li>en charge de d\u00e9terminer les orientations de l\u2019activit\u00e9 de l&rsquo;entreprise et de veiller \u00e0 leur mise en \u0153uvre (comptes annuels, rapport de gestion, agr\u00e9ment et tenue du registre des soci\u00e9taires)<\/li>\n<\/ul>\n<p>Une fois mis en place,\u00a0 Smart proposera au Conseil d\u2019administration des formations telles que lecture des comptes, gouvernance, etc.<\/p>\n<p>&nbsp;<\/p>\n<p><strong>Comment vous porter candidat ? Compl\u00e9tez<\/strong><strong>\u00a0le formulaire de candidature <a href=\"https:\/\/smartbe.be\/fr\/formulaire-de-candidature-ca\/\">ici<\/a>.\u00a0<\/strong><\/p>\n<h2>Fin des candidatures : 15 juin 2017 \u00e0 midi<\/h2>\n<p><strong>Besoin d&rsquo;information\u00a0? Contactez-nous via <\/strong><a href=\"mailto:&#x63;&#x61;&#x6d;&#x70;&#x61;&#x67;&#x6e;&#x65;&#x40;&#x73;&#x6d;&#x61;&#x72;&#x74;&#x2e;&#x63;&#x6f;&#x6f;&#x70;\">&#x63;&#x61;&#x6d;&#x70;&#x61;&#x67;&#x6e;&#x65;&#x40;<span class=\"oe_displaynone\">null<\/span>&#x73;&#x6d;&#x61;&#x72;&#x74;&#x2e;&#x63;&#x6f;&#x6f;&#x70;<\/a><\/p>\n<p>&nbsp;<\/p>\n<p>D\u00e9couvrez l&rsquo;excellent dossier de SAW-B sur les r\u00f4les du Conseil d&rsquo;administration dans les entreprises sociales <a href=\"http:\/\/www.saw-b.be\/spip\/IMG\/pdf\/a1701_le_role_du_ca.pdf\">ici<\/a>.<\/p>","protected":false},"excerpt":{"rendered":"<p>Tout savoir sur le conseil d&rsquo;administration Etre membre du Conseil d\u2019administration de Smart c\u2019est : mettre son \u00e9nergie dans un projet soci\u00e9tal qui fait sens dans un monde du travail en pleine mutation \u00eatre ambassadeur de Smart au quotidien miser &hellip;<\/p>\n","protected":false},"author":7,"featured_media":0,"parent":0,"menu_order":0,"comment_status":"closed","ping_status":"closed","template":"","meta":{"footnotes":""},"tags":[],"class_list":["post-18568","page","type-page","status-publish","hentry"],"aioseo_notices":[],"_links":{"self":[{"href":"https:\/\/smartbe.be\/fr\/wp-json\/wp\/v2\/pages\/18568","targetHints":{"allow":["GET"]}}],"collection":[{"href":"https:\/\/smartbe.be\/fr\/wp-json\/wp\/v2\/pages"}],"about":[{"href":"https:\/\/smartbe.be\/fr\/wp-json\/wp\/v2\/types\/page"}],"author":[{"embeddable":true,"href":"https:\/\/smartbe.be\/fr\/wp-json\/wp\/v2\/users\/7"}],"replies":[{"embeddable":true,"href":"https:\/\/smartbe.be\/fr\/wp-json\/wp\/v2\/comments?post=18568"}],"version-history":[{"count":49,"href":"https:\/\/smartbe.be\/fr\/wp-json\/wp\/v2\/pages\/18568\/revisions"}],"predecessor-version":[{"id":49010,"href":"https:\/\/smartbe.be\/fr\/wp-json\/wp\/v2\/pages\/18568\/revisions\/49010"}],"wp:attachment":[{"href":"https:\/\/smartbe.be\/fr\/wp-json\/wp\/v2\/media?parent=18568"}],"wp:term":[{"taxonomy":"post_tag","embeddable":true,"href":"https:\/\/smartbe.be\/fr\/wp-json\/wp\/v2\/tags?post=18568"}],"curies":[{"name":"wp","href":"https:\/\/api.w.org\/{rel}","templated":true}]}}