
{"id":18170,"date":"2017-01-25T12:21:46","date_gmt":"2017-01-25T11:21:46","guid":{"rendered":"http:\/\/smartbe.be\/fr\/?page_id=18170"},"modified":"2024-11-25T14:17:57","modified_gmt":"2024-11-25T13:17:57","slug":"faq","status":"publish","type":"page","link":"https:\/\/smartbe.be\/fr\/faq\/","title":{"rendered":"FAQ Soci\u00e9tariat"},"content":{"rendered":"<p><strong>Voici les r\u00e9ponses aux questions qui nous sont le plus souvent pos\u00e9es:<\/strong><\/p>\n<p>&nbsp;<\/p>\n<style>#sp-ea-33674 .spcollapsing { height: 0; overflow: hidden; transition-property: height;transition-duration: 500ms;}#sp-ea-33674.sp-easy-accordion>.sp-ea-single {margin-bottom: 10px; border: 1px solid #e2e2e2; }#sp-ea-33674.sp-easy-accordion>.sp-ea-single>.ea-header a {color: #444;}#sp-ea-33674.sp-easy-accordion>.sp-ea-single>.sp-collapse>.ea-body {background: #fff; color: #444;}#sp-ea-33674.sp-easy-accordion>.sp-ea-single {background: #eee;}#sp-ea-33674.sp-easy-accordion>.sp-ea-single>.ea-header a .ea-expand-icon { float: left; color: #444;font-size: 16px;}.sp-easy-accordion{font-family: \"cerebri_sans\", \"Helvetica Neue\", Arial, Helvetica, sans-serif;}\r\n.sp-easy-accordion .ea-expand h3.ea-header  a, .sp-easy-accordion .ea-expand h3.ea-header .ea-expand-icon{color:#ff4054 !important;}<\/style><div id=\"sp_easy_accordion-1703247430\"><div id=\"sp-ea-33674\" class=\"sp-ea-one sp-easy-accordion\" data-ea-active=\"ea-click\" data-ea-mode=\"vertical\" data-preloader=\"\" data-scroll-active-item=\"\" data-offset-to-scroll=\"0\"><div class=\"ea-card ea-expand sp-ea-single\"><h3 class=\"ea-header\"><a class=\"collapsed\" id=\"ea-header-336740\" role=\"button\" data-sptoggle=\"spcollapse\" data-sptarget=\"#collapse336740\" aria-controls=\"collapse336740\" href=\"#\" aria-expanded=\"true\" tabindex=\"0\"><i aria-hidden=\"true\" role=\"presentation\" class=\"ea-expand-icon eap-icon-ea-expand-minus\"><\/i> J\u2019ai souscrit \u00e0 une part coop\u00e9rative en 2025. Quand dois-je reprendre une part en 2026?<\/a><\/h3><div class=\"sp-collapse spcollapse collapsed show\" id=\"collapse336740\" data-parent=\"#sp-ea-33674\" role=\"region\" aria-labelledby=\"ea-header-336740\"> <div class=\"ea-body\"><p><em>L\u2019utilisation des outils Smart et l\u2019acc\u00e8s aux services mutualis\u00e9s de Smart n\u00e9cessite la lib\u00e9ration d\u2019une part coop\u00e9rative par an.<\/em><br \/><em>\u00c0 partir du 1er janvier 2026, et pour poursuivre l\u2019utilisation de vos outils, vous devrez souscrire une nouvelle part de 30 euros.<\/em><\/p><p><em>Pour rappel, sans souscription d\u2019une nouvelle part, il vous sera toujours possible d\u2019acc\u00e9der \u00e0 tous vos documents archiv\u00e9s. Si vous \u00eates utilisateur\u00b7trice en Activit\u00e9, il vous sera \u00e9galement possible d\u2019utiliser votre budget disponible (via des contrats de travail, des notes de frais ou (con)cessions de droits d\u2019auteur).<\/em><\/p><p><em>Connectez-vous \u00e0 votre Espace Smart &gt; cliquez sur votre nom (en haut \u00e0 droite)\u202f&gt; Mon historique &gt; Voir les transactions finalis\u00e9es &gt; Achat de parts sociales &gt; Certificat (pdf), pour consulter votre certificat. Si vous poss\u00e9dez d\u00e9j\u00e0 une part en 2025 et que vous en souscrivez une seconde d\u2019ici la fin de l\u2019ann\u00e9e 2025, celle-ci vaudra pour l\u2019ann\u00e9e 2026.<\/em><\/p><\/div><\/div><\/div><div class=\"ea-card sp-ea-single\"><h3 class=\"ea-header\"><a class=\"collapsed\" id=\"ea-header-336741\" role=\"button\" data-sptoggle=\"spcollapse\" data-sptarget=\"#collapse336741\" aria-controls=\"collapse336741\" href=\"#\" aria-expanded=\"false\" tabindex=\"0\"><i aria-hidden=\"true\" role=\"presentation\" class=\"ea-expand-icon eap-icon-ea-expand-plus\"><\/i> Est-il possible de souscrire \u00e0 une part coop\u00e9rative via le budget de mon Activit\u00e9?<\/a><\/h3><div class=\"sp-collapse spcollapse \" id=\"collapse336741\" data-parent=\"#sp-ea-33674\" role=\"region\" aria-labelledby=\"ea-header-336741\"> <div class=\"ea-body\"><p><em>Cela n\u2019est pas possible. La souscription d\u2019une part coop\u00e9rative est personnelle, depuis le patrimoine de la personne vers le capital de la coop\u00e9rative. Elle doit donc pouvoir justifier qu\u2019elle (et non son Activit\u00e9) a bien souscrit et pay\u00e9 cette part. Le budget de l\u2019Activit\u00e9 constitue, du point de vue comptable, l\u2019argent de la coop\u00e9rative; la coop\u00e9rative ne peut pas s\u2019acheter une part \u00e0 elle-m\u00eame.<\/em><\/p><p><em>Pour la m\u00eame raison, il n\u2019est pas possible de se faire rembourser cette part par son Activit\u00e9 en note de frais. Si c\u2019\u00e9tait le cas, la part \u00e9tant propri\u00e9t\u00e9 de la personne, quand elle se ferait rembourser la part par la coop\u00e9rative (par exemple en cas d\u2019arr\u00eat de l\u2019Activit\u00e9 et de sortie de Smart), elle l\u2019aurait \u201cr\u00e9cup\u00e9r\u00e9e\u201d deux fois: le remboursement via une note de frais, et le remboursement de la part en quittant la coop\u00e9rative.<\/em><\/p><\/div><\/div><\/div><div class=\"ea-card sp-ea-single\"><h3 class=\"ea-header\"><a class=\"collapsed\" id=\"ea-header-336742\" role=\"button\" data-sptoggle=\"spcollapse\" data-sptarget=\"#collapse336742\" aria-controls=\"collapse336742\" href=\"#\" aria-expanded=\"false\" tabindex=\"0\"><i aria-hidden=\"true\" role=\"presentation\" class=\"ea-expand-icon eap-icon-ea-expand-plus\"><\/i> Comment consulter mes parts coop\u00e9ratives?<\/a><\/h3><div class=\"sp-collapse spcollapse \" id=\"collapse336742\" data-parent=\"#sp-ea-33674\" role=\"region\" aria-labelledby=\"ea-header-336742\"> <div class=\"ea-body\"><p><em>Les parts sont nominatives et sont inscrites dans un registre. Elles figurent dans votre attestation \u00abachat de parts\u00bb (certificat) archiv\u00e9e dans votre Espace Smart &gt; Cliquez sur votre nom (en haut \u00e0 droite)\u202f&gt; Mon historique &gt; Voir les transactions finalis\u00e9es &gt; Achat de parts sociales &gt; Certificat (pdf).<\/em><\/p><\/div><\/div><\/div><div class=\"ea-card sp-ea-single\"><h3 class=\"ea-header\"><a class=\"collapsed\" id=\"ea-header-336743\" role=\"button\" data-sptoggle=\"spcollapse\" data-sptarget=\"#collapse336743\" aria-controls=\"collapse336743\" href=\"#\" aria-expanded=\"false\" tabindex=\"0\"><i aria-hidden=\"true\" role=\"presentation\" class=\"ea-expand-icon eap-icon-ea-expand-plus\"><\/i> J\u2019ai souscrit \u00e0 plusieurs parts coop\u00e9ratives durant l\u2019ann\u00e9e en cours, dois-je souscrire une nouvelle part l\u2019ann\u00e9e prochaine?<\/a><\/h3><div class=\"sp-collapse spcollapse \" id=\"collapse336743\" data-parent=\"#sp-ea-33674\" role=\"region\" aria-labelledby=\"ea-header-336743\"> <div class=\"ea-body\"><p><em>Non, le principe est de souscrire au minimum une part coop\u00e9rative par ann\u00e9e d\u2019utilisation des services Smart.<\/em><\/p><p><em>Par exemple, si vous \u00eates soci\u00e9taire de Smart depuis 2024 et que vous avez souscrit trois parts coop\u00e9ratives en 2024, vous pourrez utiliser les services Smart jusqu\u2019\u00e0 la fin de l\u2019ann\u00e9e 2026 sans devoir souscrire une nouvelle part.<\/em><\/p><p><em>\u00a0<\/em><\/p><\/div><\/div><\/div><div class=\"ea-card sp-ea-single\"><h3 class=\"ea-header\"><a class=\"collapsed\" id=\"ea-header-336744\" role=\"button\" data-sptoggle=\"spcollapse\" data-sptarget=\"#collapse336744\" aria-controls=\"collapse336744\" href=\"#\" aria-expanded=\"false\" tabindex=\"0\"><i aria-hidden=\"true\" role=\"presentation\" class=\"ea-expand-icon eap-icon-ea-expand-plus\"><\/i> J\u2019utilise plusieurs outils de Smart, dois-je souscrire une part coop\u00e9rative pour chacun d\u2019eux?<\/a><\/h3><div class=\"sp-collapse spcollapse \" id=\"collapse336744\" data-parent=\"#sp-ea-33674\" role=\"region\" aria-labelledby=\"ea-header-336744\"> <div class=\"ea-body\"><p><em>Non, une seule part suffit pour utiliser tous nos services. C\u2019est aussi simple que \u00e7a.<\/em><\/p><\/div><\/div><\/div><div class=\"ea-card sp-ea-single\"><h3 class=\"ea-header\"><a class=\"collapsed\" id=\"ea-header-336745\" role=\"button\" data-sptoggle=\"spcollapse\" data-sptarget=\"#collapse336745\" aria-controls=\"collapse336745\" href=\"#\" aria-expanded=\"false\" tabindex=\"0\"><i aria-hidden=\"true\" role=\"presentation\" class=\"ea-expand-icon eap-icon-ea-expand-plus\"><\/i> Je n\u2019ai plus de lien avec Smart. Comment sortir du soci\u00e9tariat?<\/a><\/h3><div class=\"sp-collapse spcollapse \" id=\"collapse336745\" data-parent=\"#sp-ea-33674\" role=\"region\" aria-labelledby=\"ea-header-336745\"> <div class=\"ea-body\"><p><em>Pour demander votre sortie du soci\u00e9tariat, vous devez adresser un courrier dat\u00e9 et sign\u00e9 \u00e0 l\u2019attention de la pr\u00e9sidence du conseil d\u2019administration en pr\u00e9cisant que vous d\u00e9missionnez du soci\u00e9tariat et que vous souhaitez le remboursement de vos parts coop\u00e9ratives, ainsi que la confirmation de votre num\u00e9ro de compte bancaire. Ce courrier est \u00e0 envoyer \u00e0 l\u2019adresse mail <a href=\"mailto:&#x69;&#x6e;&#x73;&#x74;&#x61;&#x6e;&#x63;&#x65;&#x73;&#x40;&#x73;&#x6d;&#x61;&#x72;&#x74;&#x2e;&#x63;&#x6f;&#x6f;&#x70;\">&#x69;&#x6e;&#x73;&#x74;&#x61;&#x6e;&#x63;&#x65;&#x73;&#x40;<span class=\"oe_displaynone\">null<\/span>&#x73;&#x6d;&#x61;&#x72;&#x74;&#x2e;&#x63;&#x6f;&#x6f;&#x70;<\/a>.<\/em><\/p><p><em>Un accus\u00e9 de r\u00e9ception vous sera adress\u00e9 par e-mail vous expliquant la proc\u00e9dure de remboursement de la valeur de vos parts ainsi que les d\u00e9lais.<\/em><\/p><p><em>Si vous \u00eates soci\u00e9taire de la cat\u00e9gorie A, merci \u00e9galement de pr\u00e9ciser votre num\u00e9ro de membre.<\/em><\/p><p><em>Le conseil d\u2019administration dispose d\u2019un d\u00e9lai de trois ans pour le remboursement total des parts d\u00e9livr\u00e9es \u00e0 leur valeur nominale, sous condition que toutes les dettes \u00e9ventuelles envers la coop\u00e9rative aient pu \u00eatre apur\u00e9es.<\/em><\/p><\/div><\/div><\/div><div class=\"ea-card sp-ea-single\"><h3 class=\"ea-header\"><a class=\"collapsed\" id=\"ea-header-336746\" role=\"button\" data-sptoggle=\"spcollapse\" data-sptarget=\"#collapse336746\" aria-controls=\"collapse336746\" href=\"#\" aria-expanded=\"false\" tabindex=\"0\"><i aria-hidden=\"true\" role=\"presentation\" class=\"ea-expand-icon eap-icon-ea-expand-plus\"><\/i> Ma relation \u00e0 Smart change, et de fait, ma cat\u00e9gorie de soci\u00e9taire \u00e9galement. Je ne souhaite pas quitter le soci\u00e9tariat, comment faire? <\/a><\/h3><div class=\"sp-collapse spcollapse \" id=\"collapse336746\" data-parent=\"#sp-ea-33674\" role=\"region\" aria-labelledby=\"ea-header-336746\"> <div class=\"ea-body\"><p>Votre relation \u00e0 Smart \u00e9volue? Vous devenez membre de l\u2019\u00e9quipe permanente et aviez une activit\u00e9 ou l\u2019inverse? Vous \u00e9tiez partenaire de Smart et ouvrez maintenant une activit\u00e9? Quel que soit votre cas de figure, si vous souhaitez continuer \u00e0 contribuer au projet de Smart \u00e0 travers vos parts, il vous suffit de manifester ce changement \u00e0<a href=\"mailto:&#x69;&#x6e;&#x73;&#x74;&#x61;&#x6e;&#x63;&#x65;&#x73;&#x40;&#x73;&#x6d;&#x61;&#x72;&#x74;&#x2e;&#x63;&#x6f;&#x6f;&#x70;\"> &#x69;&#x6e;&#x73;&#x74;&#x61;&#x6e;&#x63;&#x65;&#x73;&#x40;<span class=\"oe_displaynone\">null<\/span>&#x73;&#x6d;&#x61;&#x72;&#x74;&#x2e;&#x63;&#x6f;&#x6f;&#x70;<\/a> pour conna\u00eetre le d\u00e9tail des d\u00e9marches \u00e0 effectuer. Vous pouvez \u00e9galement retrouver les sp\u00e9cificit\u00e9s de chaque cat\u00e9gorie de soci\u00e9taire <a href=\"https:\/\/smartbe.be\/fr\/la-cooperative-2\/devenir-societaire\/\">sur cette page<\/a>.<\/p><\/div><\/div><\/div><div class=\"ea-card sp-ea-single\"><h3 class=\"ea-header\"><a class=\"collapsed\" id=\"ea-header-336747\" role=\"button\" data-sptoggle=\"spcollapse\" data-sptarget=\"#collapse336747\" aria-controls=\"collapse336747\" href=\"#\" aria-expanded=\"false\" tabindex=\"0\"><i aria-hidden=\"true\" role=\"presentation\" class=\"ea-expand-icon eap-icon-ea-expand-plus\"><\/i> Lorsque je n\u2019utilise pas les services de Smart pendant une ann\u00e9e calendrier, est-il n\u00e9cessaire de poursuivre l\u2019acquisition d\u2019une part par an?<\/a><\/h3><div class=\"sp-collapse spcollapse \" id=\"collapse336747\" data-parent=\"#sp-ea-33674\" role=\"region\" aria-labelledby=\"ea-header-336747\"> <div class=\"ea-body\"><p><em>Non, il n\u2019est pas n\u00e9cessaire de souscrire une part coop\u00e9rative lors de cette ann\u00e9e calendaire. Si vous n\u2019utilisez pas nos services pendant une ou plusieurs ann\u00e9es calendrier, il vous suffira de souscrire une part pour l\u2019ann\u00e9e calendrier o\u00f9 vous souhaitez \u00e0 nouveau profiter de nos services. Si la valeur de vos parts vous avait \u00e9t\u00e9 rembours\u00e9e suite \u00e0 une d\u00e9mission de notre coop\u00e9rative et que vous souhaitez \u00e0 nouveau utiliser les services Smart, il faudra que vous souscriviez \u00e0 nouveau \u00e0 une part coop\u00e9rative par ann\u00e9e d\u2019utilisation des outils. (cf. Question \u201cJe souhaite \u00e0 nouveau utiliser les services de Smart, apr\u00e8s avoir quitt\u00e9 la coop\u00e9rative. La valeur de mes parts coop\u00e9ratives m\u2019avait \u00e9t\u00e9 rembours\u00e9e, dois-je \u00e0 nouveau souscrire?\u201d).<\/em><\/p><\/div><\/div><\/div><div class=\"ea-card sp-ea-single\"><h3 class=\"ea-header\"><a class=\"collapsed\" id=\"ea-header-336748\" role=\"button\" data-sptoggle=\"spcollapse\" data-sptarget=\"#collapse336748\" aria-controls=\"collapse336748\" href=\"#\" aria-expanded=\"false\" tabindex=\"0\"><i aria-hidden=\"true\" role=\"presentation\" class=\"ea-expand-icon eap-icon-ea-expand-plus\"><\/i> Je souhaite \u00e0 nouveau utiliser les services de Smart, apr\u00e8s avoir quitt\u00e9 la coop\u00e9rative. La valeur de mes parts sociales m\u2019avait \u00e9t\u00e9 rembours\u00e9e, dois-je \u00e0 nouveau souscrire?<\/a><\/h3><div class=\"sp-collapse spcollapse \" id=\"collapse336748\" data-parent=\"#sp-ea-33674\" role=\"region\" aria-labelledby=\"ea-header-336748\"> <div class=\"ea-body\"><p>Quelles que soient les raisons pour lesquelles vous vous \u00e9tiez retir\u00e9\u00b7e du projet coop\u00e9ratif, vous \u00eates \u00e9videmment le\u00b7la bienvenu\u00b7e si vous d\u00e9cidez d\u2019utiliser \u00e0 nouveau les outils de Smart.<\/p><p>Il faudra alors que vous souscriviez \u00e0 nouveau une part sociale par ann\u00e9e d\u2019utilisation des outils.<\/p><p>Par exemple:<\/p><p>Vous avez \u00e9t\u00e9 actif\u00b7ve en 2017, 2018 et 2019 et aviez souscrit trois parts sociales.<br \/>Vous d\u00e9missionnez en 2019 et la valeur de vos parts sociales vous est rembours\u00e9e.<\/p><p>Si vous souhaitez \u00e0 nouveau utiliser les services de Smart en 2026, vous devrez souscrire quatre parts sociales, \u00e0 savoir pour les ann\u00e9es 2017, 2018, 2019 et 2026.<\/p><\/div><\/div><\/div><div class=\"ea-card sp-ea-single\"><h3 class=\"ea-header\"><a class=\"collapsed\" id=\"ea-header-336749\" role=\"button\" data-sptoggle=\"spcollapse\" data-sptarget=\"#collapse336749\" aria-controls=\"collapse336749\" href=\"#\" aria-expanded=\"false\" tabindex=\"0\"><i aria-hidden=\"true\" role=\"presentation\" class=\"ea-expand-icon eap-icon-ea-expand-plus\"><\/i> J\u2019ai pris une part coop\u00e9rative en 2025, est-ce que je peux voter \u00e0 l\u2019assembl\u00e9e g\u00e9n\u00e9rale en 2026?<\/a><\/h3><div class=\"sp-collapse spcollapse \" id=\"collapse336749\" data-parent=\"#sp-ea-33674\" role=\"region\" aria-labelledby=\"ea-header-336749\"> <div class=\"ea-body\"><p><em>Bien s\u00fbr, l\u2019acquisition d\u2019une part coop\u00e9rative fait de vous un soci\u00e9taire jusqu\u2019\u00e0 votre d\u00e9mission ou retrait de la coop\u00e9rative (article 18 des <a href=\"https:\/\/smartbe.be\/wp-content\/uploads\/2022\/08\/Statuts_SmartCoop_aout_22.pdf\">statuts<\/a>).<\/em><\/p><\/div><\/div><\/div><div class=\"ea-card sp-ea-single\"><h3 class=\"ea-header\"><a class=\"collapsed\" id=\"ea-header-3367410\" role=\"button\" data-sptoggle=\"spcollapse\" data-sptarget=\"#collapse3367410\" aria-controls=\"collapse3367410\" href=\"#\" aria-expanded=\"false\" tabindex=\"0\"><i aria-hidden=\"true\" role=\"presentation\" class=\"ea-expand-icon eap-icon-ea-expand-plus\"><\/i> Qu\u2019est-ce que \u00e7a change de prendre plusieurs parts?<\/a><\/h3><div class=\"sp-collapse spcollapse \" id=\"collapse3367410\" data-parent=\"#sp-ea-33674\" role=\"region\" aria-labelledby=\"ea-header-3367410\"> <div class=\"ea-body\"><p><em>Notre coop\u00e9rative respecte le principe de \u00abune personne, une voix\u00bb \u2013 le fait de poss\u00e9der plusieurs parts ne changera donc rien au droit de vote des soci\u00e9taires. Le fait d\u2019acqu\u00e9rir plusieurs parts vous permet d\u2019apporter votre soutien \u00e0 la coop\u00e9rative Smart et d\u2019acc\u00e9der \u00e0 nos outils pour le nombre d\u2019ann\u00e9es \u00e9quivalent au nombre de parts. Par exemple, si vous avez fait l'acquisition de 17 parts en 2017, vous pourrez utiliser nos services jusqu\u2019en 2033 sans racheter de part coop\u00e9rative.<\/em><\/p><\/div><\/div><\/div><div class=\"ea-card sp-ea-single\"><h3 class=\"ea-header\"><a class=\"collapsed\" id=\"ea-header-3367411\" role=\"button\" data-sptoggle=\"spcollapse\" data-sptarget=\"#collapse3367411\" aria-controls=\"collapse3367411\" href=\"#\" aria-expanded=\"false\" tabindex=\"0\"><i aria-hidden=\"true\" role=\"presentation\" class=\"ea-expand-icon eap-icon-ea-expand-plus\"><\/i> Mes client\u00b7es doivent-ils\u00b7elles devenir soci\u00e9taires de la coop\u00e9rative?<\/a><\/h3><div class=\"sp-collapse spcollapse \" id=\"collapse3367411\" data-parent=\"#sp-ea-33674\" role=\"region\" aria-labelledby=\"ea-header-3367411\"> <div class=\"ea-body\"><p><em>Pour l\u2019instant, seul\u00b7es les utilisateur\u00b7trices de nos services (les \u00abmembres\u00bb) sont oblig\u00e9\u00b7es statutairement de devenir soci\u00e9taires. Vos clients peuvent, s\u2019ils le d\u00e9sirent, acqu\u00e9rir une part de notre coop\u00e9rative et ainsi s\u2019impliquer dans le projet collectif. Vos clients feront ainsi partie de la cat\u00e9gorie C des soci\u00e9taires (cf. <a href=\"https:\/\/smartbe.be\/wp-content\/uploads\/2022\/08\/Statuts_SmartCoop_aout_22.pdf\">nos statuts<\/a>\u00a0article 9).<\/em><\/p><\/div><\/div><\/div><div class=\"ea-card sp-ea-single\"><h3 class=\"ea-header\"><a class=\"collapsed\" id=\"ea-header-3367412\" role=\"button\" data-sptoggle=\"spcollapse\" data-sptarget=\"#collapse3367412\" aria-controls=\"collapse3367412\" href=\"#\" aria-expanded=\"false\" tabindex=\"0\"><i aria-hidden=\"true\" role=\"presentation\" class=\"ea-expand-icon eap-icon-ea-expand-plus\"><\/i> Quels sont les diff\u00e9rents r\u00f4les entre SmartCoop (la soci\u00e9t\u00e9 coop\u00e9rative) et Productions Associ\u00e9es?<\/a><\/h3><div class=\"sp-collapse spcollapse \" id=\"collapse3367412\" data-parent=\"#sp-ea-33674\" role=\"region\" aria-labelledby=\"ea-header-3367412\"> <div class=\"ea-body\"><p><em>SmartCoop et Productions Associ\u00e9es sont bien deux entit\u00e9s juridiques distinctes. L\u2019ASBL Productions Associ\u00e9es reste l\u2019entit\u00e9 de production principale de Smart, qui conclut les contrats avec les client\u00b7es. Elle est administr\u00e9e par SmartCoop en tant qu\u2019entit\u00e9 faiti\u00e8re du groupe Smart. C\u2019est donc bien l\u2019entit\u00e9 Productions Associ\u00e9es qui agit comme employeuse lorsque vous ex\u00e9cutez un travail pour un\u00b7e client\u00b7e, et non SmartCoop.<\/em><\/p><\/div><\/div><\/div><div class=\"ea-card sp-ea-single\"><h3 class=\"ea-header\"><a class=\"collapsed\" id=\"ea-header-3367413\" role=\"button\" data-sptoggle=\"spcollapse\" data-sptarget=\"#collapse3367413\" aria-controls=\"collapse3367413\" href=\"#\" aria-expanded=\"false\" tabindex=\"0\"><i aria-hidden=\"true\" role=\"presentation\" class=\"ea-expand-icon eap-icon-ea-expand-plus\"><\/i> Peut-on b\u00e9n\u00e9ficier d\u2019une r\u00e9duction d\u2019imp\u00f4ts sur les parts coop\u00e9ratives souscrites?<\/a><\/h3><div class=\"sp-collapse spcollapse \" id=\"collapse3367413\" data-parent=\"#sp-ea-33674\" role=\"region\" aria-labelledby=\"ea-header-3367413\"> <div class=\"ea-body\"><p><em>Les parts coop\u00e9ratives souscrites aupr\u00e8s de SmartCoop peuvent \u00eatre d\u00e9clar\u00e9es dans votre d\u00e9claration annuelle fiscale avec le code 1362\/2362. En effet, les articles 145\/7 et 145\/1,4\u00b0 du Code des imp\u00f4ts sur les revenus permet une r\u00e9duction d\u2019imp\u00f4ts de 30% sur les sommes r\u00e9ellement pay\u00e9es. Pour cela, il faut maintenir au moins cinq ans son capital dans la soci\u00e9t\u00e9. \u00c0 titre d\u2019exemple, pour une part coop\u00e9rative souscrite de 30 euros, il s\u2019agira d\u2019une r\u00e9duction d\u2019imp\u00f4ts de 9 euros.<\/em><\/p><p><em>Cette r\u00e9duction d'imp\u00f4ts ne peut d\u00e9passer 780 euros par an et n'est pas cumulable avec la r\u00e9duction d'imp\u00f4ts \u00e9ventuelle dont vous b\u00e9n\u00e9ficiez au titre d'une \u00e9pargne-pension (cadre X.II.E). Il faut donc choisir entre une des deux r\u00e9ductions d'imp\u00f4t.<\/em><\/p><p><em>Pour plus d'informations, consultez la <a href=\"https:\/\/finances.belgium.be\/sites\/default\/files\/downloads\/111-explications-partie-1-bxl-2022.pdf\">brochure explicative du SPF<\/a>, page 97 cadre X.II.F.<\/em><\/p><p><em>Pour le d\u00e9tail fiscal, vous pouvez vous r\u00e9f\u00e9rer au cadre X \u2013 R\u00e9ductions d\u2019imp\u00f4t<\/em><\/p><p>II.F. 1362 \/ 2362 : Souscription d\u2019actions de l\u2019employeur de maximum 780 euros par personne, r\u00e9duction de 30% non cumulable avec l\u2019\u00e9pargne-pension.<\/p><\/div><\/div><\/div><div class=\"ea-card sp-ea-single\"><h3 class=\"ea-header\"><a class=\"collapsed\" id=\"ea-header-3367414\" role=\"button\" data-sptoggle=\"spcollapse\" data-sptarget=\"#collapse3367414\" aria-controls=\"collapse3367414\" href=\"#\" aria-expanded=\"false\" tabindex=\"0\"><i aria-hidden=\"true\" role=\"presentation\" class=\"ea-expand-icon eap-icon-ea-expand-plus\"><\/i> En tant que soci\u00e9taire de SmartCoop, vais-je percevoir des dividendes?<\/a><\/h3><div class=\"sp-collapse spcollapse \" id=\"collapse3367414\" data-parent=\"#sp-ea-33674\" role=\"region\" aria-labelledby=\"ea-header-3367414\"> <div class=\"ea-body\"><p><em>Non, SmartCoop est une soci\u00e9t\u00e9 coop\u00e9rative agr\u00e9\u00e9e entreprise sociale, elle a fait le choix d'investir l'ensemble de ses b\u00e9n\u00e9fices dans les projets et affectations qui sont n\u00e9cessaires ou utiles \u00e0 la r\u00e9alisation de son objet, sa finalit\u00e9 et ses valeurs, ainsi qu'aux services fournis aux soci\u00e9taires. Aucune distribution de dividendes n'est donc possible, en vertu des articles 3 et 43 des <a href=\"https:\/\/smartbe.be\/fr\/la-cooperative-2\/documentation\/\">statuts<\/a>.<\/em><\/p><p><em>\u00a0<\/em><\/p><\/div><\/div><\/div><div class=\"ea-card sp-ea-single\"><h3 class=\"ea-header\"><a class=\"collapsed\" id=\"ea-header-3367415\" role=\"button\" data-sptoggle=\"spcollapse\" data-sptarget=\"#collapse3367415\" aria-controls=\"collapse3367415\" href=\"#\" aria-expanded=\"false\" tabindex=\"0\"><i aria-hidden=\"true\" role=\"presentation\" class=\"ea-expand-icon eap-icon-ea-expand-plus\"><\/i> Si Smart fait faillite, est-ce que l\u2019argent de mon Activit\u00e9 me sera r\u00e9tribu\u00e9?<\/a><\/h3><div class=\"sp-collapse spcollapse \" id=\"collapse3367415\" data-parent=\"#sp-ea-33674\" role=\"region\" aria-labelledby=\"ea-header-3367415\"> <div class=\"ea-body\"><p><em>La coop\u00e9rative a toujours eu une attitude prudente en investissant surtout la contribution de 6,5% pr\u00e9lev\u00e9e sur le chiffre d\u2019affaires, le reste servant de tr\u00e9sorerie. Si toutefois la sant\u00e9 financi\u00e8re de Smart se d\u00e9grade \u2013 ce que vous pouvez v\u00e9rifier chaque ann\u00e9e <a href=\"https:\/\/smartbe.be\/fr\/la-cooperative-2\/documentation\/\">en consultant notre rapport d\u2019activit\u00e9<\/a>, les comptes et bilans de la coop\u00e9rative, toutes les mesures seront prises en temps utile pour que vous puissiez utiliser les soldes disponibles de vos Activit\u00e9s.<\/em><\/p><p><em>Quoi qu\u2019il en soit, en cas de faillite d\u00e9clar\u00e9e, c\u2019est un curateur externe qui sera charg\u00e9 de la redistribution des fonds disponibles selon les lois en vigueur, qui pr\u00e9voient, tant du point de vue comptable que du point de vue social, le versement prioritaire des salaires.<\/em><\/p><\/div><\/div><\/div><\/div><\/div>\n<p>&nbsp;<\/p>\n<p><strong>\u25ba Vous ne trouvez pas la r\u00e9ponse \u00e0 votre question? Envoyez un mail \u00e0 <a href=\"mailto:&#x63;&#x6f;&#x6f;&#x70;&#x40;&#x73;&#x6d;&#x61;&#x72;&#x74;&#x2e;&#x63;&#x6f;&#x6f;&#x70;\">&#x63;&#x6f;&#x6f;&#x70;&#x40;<span class=\"oe_displaynone\">null<\/span>&#x73;&#x6d;&#x61;&#x72;&#x74;&#x2e;&#x63;&#x6f;&#x6f;&#x70;<\/a>!<\/strong><\/p>\n<p>&nbsp;<\/p>","protected":false},"excerpt":{"rendered":"<p>Voici les r\u00e9ponses aux questions qui nous sont le plus souvent pos\u00e9es: &nbsp; &nbsp; \u25ba Vous ne trouvez pas la r\u00e9ponse \u00e0 votre question? Envoyez un mail \u00e0 &#x63;&#x6f;&#x6f;&#x70;&#x40;null&#x73;&#x6d;&#x61;&#x72;&#x74;&#x2e;&#x63;&#x6f;&#x6f;&#x70;! &nbsp;<\/p>\n","protected":false},"author":6,"featured_media":0,"parent":0,"menu_order":0,"comment_status":"closed","ping_status":"closed","template":"","meta":{"footnotes":""},"tags":[],"class_list":["post-18170","page","type-page","status-publish","hentry"],"aioseo_notices":[],"_links":{"self":[{"href":"https:\/\/smartbe.be\/fr\/wp-json\/wp\/v2\/pages\/18170","targetHints":{"allow":["GET"]}}],"collection":[{"href":"https:\/\/smartbe.be\/fr\/wp-json\/wp\/v2\/pages"}],"about":[{"href":"https:\/\/smartbe.be\/fr\/wp-json\/wp\/v2\/types\/page"}],"author":[{"embeddable":true,"href":"https:\/\/smartbe.be\/fr\/wp-json\/wp\/v2\/users\/6"}],"replies":[{"embeddable":true,"href":"https:\/\/smartbe.be\/fr\/wp-json\/wp\/v2\/comments?post=18170"}],"version-history":[{"count":60,"href":"https:\/\/smartbe.be\/fr\/wp-json\/wp\/v2\/pages\/18170\/revisions"}],"predecessor-version":[{"id":47728,"href":"https:\/\/smartbe.be\/fr\/wp-json\/wp\/v2\/pages\/18170\/revisions\/47728"}],"wp:attachment":[{"href":"https:\/\/smartbe.be\/fr\/wp-json\/wp\/v2\/media?parent=18170"}],"wp:term":[{"taxonomy":"post_tag","embeddable":true,"href":"https:\/\/smartbe.be\/fr\/wp-json\/wp\/v2\/tags?post=18170"}],"curies":[{"name":"wp","href":"https:\/\/api.w.org\/{rel}","templated":true}]}}