
{"id":18009,"date":"2017-01-09T17:23:18","date_gmt":"2017-01-09T16:23:18","guid":{"rendered":"http:\/\/smartbe.be\/fr\/?page_id=18009"},"modified":"2017-01-10T16:11:41","modified_gmt":"2017-01-10T15:11:41","slug":"sessions-dinfo","status":"publish","type":"page","link":"https:\/\/smartbe.be\/fr\/sessions-dinfo\/","title":{"rendered":"Sessions d&rsquo;info"},"content":{"rendered":"<p>La coop\u00e9rative Smart est n\u00e9e, fruit de\u00a0<u><a href=\"https:\/\/smartbe.be\/fr\/smart-progress\/chronologie\/\">18 mois d&rsquo;\u00e9changes et de r\u00e9flexions avec vous<\/a><\/u>. Qu\u2019est-ce que \u00e7a change\u00a0? Cette session d\u2019information vous permettra de trouver les r\u00e9ponses \u00e0 toutes vos questions. Au menu\u00a0: les statuts de la coop\u00e9rative, l\u2019implication des soci\u00e9taires, le r\u00f4le du conseil d\u2019administration, l\u2019organisation des assembl\u00e9es g\u00e9n\u00e9rales&#8230;<\/p>\n<h3>Inscrivez-vous gratuitement pour une session d&rsquo;info:<\/h3>\n<ul>\n<li>\u00c0 <a href=\"http:\/\/session.smartbe.be\/liste\/fr\/infosession_fr.php?p=1&amp;t=21\" target=\"_blank\">Bruxelles (St-Gilles)<\/a><\/li>\n<li>\u00c0 <a href=\"http:\/\/session.smartbe.be\/liste\/fr\/infosession_fr.php?p=2&amp;t=21\" target=\"_blank\">Namur<\/a><\/li>\n<li>\u00c0 <a href=\"http:\/\/session.smartbe.be\/liste\/fr\/infosession_fr.php?p=3&amp;t=21\" target=\"_blank\">Li\u00e8ge<\/a><\/li>\n<li>\u00c0 <a href=\"http:\/\/session.smartbe.be\/liste\/fr\/infosession_fr.php?p=6&amp;t=21\" target=\"_blank\">Mons<\/a><\/li>\n<li>\u00c0 <a href=\"http:\/\/session.smartbe.be\/liste\/fr\/infosession_fr.php?p=8&amp;t=21\" target=\"_blank\">Charleroi<\/a><\/li>\n<li>\u00c0 <a href=\"http:\/\/session.smartbe.be\/liste\/fr\/infosession_fr.php?p=9&amp;t=21\" target=\"_blank\">Tournai<\/a><\/li>\n<li>\u00c0 <a href=\"http:\/\/session.smartbe.be\/liste\/fr\/infosession_fr.php?p=14&amp;t=21\">Louvain-la-Neuve<\/a><\/li>\n<\/ul>","protected":false},"excerpt":{"rendered":"<p>La coop\u00e9rative Smart est n\u00e9e, fruit de\u00a018 mois d&rsquo;\u00e9changes et de r\u00e9flexions avec vous. Qu\u2019est-ce que \u00e7a change\u00a0? Cette session d\u2019information vous permettra de trouver les r\u00e9ponses \u00e0 toutes vos questions. Au menu\u00a0: les statuts de la coop\u00e9rative, l\u2019implication des &hellip;<\/p>\n","protected":false},"author":6,"featured_media":0,"parent":0,"menu_order":0,"comment_status":"closed","ping_status":"closed","template":"","meta":{"footnotes":""},"tags":[],"class_list":["post-18009","page","type-page","status-publish","hentry"],"aioseo_notices":[],"_links":{"self":[{"href":"https:\/\/smartbe.be\/fr\/wp-json\/wp\/v2\/pages\/18009","targetHints":{"allow":["GET"]}}],"collection":[{"href":"https:\/\/smartbe.be\/fr\/wp-json\/wp\/v2\/pages"}],"about":[{"href":"https:\/\/smartbe.be\/fr\/wp-json\/wp\/v2\/types\/page"}],"author":[{"embeddable":true,"href":"https:\/\/smartbe.be\/fr\/wp-json\/wp\/v2\/users\/6"}],"replies":[{"embeddable":true,"href":"https:\/\/smartbe.be\/fr\/wp-json\/wp\/v2\/comments?post=18009"}],"version-history":[{"count":2,"href":"https:\/\/smartbe.be\/fr\/wp-json\/wp\/v2\/pages\/18009\/revisions"}],"predecessor-version":[{"id":18016,"href":"https:\/\/smartbe.be\/fr\/wp-json\/wp\/v2\/pages\/18009\/revisions\/18016"}],"wp:attachment":[{"href":"https:\/\/smartbe.be\/fr\/wp-json\/wp\/v2\/media?parent=18009"}],"wp:term":[{"taxonomy":"post_tag","embeddable":true,"href":"https:\/\/smartbe.be\/fr\/wp-json\/wp\/v2\/tags?post=18009"}],"curies":[{"name":"wp","href":"https:\/\/api.w.org\/{rel}","templated":true}]}}