
{"id":17395,"date":"2016-10-05T16:11:44","date_gmt":"2016-10-05T15:11:44","guid":{"rendered":"http:\/\/smartbe.be\/fr\/?page_id=17395"},"modified":"2026-03-31T15:17:40","modified_gmt":"2026-03-31T13:17:40","slug":"education-permanente-sommaire-general-des-cahiers","status":"publish","type":"page","link":"https:\/\/smartbe.be\/fr\/publications\/education-permanente-sommaire-general-des-cahiers\/","title":{"rendered":"Les cahiers d&rsquo;\u00e9ducation permanente"},"content":{"rendered":"<p><strong>Les Cahiers et Analyses rassemblent des textes critiques destin\u00e9es \u00e0 fournir des outils de r\u00e9flexion sur le travail aujourd\u2019hui, en particulier chez les freelances de toutes disciplines, et sur les probl\u00e9matiques de la coop\u00e9ration. Cette collection est publi\u00e9e par l&rsquo;APMC (asbl historique de Smart) avec le soutien de la F\u00e9d\u00e9ration Wallonie-Bruxelles, qui subventionne l\u2019asbl\u00a0 pour ses actions d&rsquo;\u00e9ducation permanente. La r\u00e9alisation de ces publications est assur\u00e9e par un comit\u00e9 de r\u00e9daction. Une \u00e9tude sur \u00ab\u00a0Le r\u00f4le du travail et des communs dans notre \u00e9poque de transition(s)\u00a0\u00bb est\u00a0 en cours de r\u00e9daction et sera bient\u00f4t disponible.<\/strong><\/p>\n<p><a href=\"https:\/\/smartbe.be\/wp-content\/uploads\/2025\/11\/APMC_B.png\"><img loading=\"lazy\" decoding=\"async\" class=\"aligncenter wp-image-49002 size-full\" src=\"https:\/\/smartbe.be\/wp-content\/uploads\/2025\/11\/APMC_B.png\" alt=\"\" width=\"409\" height=\"97\" srcset=\"https:\/\/smartbe.be\/wp-content\/uploads\/2025\/11\/APMC_B.png 409w, https:\/\/smartbe.be\/wp-content\/uploads\/2025\/11\/APMC_B-300x71.png 300w, https:\/\/smartbe.be\/wp-content\/uploads\/2025\/11\/APMC_B-290x69.png 290w\" sizes=\"auto, (max-width: 409px) 100vw, 409px\" \/><\/a><\/p>\n<p><strong><u><a href=\"https:\/\/smartbe.be\/fr\/education-permanente-sommaire-general-des-analyses\/\" target=\"_blank\" rel=\"noopener noreferrer\">D\u00e9couvrir les analyses<\/a><\/u><\/strong><\/p>\n<p><strong>2025<\/strong><\/p>\n<p>Justine Ballon, Marius Chevallier, Orville Pletschette (avec la collaboration de Thomas Blondeel), <a href=\"https:\/\/smartbe.be\/fr\/comprendre\/publications\/education-permanente\/la-democratie-dans-les-cooperatives-retours-dexperiences-chez-railcoop-et-smartcoop\/\">La d\u00e9mocratie dans les coop\u00e9ratives. Retours d&rsquo;exp\u00e9riences chez Railcoop et SmartCoop<\/a><\/p>\n<p><strong>2024<\/strong><\/p>\n<p>Jean-Fran\u00e7ois Draperi, <a href=\"https:\/\/smartbe.be\/fr\/comprendre\/publications\/education-permanente\/linterdependance-entre-les-cooperatives-et-la-puissance-publique-lecons-du-mouvement-cooperatif-socialiste-belge\/\">Coop\u00e9ration et socialisme: le\u00e7ons du mouvement coop\u00e9ratif socialiste belge<\/a><\/p>\n<p><strong>2023<\/strong><\/p>\n<p>Michel Bauwens, <a href=\"https:\/\/smartbe.be\/fr\/comprendre\/publications\/education-permanente\/le-role-du-travail-et-des-communs-dans-notre-epoque-de-transitions\/\">Le r\u00f4le du travail et des communs dans notre \u00e9poque de transition(s)<\/a><\/p>\n<p><strong>2022<\/strong><\/p>\n<p>Pascale Charon,<span style=\"font-family: 'Arial',sans-serif; color: #29200e;\">\u00a0<\/span><span style=\"font-family: 'Arial',sans-serif; color: #ff5050;\"><a href=\"https:\/\/smartbe.be\/fr\/comprendre\/publications\/education-permanente\/les-travailleurs-autonomes-en-europe-action-collective-et-representation-dinterets-paroles-et-regards-croises\/\"><span style=\"color: #ff5050; text-decoration: none; text-underline: none;\">Les travailleurs\u00b7ses autonomes en Europe. Action collective et repr\u00e9sentation d&rsquo;int\u00e9r\u00eats \u2013 Paroles et regards crois\u00e9s<\/span><\/a><\/span><\/p>\n<p><strong>2021<\/strong><\/p>\n<p>Jean-Fran\u00e7ois Draperi, Fr\u00e9d\u00e9ric Dufays, Sybille Mertens, St\u00e9phane Veyer, Carmelo Virone (dir.), <a href=\"https:\/\/smartbe.be\/fr\/comprendre\/publications\/education-permanente\/les-cooperatives-entre-management-et-contre-management\/\">Les coop\u00e9ratives entre management et contre-management<\/a><\/p>\n<p><strong>2020<\/strong><\/p>\n<p>Carmelo Virone, <a href=\"https:\/\/smartbe.be\/fr\/comprendre\/publications\/education-permanente\/karl-polanyi-et-michel-foucault-deux-voix-pour-contrer-le-neoliberalisme\/\">Karl Polanyi et Michel Foucault : deux pens\u00e9es pour s&rsquo;armer contre le n\u00e9olib\u00e9ralisme<\/a><\/p>\n<p><strong>2019<\/strong><\/p>\n<p>Mathieu Bietlot, \u00a0Marine Decl\u00e8ve, Arnaud Idelon, S\u00e9bastien Paule, Clo\u00e9 Salembier, Caroline Senez, Carmelo Virone (dir.), <a href=\"https:\/\/smartbe.be\/fr\/comprendre\/publications\/education-permanente\/espaces-partages-du-travail-a-la-fete\/\">Espaces partag\u00e9s, du travail \u00e0 la f\u00eate<\/a><\/p>\n<p><strong>2018<\/strong><\/p>\n<p>Julien Charles, Isabelle Ferreras, Auriane Lamine Avec Lionel Casterman et Tanguy Cravatte, <a href=\"https:\/\/smartbe.be\/wp-content\/uploads\/2019\/06\/Rapport-sociologique-final.pdf\">Pratiques et organisation du travail d\u00e9mocratique chez Smart<\/a><\/p>\n<p>Pierre Bataille et Louise de Braband\u00e8re, <a href=\"https:\/\/smartbe.be\/fr\/comprendre\/publications\/education-permanente\/la-musique-de-smart\/#.XEBfr81CfYA\">La musique de Smart<\/a><\/p>\n<p>Quentin Anciaux, Pierre Bataille, Thomas Blondeel, S\u00e9bastien Bours, Louise de Braband\u00e8re, Solange De Mesmaeker, Carmelo Virone (dir.), <a href=\"https:\/\/smartbe.be\/fr\/comprendre\/publications\/education-permanente\/musicien%e2%80%a7ne-quelques-realites-du-metier\/#.XBz2ks1CfYA\">Musicien<span lang=\"EN-US\">\u2027<\/span>ne : quelques r\u00e9alit\u00e9s du m\u00e9tier<\/a><\/p>\n<p><strong>2017<\/strong><\/p>\n<p>J\u00e9r\u00f4me Toussaint, <a href=\"https:\/\/smartbe.be\/fr\/comprendre\/publications\/education-permanente\/pour-une-extension-de-la-couverture-sociale-une-revue-des-principaux-courants-de-pensee-reformateurs\/\" target=\"_blank\" rel=\"noopener noreferrer\">Pour une extension de la couverture sociale. Une revue des principales propositions de r\u00e9forme<\/a><\/p>\n<p><strong>2016<\/strong><\/p>\n<p>Collectif (R. Burton, S. Giorgi, A. Jehin, H. Rajabaly, C. Virone (dir.), S. Ypersiel), <em><a href=\"https:\/\/smartbe.be\/fr\/comprendre\/publications\/education-permanente\/formation-professionnelle-et-formateurs-en-belgique-enjeux-et-perspectives-3\/\" target=\"_blank\" rel=\"noopener noreferrer\">Formation professionnelle et formateurs en Belgique. Enjeux et perspectives<\/a><\/em><\/p>\n<p>Jef Van Langendonck, <em><a href=\"https:\/\/smartbe.be\/fr\/comprendre\/publications\/education-permanente\/repenser-la-securite-sociale\/\" target=\"_blank\" rel=\"noopener noreferrer\">Repenser la s\u00e9curit\u00e9 sociale<\/a><\/em><\/p>\n<p>Sergio Bologna, <em><a href=\"https:\/\/smartbe.be\/fr\/comprendre\/publications\/education-permanente\/le-mouvement-des-freelances-origines-caracteristiques-et-developpement\/\" target=\"_blank\" rel=\"noopener noreferrer\">Le mouvement des freelances\u00a0: origines, caract\u00e9ristiques et d\u00e9veloppement<\/a>\u00a0<\/em><\/p>\n<p><strong>2015<\/strong><\/p>\n<p>Collectif (Anne Dujardin, Olivier Standaert, Adrien de Fraipont, Fabienne Laloux, Carmelo Virone), <em><a href=\"https:\/\/smartbe.be\/fr\/comprendre\/publications\/education-permanente\/le-metier-de-journaliste-de-la-precarisation-la-recherche-de-nouveaux-moyens-daction\/\" target=\"_blank\" rel=\"noopener noreferrer\">Le m\u00e9tier de journaliste. De la pr\u00e9carisation \u00e0 la recherche de nouveaux moyens d\u2019action.<\/a><\/em><\/p>\n<p>Dirk Vervenne,<em> <a href=\"https:\/\/smartbe.be\/fr\/comprendre\/publications\/education-permanente\/droits-dauteur-et-liberte-dusage-deux-reflexions\/\" target=\"_blank\" rel=\"noopener noreferrer\">Droits d\u2019auteur et libert\u00e9 d\u2019usage. Deux r\u00e9flexions.<\/a><\/em><\/p>\n<p>Tatiana Debroux,<em> <a href=\"https:\/\/smartbe.be\/fr\/comprendre\/publications\/education-permanente\/petites-histoires-des-artistes-en-ville\/\" target=\"_blank\" rel=\"noopener noreferrer\">Petites histoire(s) des artistes en ville.<\/a><\/em><\/p>\n<div><img \/><\/div>\n<div>\n<div class=\"text-center\"><strong>Avec le soutien de la F\u00e9d\u00e9ration Wallonie-Bruxelles<\/strong><\/div>\n<div><\/div>\n<div class=\"text-center\"><a href=\"http:\/\/www.culture.be\/\"><img loading=\"lazy\" decoding=\"async\" class=\"alignnone wp-image-7619\" src=\"https:\/\/smartbe.be\/wp-content\/uploads\/2013\/11\/culture.be_.png\" alt=\"logo_culture.be\" width=\"137\" height=\"70\" \/><\/a>\u00a0\u00a0<a href=\"http:\/\/www.educationpermanente.cfwb.be\/\"><img loading=\"lazy\" decoding=\"async\" class=\"alignnone wp-image-7620\" src=\"https:\/\/smartbe.be\/wp-content\/uploads\/2013\/11\/logoFWB.jpeg\" alt=\"logo_FWB\" width=\"86\" height=\"83\" \/><\/a><\/div>\n<\/div>","protected":false},"excerpt":{"rendered":"<p>Les Cahiers et Analyses rassemblent des textes critiques destin\u00e9es \u00e0 fournir des outils de r\u00e9flexion sur le travail aujourd\u2019hui, en particulier chez les freelances de toutes disciplines, et sur les probl\u00e9matiques de la coop\u00e9ration. Cette collection est publi\u00e9e par l&rsquo;APMC &hellip;<\/p>\n","protected":false},"author":6,"featured_media":0,"parent":24941,"menu_order":0,"comment_status":"closed","ping_status":"closed","template":"","meta":{"footnotes":""},"tags":[],"class_list":["post-17395","page","type-page","status-publish","hentry"],"aioseo_notices":[],"_links":{"self":[{"href":"https:\/\/smartbe.be\/fr\/wp-json\/wp\/v2\/pages\/17395","targetHints":{"allow":["GET"]}}],"collection":[{"href":"https:\/\/smartbe.be\/fr\/wp-json\/wp\/v2\/pages"}],"about":[{"href":"https:\/\/smartbe.be\/fr\/wp-json\/wp\/v2\/types\/page"}],"author":[{"embeddable":true,"href":"https:\/\/smartbe.be\/fr\/wp-json\/wp\/v2\/users\/6"}],"replies":[{"embeddable":true,"href":"https:\/\/smartbe.be\/fr\/wp-json\/wp\/v2\/comments?post=17395"}],"version-history":[{"count":53,"href":"https:\/\/smartbe.be\/fr\/wp-json\/wp\/v2\/pages\/17395\/revisions"}],"predecessor-version":[{"id":49489,"href":"https:\/\/smartbe.be\/fr\/wp-json\/wp\/v2\/pages\/17395\/revisions\/49489"}],"up":[{"embeddable":true,"href":"https:\/\/smartbe.be\/fr\/wp-json\/wp\/v2\/pages\/24941"}],"wp:attachment":[{"href":"https:\/\/smartbe.be\/fr\/wp-json\/wp\/v2\/media?parent=17395"}],"wp:term":[{"taxonomy":"post_tag","embeddable":true,"href":"https:\/\/smartbe.be\/fr\/wp-json\/wp\/v2\/tags?post=17395"}],"curies":[{"name":"wp","href":"https:\/\/api.w.org\/{rel}","templated":true}]}}