
{"id":17213,"date":"2016-09-09T10:58:24","date_gmt":"2016-09-09T09:58:24","guid":{"rendered":"http:\/\/smartbe.be\/fr\/?page_id=17213"},"modified":"2026-04-15T17:42:32","modified_gmt":"2026-04-15T15:42:32","slug":"documentation","status":"publish","type":"page","link":"https:\/\/smartbe.be\/fr\/la-cooperative-2\/documentation\/","title":{"rendered":"Documents utiles"},"content":{"rendered":"<h3><\/h3>\n<h3><a href=\"https:\/\/smartbe.be\/wp-content\/uploads\/2020\/02\/documentation-e1581434549347.jpg\"><img loading=\"lazy\" decoding=\"async\" class=\"alignnone size-full wp-image-29902\" src=\"https:\/\/smartbe.be\/wp-content\/uploads\/2020\/02\/documentation-e1581434549347.jpg\" alt=\"\" width=\"445\" height=\"159\" \/><\/a><\/h3>\n<h3>Documents-cl\u00e9s<\/h3>\n<ul>\n<li><a href=\"https:\/\/smartbe.be\/wp-content\/uploads\/2024\/08\/Statuts_Smart.pdf\">Statuts de la coop\u00e9rative Smart<\/a><\/li>\n<li><a href=\"https:\/\/smartbe.be\/wp-content\/uploads\/2024\/02\/smart_brochure_utilisateurs_FR_2024_WEB.pdf\">Brochure Smart publique pour utilisateur\u00b7trice<\/a><\/li>\n<li><a href=\"https:\/\/smartbe.be\/wp-content\/uploads\/2024\/10\/plaquette_institu_FR-1.pdf\">SmartCoop brochure institutionnelle<\/a><\/li>\n<li><a href=\"https:\/\/smartbe.be\/wp-content\/uploads\/2023\/11\/230904_ContratdUtilisation.pdf\">Contrat d&rsquo;Utilisation de Smart<\/a><\/li>\n<li><a href=\"https:\/\/smartbe.be\/wp-content\/uploads\/2022\/02\/Smart-strategie-2025.pdf\">Smart 2025<\/a><\/li>\n<li><a href=\"https:\/\/smartbe.be\/wp-content\/uploads\/2019\/02\/SMart-2020-FR.pdf\">Plan d&rsquo;orientation strat\u00e9gique \u00ab\u00a0Smart 2020\u00a0\u00bb<\/a><\/li>\n<li><a href=\"https:\/\/smartbe.be\/wp-content\/uploads\/2022\/08\/220621_ROI_SmartCoop_2022_FR.pdf\">R\u00e8glement d&rsquo;ordre int\u00e9rieur<\/a><\/li>\n<li><a href=\"https:\/\/smartbe.be\/wp-content\/uploads\/2019\/08\/Smart_a_decouvert_FR_2019.pdf\">Smart \u00e0 d\u00e9couvert<\/a> (\u00e9dition 2019): qui est Smart, quel est son projet, que fait Smart, comment agir au sein de Smart, quel est son mod\u00e8le \u00e9conomique?<\/li>\n<\/ul>\n<p>&nbsp;<\/p>\n<h3><span data-teams=\"true\">Lire les <\/span><a href=\"https:\/\/smartbe.be\/fr\/publications\/\"><span data-teams=\"true\">\u00e9tudes et analyses d&rsquo;\u00e9ducation permanente<\/span><\/a> dirig\u00e9es par l&rsquo;APMC de Smart.<\/h3>\n<p>&nbsp;<\/p>\n<h3><a name=\"rapports\"><\/a>Rapports d&rsquo;activit\u00e9<\/h3>\n<ul>\n<li><a href=\"https:\/\/new.smartbe.be\/wp-content\/uploads\/2025\/05\/RapportActicite_Smart_25_WEB.pdf\">Rapport d&rsquo;activit\u00e9 Smart 2024<\/a><\/li>\n<li><a href=\"https:\/\/smartbe.be\/wp-content\/uploads\/2024\/08\/Rapport_activite_ONLINE.pdf\" target=\"_blank\" rel=\"noopener\">Rapport d&rsquo;activit\u00e9 Smart 2023<\/a><\/li>\n<li><a href=\"https:\/\/smartbe.be\/wp-content\/uploads\/2024\/11\/Rapport_activite_online_24.pdf\">Rapport d&rsquo;activit\u00e9 Smart 2022<\/a><\/li>\n<li><a href=\"https:\/\/smartbe.be\/ressources\/documents\/Smart_rapport_activite_2021.pdf\">Rapport d&rsquo;activit\u00e9 Smart 2021<\/a><\/li>\n<li><a href=\"https:\/\/smartbe.be\/wp-content\/uploads\/2021\/09\/rapport_d-activite_2020_FR.pdf\">Rapport d&rsquo;activit\u00e9 Smart 2020<\/a><\/li>\n<li><a href=\"https:\/\/smartbe.be\/wp-content\/uploads\/2020\/07\/Rapport_dactivite_2019.pdf\">Rapport d&rsquo;activit\u00e9 Smart 2019<\/a><\/li>\n<li><a href=\"https:\/\/smartbe.be\/wp-content\/uploads\/2019\/06\/Rapport-dactivite-Smart-2018.pdf\">Rapport d&rsquo;activit\u00e9 Smart 2018<\/a><\/li>\n<li><a href=\"https:\/\/smartbe.be\/wp-content\/uploads\/2018\/06\/Rapport-dactivite-2017-web.pdf\">Rapport d&rsquo;activit\u00e9 Smart 2017<\/a><\/li>\n<li><a href=\"https:\/\/smartbe.be\/wp-content\/uploads\/2017\/06\/rapport-dactivite-2016-FR-_DEF.pdf\">Rapport d&rsquo;activit\u00e9 Smart 2016<\/a><\/li>\n<li><a href=\"https:\/\/smartbe.be\/wp-content\/uploads\/2016\/06\/rapport-d-27activite---2015-planche.pdf\">Rapport d&rsquo;activit\u00e9 Smart 2015<\/a><\/li>\n<li><a href=\"https:\/\/smartbe.be\/wp-content\/uploads\/2015\/07\/rapport-dactivit---2014-HD.pdf\">Rapport d&rsquo;activit\u00e9 Smart 2014<\/a><\/li>\n<li><a href=\"https:\/\/smartbe.be\/wp-content\/uploads\/2013\/10\/Rapport2012_FR_14juin.pdf\">Rapport d&rsquo;activit\u00e9 Smart 2012<\/a><\/li>\n<\/ul>\n<h3><\/h3>\n<h3>Smart in Progress<\/h3>\n<p><strong>Groupes de travail 2016-2021 qui ont accompagn\u00e9 la transformation de Smart en coop\u00e9rative et les \u00e9volutions qui ont suivi.<\/strong><\/p>\n<ul>\n<li>Smart in Progress &#8211; cycle 2020-21:<br \/>\n(ces 5 projets de recommandations \u00e9taient des documents de travail)<\/p>\n<ul>\n<li><a href=\"https:\/\/pad.smartcoop.io\/s\/recommandations-vdna-2021\" target=\"_blank\" rel=\"noopener\">Vers de nouvelles aventures<\/a><\/li>\n<li><a href=\"https:\/\/pad.smartcoop.io\/s\/recommandations-egalite-2021\" target=\"_blank\" rel=\"noopener\">Penser et agir pour l\u2019\u00e9galit\u00e9 des genres<\/a><\/li>\n<li><a href=\"https:\/\/pad.smartcoop.io\/s\/recommandations-eco-2021\" target=\"_blank\" rel=\"noopener\">La question du mod\u00e8le \u00e9conomique viable<\/a><\/li>\n<li><a href=\"https:\/\/pad.smartcoop.io\/s\/recommandations-accompagnement-2021\" target=\"_blank\" rel=\"noopener\">L\u2019accompagnement<\/a><\/li>\n<li><a href=\"https:\/\/pad.smartcoop.io\/s\/recommandations-horizon-2021\" target=\"_blank\" rel=\"noopener\">Un nouvel horizon post-crise sanitaire<\/a><\/li>\n<\/ul>\n<\/li>\n<li><a href=\"https:\/\/smartbe.be\/wp-content\/uploads\/2019\/10\/2019-08-SIP1webpageFR.pdf\">Smart in Progress &#8211; Faire coop\u00e9rative<\/a>: la vie coop\u00e9rative au sein d&rsquo;une coalition de travailleuses et travailleurs autonomes (2019)<\/li>\n<li><a href=\"https:\/\/smartbe.be\/wp-content\/uploads\/2019\/06\/Smart-in-progress-3-FR.pdf\">Smart in Progress 3<\/a>: recommandations des groupes de travail (2018-2019)<\/li>\n<li>Smart in Progress 2: recommandations des groupes de travail et d\u00e9cisions du CA (2017-2018)\n<ul>\n<li><a href=\"https:\/\/smartbe.be\/wp-content\/uploads\/2018\/03\/Recommandations-du-groupe-de-travail-charg\u00e9-de-mettre-en-place-un-comit\u00e9-\u00e9thique-au-sein-de-SMart.pdf\">Recommandations du groupe de travail charg\u00e9 de mettre en place un comit\u00e9 \u00e9thique au sein de Smart<\/a> &#8211; <a href=\"https:\/\/smartbe.be\/wp-content\/uploads\/2019\/06\/decisions_CA_tableau.pdf\">D\u00e9cisions du Conseil d&rsquo;administration<\/a><\/li>\n<li><a href=\"https:\/\/smartbe.be\/wp-content\/uploads\/2018\/03\/Recommandations-du-groupe-de-travail-charg\u00e9-de-d\u00e9finir-les-missions-et-l\u2019organisation-de-la-repr\u00e9sentation.pdf\">Recommandations du groupe de travail charg\u00e9 de d\u00e9finir les missions et l\u2019organisation de la repr\u00e9sentation de Smart<\/a>\u00a0&#8211; <a href=\"https:\/\/smartbe.be\/wp-content\/uploads\/2019\/06\/decisions_CA_tableau.pdf\">D\u00e9cisions du Conseil d&rsquo;administration<\/a><\/li>\n<li><a href=\"https:\/\/smartbe.be\/wp-content\/uploads\/2018\/03\/Recommandations-du-groupe-de-travail-charg\u00e9-de-favoriser-la-transparence-\u00e9conomique-financi\u00e8re-de-SMart.pdf\">Recommandations du groupe de travail charg\u00e9 de favoriser la transparence \u00e9conomique &amp; financi\u00e8re de Smart<\/a>\u00a0&#8211; <a href=\"https:\/\/smartbe.be\/wp-content\/uploads\/2019\/06\/decisions_CA_tableau.pdf\">D\u00e9cisions du Conseil d&rsquo;administration<\/a><\/li>\n<li><a href=\"https:\/\/smartbe.be\/wp-content\/uploads\/2018\/03\/Recommandations-des-espaces-de-consultation-et-de-r\u00e9flexion-sur-les-outils-informatiques.pdf\">Recommandations du groupe de travail charg\u00e9 de proposer des espaces de consultation et de r\u00e9flexion sur les outils informatiques de Smart<\/a>\u00a0&#8211; <a href=\"https:\/\/smartbe.be\/wp-content\/uploads\/2019\/06\/decisions_CA_tableau.pdf\">D\u00e9cisions du Conseil d&rsquo;administration<\/a><\/li>\n<\/ul>\n<\/li>\n<li><a href=\"https:\/\/smartbe.be\/wp-content\/uploads\/2019\/02\/SMart-in-progress-recommandations-FR-compress\u00e9.pdf\">Smart in Progress 1<\/a>: recommandations des groupes de travail\u00a0 (2015-2016)<\/li>\n<li><a href=\"https:\/\/smartbe.be\/wp-content\/uploads\/2016\/09\/SMart-in-progress-writings-web-page-FR.pdf\">Writings<\/a> (2016)<\/li>\n<\/ul>\n<h3>Comit\u00e9 d&rsquo;\u00e9thique<\/h3>\n<ul>\n<li><a href=\"https:\/\/smartbe.be\/wp-content\/uploads\/2026\/04\/SMART_comite_ethique_25.pdf\">Rapport d&rsquo;activit\u00e9 2025 &#8211; Comit\u00e9 d&rsquo;\u00e9thique<\/a><\/li>\n<li><a href=\"https:\/\/smartbe.be\/wp-content\/uploads\/2025\/07\/comite_ethique_25_FR.pdf\">Rapport d&rsquo;activit\u00e9 2024 &#8211; Comit\u00e9 d&rsquo;\u00e9thique<\/a><\/li>\n<li><a href=\"https:\/\/smartbe.be\/wp-content\/uploads\/2024\/04\/comite_ethique_FR-002.pdf\">Rapport d&rsquo;activit\u00e9 2023 &#8211; Comit\u00e9 d&rsquo;\u00e9thique<\/a><\/li>\n<li><a href=\"https:\/\/smartbe.be\/wp-content\/uploads\/2023\/05\/Smart_comite_ethique_RA_2022.pdf\">Rapport d&rsquo;activit\u00e9 2022 &#8211; Comit\u00e9 d&rsquo;\u00e9thique<\/a><\/li>\n<li><a href=\"https:\/\/smartbe.be\/wp-content\/uploads\/2023\/02\/Reglement-dordre-interieur-Comite-dethique-Smart-2023.pdf\">R\u00e8glement d&rsquo;ordre int\u00e9rieur &#8211; Comit\u00e9 d&rsquo;\u00e9thique (2023)<\/a><\/li>\n<li><a href=\"https:\/\/smartbe.be\/wp-content\/uploads\/2023\/03\/comite_ethique_RA_2021.pdf\">Rapport d&rsquo;activit\u00e9 2021 &#8211; Comit\u00e9 d\u2019\u00e9thique<\/a><\/li>\n<li><a href=\"https:\/\/smartbe.be\/wp-content\/uploads\/2021\/06\/comite_ethique_RA.pdf\">Rapport d\u2019activit\u00e9 2020 &#8211; Comit\u00e9 d&rsquo;\u00e9thique<\/a><\/li>\n<li><a href=\"https:\/\/smartbe.be\/wp-content\/uploads\/2020\/06\/RA_Comite_ethique_Smart_2019.pdf\">Rapport d\u2019activit\u00e9 2019 &#8211; Comit\u00e9 d&rsquo;\u00e9thique<\/a><\/li>\n<li><a href=\"https:\/\/smartbe.be\/wp-content\/uploads\/2019\/06\/Rapport-du-comit%C3%A9-d%E2%80%99%C3%A9thique-2018-2019-FR.pdf\">Rapport du comit\u00e9 d&rsquo;\u00e9thique 2018<\/a><\/li>\n<\/ul>","protected":false},"excerpt":{"rendered":"<p>Documents-cl\u00e9s Statuts de la coop\u00e9rative Smart Brochure Smart publique pour utilisateur\u00b7trice SmartCoop brochure institutionnelle Contrat d&rsquo;Utilisation de Smart Smart 2025 Plan d&rsquo;orientation strat\u00e9gique \u00ab\u00a0Smart 2020\u00a0\u00bb R\u00e8glement d&rsquo;ordre int\u00e9rieur Smart \u00e0 d\u00e9couvert (\u00e9dition 2019): qui est Smart, quel est son projet, &hellip;<\/p>\n","protected":false},"author":6,"featured_media":0,"parent":18923,"menu_order":0,"comment_status":"closed","ping_status":"closed","template":"","meta":{"footnotes":""},"tags":[],"class_list":["post-17213","page","type-page","status-publish","hentry"],"aioseo_notices":[],"_links":{"self":[{"href":"https:\/\/smartbe.be\/fr\/wp-json\/wp\/v2\/pages\/17213","targetHints":{"allow":["GET"]}}],"collection":[{"href":"https:\/\/smartbe.be\/fr\/wp-json\/wp\/v2\/pages"}],"about":[{"href":"https:\/\/smartbe.be\/fr\/wp-json\/wp\/v2\/types\/page"}],"author":[{"embeddable":true,"href":"https:\/\/smartbe.be\/fr\/wp-json\/wp\/v2\/users\/6"}],"replies":[{"embeddable":true,"href":"https:\/\/smartbe.be\/fr\/wp-json\/wp\/v2\/comments?post=17213"}],"version-history":[{"count":116,"href":"https:\/\/smartbe.be\/fr\/wp-json\/wp\/v2\/pages\/17213\/revisions"}],"predecessor-version":[{"id":49548,"href":"https:\/\/smartbe.be\/fr\/wp-json\/wp\/v2\/pages\/17213\/revisions\/49548"}],"up":[{"embeddable":true,"href":"https:\/\/smartbe.be\/fr\/wp-json\/wp\/v2\/pages\/18923"}],"wp:attachment":[{"href":"https:\/\/smartbe.be\/fr\/wp-json\/wp\/v2\/media?parent=17213"}],"wp:term":[{"taxonomy":"post_tag","embeddable":true,"href":"https:\/\/smartbe.be\/fr\/wp-json\/wp\/v2\/tags?post=17213"}],"curies":[{"name":"wp","href":"https:\/\/api.w.org\/{rel}","templated":true}]}}