
{"id":16800,"date":"2016-07-08T08:06:26","date_gmt":"2016-07-08T07:06:26","guid":{"rendered":"http:\/\/smartbe.be\/fr\/?page_id=16800"},"modified":"2016-07-08T08:06:26","modified_gmt":"2016-07-08T07:06:26","slug":"herve-wala","status":"publish","type":"page","link":"https:\/\/smartbe.be\/fr\/herve-wala\/","title":{"rendered":"Herv\u00e9 Wala"},"content":{"rendered":"<p><a href=\"https:\/\/smartbe.be\/wordpress\/..\/wp-content\/uploads\/2016\/07\/herv--.png\"><img loading=\"lazy\" decoding=\"async\" class=\" size-medium wp-image-16803 alignright\" src=\"https:\/\/smartbe.be\/wordpress\/..\/wp-content\/uploads\/2016\/07\/herv---300x182.png\" alt=\"herv\u00e9\" width=\"300\" height=\"182\" srcset=\"https:\/\/smartbe.be\/wp-content\/uploads\/2016\/07\/herv---300x182.png 300w, https:\/\/smartbe.be\/wp-content\/uploads\/2016\/07\/herv---495x300.png 495w, https:\/\/smartbe.be\/wp-content\/uploads\/2016\/07\/herv---290x176.png 290w, https:\/\/smartbe.be\/wp-content\/uploads\/2016\/07\/herv--.png 929w\" sizes=\"auto, (max-width: 300px) 100vw, 300px\" \/><\/a>N\u00e9 de l\u2019association entre Herv\u00e9 Wala (TNT), Serge Miltoni (Sluzi) et Akingbade Nathaniel (Nate) <strong>SoulStarZmuseeQ<\/strong> est un collectif qui \u00e9crit de la musique pour des artistes professionnels.<\/p>\n<p>Originaires d\u2019Afrique (DR Congo, Nigeria), ils collaborent avec des new-yorkais de \u00ab\u00a0Dipset\u00a0\u00bb, le single de Jr Writer \u00ab\u00a0where you at\u00a0\u00bb (N # 4 on the Billboard USA), et d\u2019autres artistes de Pittsburgh Wiz Khalifa, Boaz, Beedie, B.White pour n\u2019en citer que quelques-uns.<\/p>\n<p>Install\u00e9s \u00e0 Bruxelles, ils collaborent notamment avec des artistes de la sc\u00e8ne belge\u00a0: Stromae, Pitcho, Scylla, Gandhi.<br \/>\nSp\u00e9cialis\u00e9s dans le m\u00e9langes des cultures et genres, \u00a0ils signent leurs premi\u00e8res productions et entre sur le march\u00e9 international avec des artistes comme Badi (<a href=\"http:\/\/iambadi.com\/\">http:\/\/iambadi.com<\/a>) and the Afro-pop, Alec Lomani (<a href=\"http:\/\/aleclomami.bandcamp.com\/\">http:\/\/aleclomami.bandcamp.com\/<\/a>)\u2026<\/p>\n<p>L\u2019\u00e9quipe est bas\u00e9e au Jet Studio.<\/p>","protected":false},"excerpt":{"rendered":"<p>N\u00e9 de l\u2019association entre Herv\u00e9 Wala (TNT), Serge Miltoni (Sluzi) et Akingbade Nathaniel (Nate) SoulStarZmuseeQ est un collectif qui \u00e9crit de la musique pour des artistes professionnels. Originaires d\u2019Afrique (DR Congo, Nigeria), ils collaborent avec des new-yorkais de \u00ab\u00a0Dipset\u00a0\u00bb, le &hellip;<\/p>\n","protected":false},"author":6,"featured_media":0,"parent":0,"menu_order":0,"comment_status":"closed","ping_status":"closed","template":"","meta":{"footnotes":""},"tags":[],"class_list":["post-16800","page","type-page","status-publish","hentry"],"aioseo_notices":[],"_links":{"self":[{"href":"https:\/\/smartbe.be\/fr\/wp-json\/wp\/v2\/pages\/16800","targetHints":{"allow":["GET"]}}],"collection":[{"href":"https:\/\/smartbe.be\/fr\/wp-json\/wp\/v2\/pages"}],"about":[{"href":"https:\/\/smartbe.be\/fr\/wp-json\/wp\/v2\/types\/page"}],"author":[{"embeddable":true,"href":"https:\/\/smartbe.be\/fr\/wp-json\/wp\/v2\/users\/6"}],"replies":[{"embeddable":true,"href":"https:\/\/smartbe.be\/fr\/wp-json\/wp\/v2\/comments?post=16800"}],"version-history":[{"count":1,"href":"https:\/\/smartbe.be\/fr\/wp-json\/wp\/v2\/pages\/16800\/revisions"}],"predecessor-version":[{"id":16804,"href":"https:\/\/smartbe.be\/fr\/wp-json\/wp\/v2\/pages\/16800\/revisions\/16804"}],"wp:attachment":[{"href":"https:\/\/smartbe.be\/fr\/wp-json\/wp\/v2\/media?parent=16800"}],"wp:term":[{"taxonomy":"post_tag","embeddable":true,"href":"https:\/\/smartbe.be\/fr\/wp-json\/wp\/v2\/tags?post=16800"}],"curies":[{"name":"wp","href":"https:\/\/api.w.org\/{rel}","templated":true}]}}