
{"id":168,"date":"2013-10-21T17:32:20","date_gmt":"2013-10-21T16:32:20","guid":{"rendered":"http:\/\/smartbe.be\/?page_id=168"},"modified":"2014-05-05T09:39:37","modified_gmt":"2014-05-05T08:39:37","slug":"fiscalite","status":"publish","type":"page","link":"https:\/\/smartbe.be\/fr\/sinformer\/asbl\/fiscalite\/","title":{"rendered":"Fiscalit\u00e9 des ASBL"},"content":{"rendered":"<h1>Imp\u00f4t des personnes morales (IPM) ou Imp\u00f4t des Soci\u00e9t\u00e9s (ISOC)?<\/h1>\n<p>Les asbl qui n\u2019exercent aucune activit\u00e9 commerciale sont soumises \u00e0 l\u2019imp\u00f4t des personnes morales. Dans ce r\u00e9gime d\u2019imposition, l\u2019asbl n\u2019est pas impos\u00e9e sur ses revenus.<\/p>\n<p>Elle est impos\u00e9e distinctement selon le type de biens :<\/p>\n<ul>\n<li>biens immobiliers : voir imp\u00f4ts des revenus immobiliers (pour les personnes physiques) &#8211; r\u00e8gles g\u00e9n\u00e9rales<\/li>\n<li>biens mobiliers : pr\u00e9compte mobilier pr\u00e9lev\u00e9 et lib\u00e9ratoire. Attention, elle peut \u00eatre impos\u00e9e \u00e0 300 % sur :\n<ul>\n<li>les r\u00e9tributions, dividendes ou autres vers\u00e9s \u00e0 des tiers dont l\u2019identit\u00e9 n\u2019est pas mentionn\u00e9e<\/li>\n<li>les montants vers\u00e9s aux membres sans mention du destinataire et de la raison du versement<\/li>\n<\/ul>\n<\/li>\n<\/ul>\n<p>Les asbl qui exercent des activit\u00e9s commerciales (accessoires) peuvent rester soumises \u00e0 l\u2019IPM \u00e0 certaines conditions :<\/p>\n<ul>\n<li>les activit\u00e9s commerciales doivent \u00eatre accessoires, et indispensables pour la r\u00e9alisation de l\u2019objet social (crit\u00e8res d\u2019appr\u00e9ciation : nature de l\u2019activit\u00e9, nombre de personnes engag\u00e9es dans ces activit\u00e9s, l\u2019importance des moyens utilis\u00e9s&#8230;)<\/li>\n<li>les activit\u00e9s ne doivent pas \u00eatre men\u00e9es selon des m\u00e9thodes d\u2019entreprise ou commerciales (pub, m\u00e9thode de distribution&#8230;)<\/li>\n<\/ul>\n<p>Les asbl qui exercent des activit\u00e9s commerciales en dehors de ces limites sont en principe soumises \u00e0 l\u2019Imp\u00f4t des Soci\u00e9t\u00e9s.<\/p>\n<h1>Contr\u00f4le comptable de l\u2019asbl<\/h1>\n<p>Les asbl sont, tout comme les soci\u00e9t\u00e9s et les personnes physiques, susceptibles de faire l\u2019objet d\u2019un contr\u00f4le fiscal<\/p>\n<p>Types de contr\u00f4les :<\/p>\n<ul>\n<li>demande de renseignements : la \u00ab demande de renseignements \u00bb est un document officiel de l\u2019administration par lequel cette derni\u00e8re demande plus d\u2019explications sur les flux mon\u00e9taires de l\u2019asbl<\/li>\n<li>contr\u00f4le fiscal : l\u2019administration contr\u00f4le la comptabilit\u00e9 de l\u2019asbl et peut pour ce faire demander toutes les preuves n\u00e9cessaires \u00e0 la v\u00e9rification. Les d\u00e9penses qui ne sont pas justifi\u00e9es par un document valable (factures, tickets de caisse, fiches fiscales&#8230;) sont tax\u00e9es \u00e0 309 % !<\/li>\n<li>contr\u00f4le de TVA pour l\u2019ASBL qui est assujettie<\/li>\n<\/ul>","protected":false},"excerpt":{"rendered":"<p>Imp\u00f4t des personnes morales (IPM) ou Imp\u00f4t des Soci\u00e9t\u00e9s (ISOC)? Les asbl qui n\u2019exercent aucune activit\u00e9 commerciale sont soumises \u00e0 l\u2019imp\u00f4t des personnes morales. Dans ce r\u00e9gime d\u2019imposition, l\u2019asbl n\u2019est pas impos\u00e9e sur ses revenus. Elle est impos\u00e9e distinctement selon &hellip;<\/p>\n","protected":false},"author":20,"featured_media":0,"parent":160,"menu_order":3,"comment_status":"open","ping_status":"closed","template":"","meta":{"footnotes":""},"tags":[],"class_list":["post-168","page","type-page","status-publish","hentry"],"aioseo_notices":[],"_links":{"self":[{"href":"https:\/\/smartbe.be\/fr\/wp-json\/wp\/v2\/pages\/168","targetHints":{"allow":["GET"]}}],"collection":[{"href":"https:\/\/smartbe.be\/fr\/wp-json\/wp\/v2\/pages"}],"about":[{"href":"https:\/\/smartbe.be\/fr\/wp-json\/wp\/v2\/types\/page"}],"author":[{"embeddable":true,"href":"https:\/\/smartbe.be\/fr\/wp-json\/wp\/v2\/users\/20"}],"replies":[{"embeddable":true,"href":"https:\/\/smartbe.be\/fr\/wp-json\/wp\/v2\/comments?post=168"}],"version-history":[{"count":20,"href":"https:\/\/smartbe.be\/fr\/wp-json\/wp\/v2\/pages\/168\/revisions"}],"predecessor-version":[{"id":410,"href":"https:\/\/smartbe.be\/fr\/wp-json\/wp\/v2\/pages\/168\/revisions\/410"}],"up":[{"embeddable":true,"href":"https:\/\/smartbe.be\/fr\/wp-json\/wp\/v2\/pages\/160"}],"wp:attachment":[{"href":"https:\/\/smartbe.be\/fr\/wp-json\/wp\/v2\/media?parent=168"}],"wp:term":[{"taxonomy":"post_tag","embeddable":true,"href":"https:\/\/smartbe.be\/fr\/wp-json\/wp\/v2\/tags?post=168"}],"curies":[{"name":"wp","href":"https:\/\/api.w.org\/{rel}","templated":true}]}}