
{"id":16799,"date":"2016-07-08T08:04:19","date_gmt":"2016-07-08T07:04:19","guid":{"rendered":"http:\/\/smartbe.be\/fr\/?page_id=16799"},"modified":"2016-07-08T08:04:19","modified_gmt":"2016-07-08T07:04:19","slug":"milan-emmanuel","status":"publish","type":"page","link":"https:\/\/smartbe.be\/fr\/milan-emmanuel\/","title":{"rendered":"Milan Emmanuel"},"content":{"rendered":"<p><img loading=\"lazy\" decoding=\"async\" class=\" size-medium wp-image-16801 alignright\" src=\"https:\/\/smartbe.be\/wordpress\/..\/wp-content\/uploads\/2016\/07\/mila-300x169.jpg\" alt=\"mila,\" width=\"300\" height=\"169\" srcset=\"https:\/\/smartbe.be\/wp-content\/uploads\/2016\/07\/mila-300x169.jpg 300w, https:\/\/smartbe.be\/wp-content\/uploads\/2016\/07\/mila-500x281.jpg 500w, https:\/\/smartbe.be\/wp-content\/uploads\/2016\/07\/mila-290x163.jpg 290w, https:\/\/smartbe.be\/wp-content\/uploads\/2016\/07\/mila.jpg 960w\" sizes=\"auto, (max-width: 300px) 100vw, 300px\" \/>Danseur au sol depuis l\u2019an 2000, form\u00e9 au Breakdance avec le groupe \u00abOriginal Style\u00bb et avec les pionniers du mouvement aux USA, Milan devient Vice-Champion du Benelux de breakdance en 2004.<\/p>\n<p>Il se forme \u00e0 l\u2019acrobatie \u00e0 \u00ab l\u2019Espace Catastrophe\u00bb, \u00e0 la mise en sc\u00e8ne au Watermill Center (USA) avec Robert Wilson.<br \/>\nIl fait partie de la premi\u00e8re promotion du \u00abTremplin Hip Hop\u00bb en 2012 organis\u00e9 par la F\u00e9d\u00e9ration Wallonie-Bruxelles.<br \/>\nMilan prend part \u00e0 de multiples formations : 20 Youngs Choreographers de Marie Martinez, formation p\u00e9dagogique \u201cHip-Hop \u00e0 l\u2019\u00e9cole\u201d organis\u00e9e par le CND et le CCN La Rochelle-Kader Attou.<\/p>\n<p>Milan se dote de comp\u00e9tences manag\u00e9riales en prenant part \u00e0 la premi\u00e8re \u00e9dition du certificat en Management en Art du Cirque organis\u00e9 par l\u2019UCL.<\/p>\n<p>Artistiquement, Milan collabore, \u00e0 la confluence des styles, \u00e0 de nombreuses aventures avec notamment:\u00a0 Bob Wilson, Kader Belarbi, Robert Lepage, Jos\u00e9 Besprosvany, Jean-Marc Favorin, Rosa Mei, Robert Carsen, Maria Clara Villa Lobos\u2026<\/p>\n<p>Milan cr\u00e9e en 2009 la compagnie \u00ab\u00a0\u00a0<a href=\"http:\/\/nowayback.pro\/directeur\/\" target=\"_blank\">No Way Back<\/a>\u00a0\u00bb avec laquelle il monte les spectacles No Way Back, Les Polissons, Super Showman, qui tournent tant en Belgique qu&rsquo; \u00e0 l&rsquo;\u00e9tranger.<\/p>\n<p>Il met \u00e9galement en sc\u00e8ne des formes courtes\u00a0:\u00a0\u00ab\u00a0No Way Back meets the Traviata\u00a0\u00bb pour le Th\u00e9\u00e2tre Royal de la Monnaie &#8211; (BRAFA 2013) et\u00a0\u00ab\u00a0Tango VS Hip-Hop\u00a0\u00bb pour le Festival de Tango 2014.<\/p>\n<p>Il se voit confier par la Ville de Bruxelles \u00e0 l&rsquo;occasion de l&rsquo;ouverture de son pi\u00e9tonnier en 2015, l&rsquo;animation des \u00ab\u00a0Detours Cyphers\u00a0\u00bb chaque semaine d&rsquo;\u00e9t\u00e9 sur la sc\u00e8ne de la Bourse.<\/p>\n<p>C\u2019est dans la rue et au contact direct avec le public qu\u2019il trouve l\u2019essence et l&rsquo;inspiration de son art. Aimant par-dessus tout se jouer des conventions, et ouvrir de nouveaux champs d&rsquo;expression, il fait intervenir le public pour arriver \u00e0 un spectacle total et impr\u00e9visible.<\/p>","protected":false},"excerpt":{"rendered":"<p>Danseur au sol depuis l\u2019an 2000, form\u00e9 au Breakdance avec le groupe \u00abOriginal Style\u00bb et avec les pionniers du mouvement aux USA, Milan devient Vice-Champion du Benelux de breakdance en 2004. Il se forme \u00e0 l\u2019acrobatie \u00e0 \u00ab l\u2019Espace Catastrophe\u00bb, &hellip;<\/p>\n","protected":false},"author":6,"featured_media":0,"parent":0,"menu_order":0,"comment_status":"closed","ping_status":"closed","template":"","meta":{"footnotes":""},"tags":[],"class_list":["post-16799","page","type-page","status-publish","hentry"],"aioseo_notices":[],"_links":{"self":[{"href":"https:\/\/smartbe.be\/fr\/wp-json\/wp\/v2\/pages\/16799","targetHints":{"allow":["GET"]}}],"collection":[{"href":"https:\/\/smartbe.be\/fr\/wp-json\/wp\/v2\/pages"}],"about":[{"href":"https:\/\/smartbe.be\/fr\/wp-json\/wp\/v2\/types\/page"}],"author":[{"embeddable":true,"href":"https:\/\/smartbe.be\/fr\/wp-json\/wp\/v2\/users\/6"}],"replies":[{"embeddable":true,"href":"https:\/\/smartbe.be\/fr\/wp-json\/wp\/v2\/comments?post=16799"}],"version-history":[{"count":1,"href":"https:\/\/smartbe.be\/fr\/wp-json\/wp\/v2\/pages\/16799\/revisions"}],"predecessor-version":[{"id":16802,"href":"https:\/\/smartbe.be\/fr\/wp-json\/wp\/v2\/pages\/16799\/revisions\/16802"}],"wp:attachment":[{"href":"https:\/\/smartbe.be\/fr\/wp-json\/wp\/v2\/media?parent=16799"}],"wp:term":[{"taxonomy":"post_tag","embeddable":true,"href":"https:\/\/smartbe.be\/fr\/wp-json\/wp\/v2\/tags?post=16799"}],"curies":[{"name":"wp","href":"https:\/\/api.w.org\/{rel}","templated":true}]}}