
{"id":16063,"date":"2016-04-05T10:13:57","date_gmt":"2016-04-05T09:13:57","guid":{"rendered":"http:\/\/smartbe.be\/fr\/?page_id=16063"},"modified":"2023-11-29T10:23:04","modified_gmt":"2023-11-29T09:23:04","slug":"inscription","status":"publish","type":"page","link":"https:\/\/smartbe.be\/fr\/inscription\/","title":{"rendered":"Inscription"},"content":{"rendered":"<p>Pour une utilisation optimale des services mis \u00e0 votre disposition, il est vivement recommand\u00e9 de participer \u00e0 une <strong>session d&rsquo;info g\u00e9n\u00e9rale<\/strong>. Les sessions d\u2019info sont gratuites et organis\u00e9es pr\u00e8s de chez vous.<br \/>\n<a href=\"https:\/\/smartbe.be\/fr\/services\/sessions-dinformation\/\">Cliquez ici pour vous inscrire \u00e0 une session d&rsquo;info<\/a><\/p>\n<p><strong>En outre, l\u2019utilisation de nos services est conditionn\u00e9e \u00e0 l\u2019acquisition d\u2019une part sociale annuelle d\u2019une valeur de 30\u20ac. Au-del\u00e0 de l\u2019acc\u00e8s \u00e0 nos services, le soci\u00e9tariat fait de vous un membre de<\/strong><strong>\u00a0<\/strong><strong><a href=\"https:\/\/smartbe.be\/fr\/la-cooperative-en-pratique\/\">notre coop\u00e9rative<\/a>.<\/strong><\/p>\n<h2><strong><br \/>\nQuelles prestations et pratiques peuvent \u00eatre h\u00e9berg\u00e9es chez Smart?\u00a0<\/strong><\/h2>\n<p>A priori, tous les m\u00e9tiers, toutes les pratiques, toutes les activit\u00e9s sont susceptibles d&rsquo;\u00eatre g\u00e9r\u00e9es dans notre entreprise partag\u00e9e.\u00a0Or, certaines activit\u00e9s et pratiques\u00a0<strong>ne peuvent \u00eatre h\u00e9berg\u00e9es chez nous ou <\/strong><strong>feront l&rsquo;objet d&rsquo;une \u00e9valuation conjointe<\/strong> avec vous.\u00a0<strong>Lisez-en plus<\/strong><strong>\u00a0<\/strong><strong><a href=\"https:\/\/smartbe.be\/fr\/quelles-prestations-et-pratiques-peuvent-etre-hebergees-chez-smart\/\">ici<\/a>.\u00a0<\/strong><\/p>\n<p>N\u2019h\u00e9sitez pas \u00e0 nous <u><a href=\"https:\/\/smartbe.be\/fr\/nous-contacter\/\">contacter<\/a><\/u> si vous avez des questions.<\/p>\n<p><a class=\"btn btn-primary\" title=\"session d'info\" href=\"https:\/\/account.ubik.be\/p\/member-registration?lang=FR\">Devenir membre<\/a><\/p>","protected":false},"excerpt":{"rendered":"<p>Pour une utilisation optimale des services mis \u00e0 votre disposition, il est vivement recommand\u00e9 de participer \u00e0 une session d&rsquo;info g\u00e9n\u00e9rale. Les sessions d\u2019info sont gratuites et organis\u00e9es pr\u00e8s de chez vous. Cliquez ici pour vous inscrire \u00e0 une session &hellip;<\/p>\n","protected":false},"author":7,"featured_media":0,"parent":0,"menu_order":0,"comment_status":"closed","ping_status":"closed","template":"","meta":{"footnotes":""},"tags":[],"class_list":["post-16063","page","type-page","status-publish","hentry"],"aioseo_notices":[],"_links":{"self":[{"href":"https:\/\/smartbe.be\/fr\/wp-json\/wp\/v2\/pages\/16063","targetHints":{"allow":["GET"]}}],"collection":[{"href":"https:\/\/smartbe.be\/fr\/wp-json\/wp\/v2\/pages"}],"about":[{"href":"https:\/\/smartbe.be\/fr\/wp-json\/wp\/v2\/types\/page"}],"author":[{"embeddable":true,"href":"https:\/\/smartbe.be\/fr\/wp-json\/wp\/v2\/users\/7"}],"replies":[{"embeddable":true,"href":"https:\/\/smartbe.be\/fr\/wp-json\/wp\/v2\/comments?post=16063"}],"version-history":[{"count":8,"href":"https:\/\/smartbe.be\/fr\/wp-json\/wp\/v2\/pages\/16063\/revisions"}],"predecessor-version":[{"id":46061,"href":"https:\/\/smartbe.be\/fr\/wp-json\/wp\/v2\/pages\/16063\/revisions\/46061"}],"wp:attachment":[{"href":"https:\/\/smartbe.be\/fr\/wp-json\/wp\/v2\/media?parent=16063"}],"wp:term":[{"taxonomy":"post_tag","embeddable":true,"href":"https:\/\/smartbe.be\/fr\/wp-json\/wp\/v2\/tags?post=16063"}],"curies":[{"name":"wp","href":"https:\/\/api.w.org\/{rel}","templated":true}]}}