
{"id":16042,"date":"2016-03-31T15:32:26","date_gmt":"2016-03-31T14:32:26","guid":{"rendered":"http:\/\/smartbe.be\/fr\/?page_id=16042"},"modified":"2023-08-23T18:15:23","modified_gmt":"2023-08-23T16:15:23","slug":"pour-qui","status":"publish","type":"page","link":"https:\/\/smartbe.be\/fr\/nos-services\/pour-qui\/","title":{"rendered":"Pour qui ?"},"content":{"rendered":"<p>Smart est ouverte \u00e0 t<strong>outes celles et tous ceux qui en ont besoin!<\/strong> Et ce quel que soit votre statut actuel, qu\u2019il s\u2019agisse de votre activit\u00e9 principale ou non.<\/p>\n<p>Quel que soit votre profil ou votre m\u00e9tier, que ce soit pour une prestation d\u2019un jour ou pour d\u00e9velopper des activit\u00e9s de fa\u00e7on p\u00e9renne, que vous envisagiez des investissements importants, d\u2019engager du personnel ou que vous ayez simplement besoin de facturer une prestation, Smart a une solution \u00e0 vous proposer. Smart permet aussi de travailler, <a href=\"https:\/\/smartbe.be\/fr\/nos-services\/contrat-a-duree-indeterminee\/\">sous contrat \u00e0 dur\u00e9e ind\u00e9termin\u00e9e<\/a> (CDI), \u00e0 temps plein ou partiel.<\/p>\n<p><strong>Il existe quelques exceptions.<\/strong> C&rsquo;est le cas, par exemple, du m\u00e9tier d&rsquo;avocat\u00b7e ou d&rsquo;agent\u00b7e immobilier\u00b7e.<\/p>\n<p>Pour savoir si vous pouvez exercer votre m\u00e9tier au sein de Smart, allez jeter un coup d&rsquo;oeil sur le site <a href=\"https:\/\/guide.smart.coop\/docs\/registre-des-metiers-1\" target=\"_blank\" rel=\"noopener\">guide.smart.coop<\/a>, dans la section \u00ab\u00a0Registre des m\u00e9tiers\u00a0\u00bb.<\/p>","protected":false},"excerpt":{"rendered":"<p>Smart est ouverte \u00e0 toutes celles et tous ceux qui en ont besoin! Et ce quel que soit votre statut actuel, qu\u2019il s\u2019agisse de votre activit\u00e9 principale ou non. Quel que soit votre profil ou votre m\u00e9tier, que ce soit &hellip;<\/p>\n","protected":false},"author":7,"featured_media":0,"parent":24860,"menu_order":0,"comment_status":"closed","ping_status":"closed","template":"","meta":{"footnotes":""},"tags":[],"class_list":["post-16042","page","type-page","status-publish","hentry"],"aioseo_notices":[],"_links":{"self":[{"href":"https:\/\/smartbe.be\/fr\/wp-json\/wp\/v2\/pages\/16042","targetHints":{"allow":["GET"]}}],"collection":[{"href":"https:\/\/smartbe.be\/fr\/wp-json\/wp\/v2\/pages"}],"about":[{"href":"https:\/\/smartbe.be\/fr\/wp-json\/wp\/v2\/types\/page"}],"author":[{"embeddable":true,"href":"https:\/\/smartbe.be\/fr\/wp-json\/wp\/v2\/users\/7"}],"replies":[{"embeddable":true,"href":"https:\/\/smartbe.be\/fr\/wp-json\/wp\/v2\/comments?post=16042"}],"version-history":[{"count":24,"href":"https:\/\/smartbe.be\/fr\/wp-json\/wp\/v2\/pages\/16042\/revisions"}],"predecessor-version":[{"id":40395,"href":"https:\/\/smartbe.be\/fr\/wp-json\/wp\/v2\/pages\/16042\/revisions\/40395"}],"up":[{"embeddable":true,"href":"https:\/\/smartbe.be\/fr\/wp-json\/wp\/v2\/pages\/24860"}],"wp:attachment":[{"href":"https:\/\/smartbe.be\/fr\/wp-json\/wp\/v2\/media?parent=16042"}],"wp:term":[{"taxonomy":"post_tag","embeddable":true,"href":"https:\/\/smartbe.be\/fr\/wp-json\/wp\/v2\/tags?post=16042"}],"curies":[{"name":"wp","href":"https:\/\/api.w.org\/{rel}","templated":true}]}}