
{"id":13361,"date":"2015-09-23T12:14:22","date_gmt":"2015-09-23T11:14:22","guid":{"rendered":"http:\/\/smartbe.be\/?page_id=13361"},"modified":"2026-04-14T14:23:59","modified_gmt":"2026-04-14T12:23:59","slug":"devenir-une-cooperative-pour-qui-et-avec-qui","status":"publish","type":"page","link":"https:\/\/smartbe.be\/fr\/la-cooperative-2\/smart-progress\/devenir-une-cooperative-pour-qui-et-avec-qui\/","title":{"rendered":"Devenir une coop\u00e9rative : pour qui et avec qui ?"},"content":{"rendered":"<p>Smart a depuis longtemps diversifi\u00e9 les m\u00e9tiers qu\u2019elle traite en dehors du secteur des m\u00e9tiers de la cr\u00e9ation. Comment cr\u00e9er de la solidarit\u00e9 autour de cette diversit\u00e9 ? Qui sont les entrepreneurs salari\u00e9s qu\u2019on rencontre et qu\u2019on croisera demain chez Smart\u00a0?&#8230;<\/p>\n<p>Dans ce workshop, nous nous int\u00e9resserons \u00e0 la question des <strong>publics\u00a0<\/strong>auxquels le futur Smart devra s&rsquo;adresser,\u00a0ainsi qu\u2019au statut \u00e0 donner \u00e0 ces nouveaux travailleurs autonomes.<\/p>\n<p>Pour en savoir plus, consultez le cadre de r\u00e9flexion d\u00e9fini pour ce workshop <a href=\"https:\/\/smartbe.be\/wordpress\/..\/wp-content\/uploads\/2015\/09\/plaquette-Groupe-1.pdf\" target=\"_blank\" rel=\"noopener\">en cliquant ici<\/a>.<\/p>\n<h2>Les animateurs :<\/h2>\n<h2><a href=\"https:\/\/smartbe.be\/wordpress\/..\/wp-content\/uploads\/2015\/09\/Serge-Julek-Sphie.jpg\"><img loading=\"lazy\" decoding=\"async\" class=\"aligncenter wp-image-13362 size-medium\" src=\"https:\/\/smartbe.be\/wordpress\/..\/wp-content\/uploads\/2015\/09\/Serge-Julek-Sphie-300x225.jpg\" alt=\"Serge Julek Sphie\" width=\"300\" height=\"225\" srcset=\"https:\/\/smartbe.be\/wp-content\/uploads\/2015\/09\/Serge-Julek-Sphie-300x225.jpg 300w, https:\/\/smartbe.be\/wp-content\/uploads\/2015\/09\/Serge-Julek-Sphie-1024x768.jpg 1024w, https:\/\/smartbe.be\/wp-content\/uploads\/2015\/09\/Serge-Julek-Sphie-400x300.jpg 400w, https:\/\/smartbe.be\/wp-content\/uploads\/2015\/09\/Serge-Julek-Sphie-290x218.jpg 290w, https:\/\/smartbe.be\/wp-content\/uploads\/2015\/09\/Serge-Julek-Sphie.jpg 1280w\" sizes=\"auto, (max-width: 300px) 100vw, 300px\" \/><\/a><\/h2>\n<ul>\n<li>Serge Goldwicht, membre du Conseil d&rsquo;Administration<\/li>\n<li>Sophie Bodarw\u00e9, charg\u00e9e\u00a0du d\u00e9veloppement territorial pour la Wallonie<\/li>\n<li>Julek Jurowicz,\u00a0 membre du Conseil d&rsquo;Administration, cofondateur Smart<\/li>\n<\/ul>\n<h2><\/h2>\n<h2>Les participants<\/h2>\n<ul>\n<li>Nad\u00e8ge Lorquet<\/li>\n<li>Astrid Marli\u00e8re<\/li>\n<li>Marie Carracedo<\/li>\n<li>Greg Pascon<\/li>\n<li>Ingrid Inghelram<\/li>\n<li>H\u00e9l\u00e8ne Davreux<\/li>\n<li>Tina Roshdi<\/li>\n<li>Beno\u00eet Lewyllie<\/li>\n<li>Sarah De Heusch<\/li>\n<\/ul>\n<p>&nbsp;<\/p>","protected":false},"excerpt":{"rendered":"<p>Smart a depuis longtemps diversifi\u00e9 les m\u00e9tiers qu\u2019elle traite en dehors du secteur des m\u00e9tiers de la cr\u00e9ation. Comment cr\u00e9er de la solidarit\u00e9 autour de cette diversit\u00e9 ? Qui sont les entrepreneurs salari\u00e9s qu\u2019on rencontre et qu\u2019on croisera demain chez &hellip;<\/p>\n","protected":false},"author":6,"featured_media":0,"parent":11514,"menu_order":1,"comment_status":"closed","ping_status":"closed","template":"","meta":{"footnotes":""},"tags":[],"class_list":["post-13361","page","type-page","status-publish","hentry"],"aioseo_notices":[],"_links":{"self":[{"href":"https:\/\/smartbe.be\/fr\/wp-json\/wp\/v2\/pages\/13361","targetHints":{"allow":["GET"]}}],"collection":[{"href":"https:\/\/smartbe.be\/fr\/wp-json\/wp\/v2\/pages"}],"about":[{"href":"https:\/\/smartbe.be\/fr\/wp-json\/wp\/v2\/types\/page"}],"author":[{"embeddable":true,"href":"https:\/\/smartbe.be\/fr\/wp-json\/wp\/v2\/users\/6"}],"replies":[{"embeddable":true,"href":"https:\/\/smartbe.be\/fr\/wp-json\/wp\/v2\/comments?post=13361"}],"version-history":[{"count":14,"href":"https:\/\/smartbe.be\/fr\/wp-json\/wp\/v2\/pages\/13361\/revisions"}],"predecessor-version":[{"id":49534,"href":"https:\/\/smartbe.be\/fr\/wp-json\/wp\/v2\/pages\/13361\/revisions\/49534"}],"up":[{"embeddable":true,"href":"https:\/\/smartbe.be\/fr\/wp-json\/wp\/v2\/pages\/11514"}],"wp:attachment":[{"href":"https:\/\/smartbe.be\/fr\/wp-json\/wp\/v2\/media?parent=13361"}],"wp:term":[{"taxonomy":"post_tag","embeddable":true,"href":"https:\/\/smartbe.be\/fr\/wp-json\/wp\/v2\/tags?post=13361"}],"curies":[{"name":"wp","href":"https:\/\/api.w.org\/{rel}","templated":true}]}}