
{"id":12730,"date":"2015-08-13T09:35:01","date_gmt":"2015-08-13T08:35:01","guid":{"rendered":"http:\/\/smartbe.be\/?page_id=12730"},"modified":"2025-10-17T12:20:08","modified_gmt":"2025-10-17T10:20:08","slug":"le-partenaire-de-votre-parcours-creatif","status":"publish","type":"page","link":"https:\/\/smartbe.be\/fr\/","title":{"rendered":"L&rsquo;entreprise en commun"},"content":{"rendered":"<p><a href=\"https:\/\/smartbe.be\/fr\/services\/#invoicing\">G\u00e9rez<\/a> et <a href=\"\/fr\/services\/#financial\">financez<\/a> vos projets en toute simplicit\u00e9.\u00a0<a href=\"https:\/\/smartbe.be\/fr\/services\/\">En savoir plus<\/a>.<\/p>\n<ul class=\" red inline\">\n<li><a href=\"https:\/\/smartbe.be\/fr\/services\/sessions-dinformation\/\">Sessions d&rsquo;info<\/a><\/li>\n<li><a href=\"https:\/\/smartbe.be\/fr\/inscription\/\">Devenez membre<\/a><\/li>\n<li><a href=\"https:\/\/smartbe.be\/fr\/nous-contacter\/\">Contactez-nous<\/a><\/li>\n<\/ul>\n<div class=\"home-title\" style=\"padding: 0;\"><\/div>\n<div class=\"home-title\" style=\"padding: 0;\">Vie coop\u00e9rative<\/div>\n<ul class=\" red inline\">\n<li><a href=\"https:\/\/smartbe.be\/fr\/la-cooperative-2\/\">La coop\u00e9rative<\/a><\/li>\n<li><a href=\"https:\/\/smartbe.be\/fr\/assemblee-generale-2018\/\">Retour sur l&rsquo;Assembl\u00e9e G\u00e9n\u00e9rale 2018<\/a><\/li>\n<\/ul>","protected":false},"excerpt":{"rendered":"<p>G\u00e9rez et financez vos projets en toute simplicit\u00e9.\u00a0En savoir plus. Sessions d&rsquo;info Devenez membre Contactez-nous Vie coop\u00e9rative La coop\u00e9rative Retour sur l&rsquo;Assembl\u00e9e G\u00e9n\u00e9rale 2018<\/p>\n","protected":false},"author":20,"featured_media":0,"parent":0,"menu_order":1,"comment_status":"closed","ping_status":"closed","template":"","meta":{"footnotes":""},"tags":[],"class_list":["post-12730","page","type-page","status-publish","hentry"],"aioseo_notices":[],"_links":{"self":[{"href":"https:\/\/smartbe.be\/fr\/wp-json\/wp\/v2\/pages\/12730","targetHints":{"allow":["GET"]}}],"collection":[{"href":"https:\/\/smartbe.be\/fr\/wp-json\/wp\/v2\/pages"}],"about":[{"href":"https:\/\/smartbe.be\/fr\/wp-json\/wp\/v2\/types\/page"}],"author":[{"embeddable":true,"href":"https:\/\/smartbe.be\/fr\/wp-json\/wp\/v2\/users\/20"}],"replies":[{"embeddable":true,"href":"https:\/\/smartbe.be\/fr\/wp-json\/wp\/v2\/comments?post=12730"}],"version-history":[{"count":95,"href":"https:\/\/smartbe.be\/fr\/wp-json\/wp\/v2\/pages\/12730\/revisions"}],"predecessor-version":[{"id":48884,"href":"https:\/\/smartbe.be\/fr\/wp-json\/wp\/v2\/pages\/12730\/revisions\/48884"}],"wp:attachment":[{"href":"https:\/\/smartbe.be\/fr\/wp-json\/wp\/v2\/media?parent=12730"}],"wp:term":[{"taxonomy":"post_tag","embeddable":true,"href":"https:\/\/smartbe.be\/fr\/wp-json\/wp\/v2\/tags?post=12730"}],"curies":[{"name":"wp","href":"https:\/\/api.w.org\/{rel}","templated":true}]}}