
{"id":11533,"date":"2015-06-09T14:05:32","date_gmt":"2015-06-09T13:05:32","guid":{"rendered":"http:\/\/smartbe.be\/?page_id=11533"},"modified":"2015-06-26T08:19:38","modified_gmt":"2015-06-26T07:19:38","slug":"transports","status":"publish","type":"page","link":"https:\/\/smartbe.be\/fr\/la-cooperative-2\/smart-progress\/transports\/","title":{"rendered":"Transports"},"content":{"rendered":"<h2>Bus depuis nos bureaux r\u00e9gionaux<\/h2>\n<ul>\n<li><span style=\"line-height: 13px;\"><a style=\"line-height: 19px;\" href=\"https:\/\/smartbe.be\/wordpress\/..\/wp-content\/uploads\/2015\/06\/mobilite.png\"><img loading=\"lazy\" decoding=\"async\" class=\"size-full wp-image-11534 alignright\" alt=\"mobilite\" src=\"https:\/\/smartbe.be\/wordpress\/..\/wp-content\/uploads\/2015\/06\/mobilite.png\" width=\"131\" height=\"228\" \/><\/a>Aller-retour Li\u00e8ge-Bruxelles:\u00a0<a href=\"https:\/\/www.eventbrite.fr\/e\/billets-3006-smart-in-progress-aller-retour-liege-bruxelles-en-car-17272742237\" target=\"_blank\">inscription gratuite par ici<\/a><\/span><\/li>\n<\/ul>\n<h2>Covoiturage<\/h2>\n<ul>\n<li><span style=\"line-height: 13px;\">3 places disponibles pour le trajet aller-retour\u00a0Ramillies-Bruxelles<\/span><\/li>\n<li>2 places disponibles pour un d\u00e9part \u00e0 8h15 de Mons (gare)<\/li>\n<\/ul>\n<p><span style=\"line-height: 13px;\">Int\u00e9ress\u00e9? Envoyez un mail \u00e0 <\/span><a style=\"line-height: 13px;\" href=\"mailto: &#x73;&#x6d;&#x61;&#x72;&#x74;&#x69;&#x6e;&#x70;&#x72;&#x6f;&#x67;&#x72;&#x65;&#x73;&#x73;&#x40;&#x73;&#x6d;&#x61;&#x72;&#x74;&#x2e;&#x63;&#x6f;&#x6f;&#x70;\" target=\"_blank\">&#x73;&#x6d;&#x61;&#x72;&#x74;&#x69;&#x6e;&#x70;&#x72;&#x6f;&#x67;&#x72;&#x65;&#x73;&#x73;&#x40;<span class=\"oe_displaynone\">null<\/span>&#x73;&#x6d;&#x61;&#x72;&#x74;&#x2e;&#x63;&#x6f;&#x6f;&#x70;<\/a><\/p>","protected":false},"excerpt":{"rendered":"<p>Bus depuis nos bureaux r\u00e9gionaux Aller-retour Li\u00e8ge-Bruxelles:\u00a0inscription gratuite par ici Covoiturage 3 places disponibles pour le trajet aller-retour\u00a0Ramillies-Bruxelles 2 places disponibles pour un d\u00e9part \u00e0 8h15 de Mons (gare) Int\u00e9ress\u00e9? Envoyez un mail \u00e0 &#x73;&#x6d;&#x61;&#x72;&#x74;&#x69;&#x6e;&#x70;&#x72;&#x6f;&#x67;&#x72;&#x65;&#x73;&#x73;&#x40;null&#x73;&#x6d;&#x61;&#x72;&#x74;&#x2e;&#x63;&#x6f;&#x6f;&#x70;<\/p>\n","protected":false},"author":6,"featured_media":0,"parent":11514,"menu_order":5,"comment_status":"closed","ping_status":"closed","template":"","meta":{"footnotes":""},"tags":[],"class_list":["post-11533","page","type-page","status-publish","hentry"],"aioseo_notices":[],"_links":{"self":[{"href":"https:\/\/smartbe.be\/fr\/wp-json\/wp\/v2\/pages\/11533","targetHints":{"allow":["GET"]}}],"collection":[{"href":"https:\/\/smartbe.be\/fr\/wp-json\/wp\/v2\/pages"}],"about":[{"href":"https:\/\/smartbe.be\/fr\/wp-json\/wp\/v2\/types\/page"}],"author":[{"embeddable":true,"href":"https:\/\/smartbe.be\/fr\/wp-json\/wp\/v2\/users\/6"}],"replies":[{"embeddable":true,"href":"https:\/\/smartbe.be\/fr\/wp-json\/wp\/v2\/comments?post=11533"}],"version-history":[{"count":6,"href":"https:\/\/smartbe.be\/fr\/wp-json\/wp\/v2\/pages\/11533\/revisions"}],"predecessor-version":[{"id":12300,"href":"https:\/\/smartbe.be\/fr\/wp-json\/wp\/v2\/pages\/11533\/revisions\/12300"}],"up":[{"embeddable":true,"href":"https:\/\/smartbe.be\/fr\/wp-json\/wp\/v2\/pages\/11514"}],"wp:attachment":[{"href":"https:\/\/smartbe.be\/fr\/wp-json\/wp\/v2\/media?parent=11533"}],"wp:term":[{"taxonomy":"post_tag","embeddable":true,"href":"https:\/\/smartbe.be\/fr\/wp-json\/wp\/v2\/tags?post=11533"}],"curies":[{"name":"wp","href":"https:\/\/api.w.org\/{rel}","templated":true}]}}