
{"id":11529,"date":"2015-06-09T13:59:19","date_gmt":"2015-06-09T12:59:19","guid":{"rendered":"http:\/\/smartbe.be\/?page_id=11529"},"modified":"2025-01-27T17:35:01","modified_gmt":"2025-01-27T16:35:01","slug":"en-pratique","status":"publish","type":"page","link":"https:\/\/smartbe.be\/fr\/la-cooperative-2\/smart-progress\/en-pratique\/","title":{"rendered":"En pratique"},"content":{"rendered":"<h2><a href=\"https:\/\/smartbe.be\/wordpress\/..\/wp-content\/uploads\/2015\/06\/megaphone.png\"><img loading=\"lazy\" decoding=\"async\" class=\"size-full wp-image-11536 alignright\" src=\"https:\/\/smartbe.be\/wordpress\/..\/wp-content\/uploads\/2015\/06\/megaphone.png\" alt=\"megaphone\" width=\"206\" height=\"158\" \/><\/a>O\u00f9?<\/h2>\n<p>Au si\u00e8ge de Smart,\u00a0entr\u00e9e via le 70, rue Coenraets.<\/p>\n<h2>Quand?<\/h2>\n<p>Le mardi 30 juin de 10h \u00e0 22h.<\/p>\n<h3>Inscription gratuite via <a href=\"https:\/\/www.eventbrite.fr\/e\/billets-smart-in-progress-17132569978\" target=\"_blank\" rel=\"noopener\">ce lien<\/a>.<\/h3>\n<p>Une question? Une proposition de covoiturage? Une demande particuli\u00e8re? Envoyez un mail \u00e0 <a href=\"mailto:&#x6c;&#x65;&#x74;&#x73;&#x63;&#x6f;&#x6f;&#x70;&#x40;&#x73;&#x6d;&#x61;&#x72;&#x74;&#x2e;&#x63;&#x6f;&#x6f;&#x70;\">&#x6c;&#x65;&#x74;&#x73;&#x63;&#x6f;&#x6f;&#x70;&#x40;<span class=\"oe_displaynone\">null<\/span>&#x73;&#x6d;&#x61;&#x72;&#x74;&#x2e;&#x63;&#x6f;&#x6f;&#x70;<\/a> !<\/p>\n<p>&nbsp;<\/p>","protected":false},"excerpt":{"rendered":"<p>O\u00f9? Au si\u00e8ge de Smart,\u00a0entr\u00e9e via le 70, rue Coenraets. Quand? Le mardi 30 juin de 10h \u00e0 22h. Inscription gratuite via ce lien. Une question? Une proposition de covoiturage? Une demande particuli\u00e8re? Envoyez un mail \u00e0 &#x6c;&#x65;&#x74;&#x73;&#x63;&#x6f;&#x6f;&#x70;&#x40;null&#x73;&#x6d;&#x61;&#x72;&#x74;&#x2e;&#x63;&#x6f;&#x6f;&#x70; ! &nbsp;<\/p>\n","protected":false},"author":6,"featured_media":0,"parent":11514,"menu_order":4,"comment_status":"closed","ping_status":"closed","template":"","meta":{"footnotes":""},"tags":[],"class_list":["post-11529","page","type-page","status-publish","hentry"],"aioseo_notices":[],"_links":{"self":[{"href":"https:\/\/smartbe.be\/fr\/wp-json\/wp\/v2\/pages\/11529","targetHints":{"allow":["GET"]}}],"collection":[{"href":"https:\/\/smartbe.be\/fr\/wp-json\/wp\/v2\/pages"}],"about":[{"href":"https:\/\/smartbe.be\/fr\/wp-json\/wp\/v2\/types\/page"}],"author":[{"embeddable":true,"href":"https:\/\/smartbe.be\/fr\/wp-json\/wp\/v2\/users\/6"}],"replies":[{"embeddable":true,"href":"https:\/\/smartbe.be\/fr\/wp-json\/wp\/v2\/comments?post=11529"}],"version-history":[{"count":6,"href":"https:\/\/smartbe.be\/fr\/wp-json\/wp\/v2\/pages\/11529\/revisions"}],"predecessor-version":[{"id":47963,"href":"https:\/\/smartbe.be\/fr\/wp-json\/wp\/v2\/pages\/11529\/revisions\/47963"}],"up":[{"embeddable":true,"href":"https:\/\/smartbe.be\/fr\/wp-json\/wp\/v2\/pages\/11514"}],"wp:attachment":[{"href":"https:\/\/smartbe.be\/fr\/wp-json\/wp\/v2\/media?parent=11529"}],"wp:term":[{"taxonomy":"post_tag","embeddable":true,"href":"https:\/\/smartbe.be\/fr\/wp-json\/wp\/v2\/tags?post=11529"}],"curies":[{"name":"wp","href":"https:\/\/api.w.org\/{rel}","templated":true}]}}