
{"id":11526,"date":"2015-06-09T13:54:20","date_gmt":"2015-06-09T12:54:20","guid":{"rendered":"http:\/\/smartbe.be\/?page_id=11526"},"modified":"2015-06-25T10:30:55","modified_gmt":"2015-06-25T09:30:55","slug":"intervenants","status":"publish","type":"page","link":"https:\/\/smartbe.be\/fr\/la-cooperative-2\/smart-progress\/intervenants\/","title":{"rendered":"Intervenants"},"content":{"rendered":"<div>\n<h2>\u00a0Nos invit\u00e9s:<\/h2>\n<\/div>\n<div>\n<table>\n<tbody>\n<tr>\n<td width=\"56\" height=\"72\"><a href=\"https:\/\/smartbe.be\/wordpress\/..\/wp-content\/uploads\/2015\/06\/ga--tan.jpg\"><img loading=\"lazy\" decoding=\"async\" class=\"alignnone  wp-image-11584\" alt=\"ga\u00ebtan\" src=\"https:\/\/smartbe.be\/wordpress\/..\/wp-content\/uploads\/2015\/06\/ga--tan-300x300.jpg\" width=\"300\" height=\"300\" srcset=\"https:\/\/smartbe.be\/wp-content\/uploads\/2015\/06\/ga--tan-300x300.jpg 300w, https:\/\/smartbe.be\/wp-content\/uploads\/2015\/06\/ga--tan-150x150.jpg 150w, https:\/\/smartbe.be\/wp-content\/uploads\/2015\/06\/ga--tan-290x290.jpg 290w, https:\/\/smartbe.be\/wp-content\/uploads\/2015\/06\/ga--tan.jpg 400w\" sizes=\"auto, (max-width: 300px) 100vw, 300px\" \/><\/a><\/td>\n<td><strong style=\"line-height: 19px;\">Gaetan Vandeplas,\u00a0<\/strong><span style=\"line-height: 19px;\">directeur du\u00a0<\/span><a style=\"line-height: 19px;\" href=\"http:\/\/www.guichetdesarts.be\/\">Guichet des Arts<\/a><span style=\"line-height: 19px;\">. Le GdA a \u00e9t\u00e9 mis en place en 2014 par la F\u00e9d\u00e9ration Wallonie-Bruxelles afin de d\u00e9velopper une expertise sp\u00e9cifique en mati\u00e8re de droits \u00e9conomiques &amp; sociaux pour les travailleurs du Secteur Cr\u00e9atif &amp; Culturel (SCC).<\/span><\/td>\n<\/tr>\n<\/tbody>\n<\/table>\n<p>&nbsp;<\/p>\n<table width=\"819\">\n<tbody>\n<tr>\n<td width=\"56\" height=\"72\"><a href=\"https:\/\/smartbe.be\/wordpress\/..\/wp-content\/uploads\/2015\/06\/gregory.jpg\"><img loading=\"lazy\" decoding=\"async\" class=\"alignnone  wp-image-11586\" alt=\"gregory\" src=\"https:\/\/smartbe.be\/wordpress\/..\/wp-content\/uploads\/2015\/06\/gregory-300x300.jpg\" width=\"300\" height=\"300\" srcset=\"https:\/\/smartbe.be\/wp-content\/uploads\/2015\/06\/gregory-300x300.jpg 300w, https:\/\/smartbe.be\/wp-content\/uploads\/2015\/06\/gregory-150x150.jpg 150w, https:\/\/smartbe.be\/wp-content\/uploads\/2015\/06\/gregory-290x290.jpg 290w, https:\/\/smartbe.be\/wp-content\/uploads\/2015\/06\/gregory.jpg 337w\" sizes=\"auto, (max-width: 300px) 100vw, 300px\" \/><\/a><\/td>\n<td><b style=\"line-height: 19px;\">Gregory Pascon,<\/b><span style=\"line-height: 19px;\">\u00a0secr\u00e9taire de r\u00e9daction du\u00a0<\/span><a style=\"line-height: 19px;\" href=\"http:\/\/www.entonnoir.org\/c4\/\">magazine C4<\/a><span style=\"line-height: 19px;\">\u00a0et de\u00a0<\/span><a style=\"line-height: 19px;\" href=\"http:\/\/www.entonnoir.org\/\">l&rsquo;Entonnoir<\/a><span style=\"line-height: 19px;\">.<\/span><\/td>\n<\/tr>\n<\/tbody>\n<\/table>\n<p>&nbsp;<\/p>\n<table>\n<tbody>\n<tr>\n<td width=\"56\" height=\"72\"><a href=\"https:\/\/smartbe.be\/wordpress\/..\/wp-content\/uploads\/2015\/06\/Martine-Simonis1.jpg\"><img loading=\"lazy\" decoding=\"async\" class=\"alignnone size-full wp-image-11614\" alt=\"Martine Simonis\" src=\"https:\/\/smartbe.be\/wordpress\/..\/wp-content\/uploads\/2015\/06\/Martine-Simonis1.jpg\" width=\"100\" height=\"133\" \/><\/a><\/td>\n<td><strong>Martine Simonis<\/strong> est secr\u00e9taire nationale de l\u2019AGJPB depuis 1992 et secr\u00e9taire g\u00e9n\u00e9rale de l\u2019AJP depuis sa cr\u00e9ation, en 1998. Juriste sp\u00e9cialis\u00e9e en droit social, elle pratique couramment le droit des m\u00e9dias et le droit d\u2019auteur. Elle est administratrice de la SAJ (Soci\u00e9t\u00e9 des auteurs journalistes) qu\u2019elle a cr\u00e9\u00e9e en 1994 et dont elle a anim\u00e9 les premi\u00e8res ann\u00e9es de vie. Elle est responsable du service juridique de l\u2019AJP, de la gestion quotidienne de l\u2019association, de l\u2019\u00e9quipe et des projets de l\u2019AJP. Elle la repr\u00e9sente dans diverses instances. Soucieuse d\u2019am\u00e9liorer le service de l\u2019AJP aux journalistes, elle est \u00e0 l\u2019origine de nombreuses actions et projets, dont le Fonds pour le journalisme en 2009, les actions en mati\u00e8re de diversit\u00e9 et d\u2019\u00e9galit\u00e9 et en 2013, la cr\u00e9ation d\u2019AJPro. Au plan international, elle a men\u00e9 de nombreuses missions d\u2019expertises et de formation, notamment pour la F\u00e9d\u00e9ration internationale des journalistes (FIJ), l\u2019Organisation intergouvernementale de la francophonie (OIF) ou le Conseil de l\u2019Europe.<strong style=\"line-height: 19px;\"><br \/>\n<b><br \/>\n<\/b><\/strong><\/td>\n<\/tr>\n<\/tbody>\n<\/table>\n<p>&nbsp;<\/p>\n<table>\n<tbody>\n<tr>\n<td width=\"56\" height=\"72\"><a href=\"https:\/\/smartbe.be\/wordpress\/..\/wp-content\/uploads\/2015\/06\/antonella.jpg\"><img loading=\"lazy\" decoding=\"async\" class=\"alignnone  wp-image-11588\" alt=\"antonella\" src=\"https:\/\/smartbe.be\/wordpress\/..\/wp-content\/uploads\/2015\/06\/antonella.jpg\" width=\"300\" height=\"224\" srcset=\"https:\/\/smartbe.be\/wp-content\/uploads\/2015\/06\/antonella.jpg 300w, https:\/\/smartbe.be\/wp-content\/uploads\/2015\/06\/antonella-290x217.jpg 290w\" sizes=\"auto, (max-width: 300px) 100vw, 300px\" \/><\/a><\/td>\n<td><strong style=\"line-height: 19px;\">Antonella Corsani<\/strong><span style=\"line-height: 19px;\">, chercheuse universitaire. Elle accompagne le projet de transformation de Coopaname en mutuelle de travail, elle est aussi \u00e9conomiste et sociologue du travail, en poste \u00e0 l&rsquo;Universit\u00e9 Paris 1 Panth\u00e9on Sorbonne.<\/span><\/td>\n<\/tr>\n<\/tbody>\n<\/table>\n<p>&nbsp;<\/p>\n<table>\n<tbody>\n<tr>\n<td width=\"56\" height=\"72\"><a href=\"https:\/\/smartbe.be\/wordpress\/..\/wp-content\/uploads\/2015\/06\/virginie1.jpg\"><img loading=\"lazy\" decoding=\"async\" class=\"alignnone  wp-image-11590\" alt=\"virginie\" src=\"https:\/\/smartbe.be\/wordpress\/..\/wp-content\/uploads\/2015\/06\/virginie1-230x300.jpg\" width=\"230\" height=\"300\" srcset=\"https:\/\/smartbe.be\/wp-content\/uploads\/2015\/06\/virginie1-230x300.jpg 230w, https:\/\/smartbe.be\/wp-content\/uploads\/2015\/06\/virginie1-785x1024.jpg 785w, https:\/\/smartbe.be\/wp-content\/uploads\/2015\/06\/virginie1-290x378.jpg 290w\" sizes=\"auto, (max-width: 230px) 100vw, 230px\" \/><\/a><\/td>\n<td><b>Virginie Xhauflair\u00a0<\/b>est<b> <\/b>Chercheuse Post-doctorante au Centre d\u2019Economie Sociale, dans le cadre de la\u00a0<a href=\"http:\/\/www.ces.ulg.ac.be\/fr_FR\/chaires\/chaire-sriw-sowecsom\">Chaire SRIW-Sowecsom \u00ab\u00a0Management en \u00e9conomie sociale\u00bb<\/a> + Chercheuse senior au\u00a0<a href=\"http:\/\/www.lentic.be\/\" target=\"_blank\">LENTIC<\/a>, HEC-Ecole de Gestion de l\u2019Universit\u00e9 de Li\u00e8ge (2001-2012) + Chercheuse affili\u00e9 au GREGOR, Chaire \u00ab\u00a0Mutations-Anticipations-Innovations\u00a0\u00bb, IAE de Paris 1 Panth\u00e9on Sorbonne.<\/td>\n<\/tr>\n<\/tbody>\n<\/table>\n<p>&nbsp;<\/p>\n<\/div>\n<div>\n<table>\n<tbody>\n<tr>\n<td width=\"56\" height=\"72\"><a href=\"https:\/\/smartbe.be\/wordpress\/..\/wp-content\/uploads\/2015\/06\/peter.jpg\"><img loading=\"lazy\" decoding=\"async\" class=\"alignnone  wp-image-11591\" alt=\"peter\" src=\"https:\/\/smartbe.be\/wordpress\/..\/wp-content\/uploads\/2015\/06\/peter-300x300.jpg\" width=\"300\" height=\"300\" srcset=\"https:\/\/smartbe.be\/wp-content\/uploads\/2015\/06\/peter-300x300.jpg 300w, https:\/\/smartbe.be\/wp-content\/uploads\/2015\/06\/peter-150x150.jpg 150w, https:\/\/smartbe.be\/wp-content\/uploads\/2015\/06\/peter-290x290.jpg 290w, https:\/\/smartbe.be\/wp-content\/uploads\/2015\/06\/peter.jpg 432w\" sizes=\"auto, (max-width: 300px) 100vw, 300px\" \/><\/a><\/td>\n<td><span style=\"line-height: 19px;\">Febecoop Adviesbureau is een partner voor startende en groeiende organisaties in de sociale en co\u00f6peratieve economie.De jaren negentig waren nauwelijks halverwege toen deze pioniers besloten om de expertise die ze hadden opgedaan in de wereld van de traditionele co\u00f6peratieve economie ook ter beschikking te stellen van de sociale economie. <strong>Peter Bosmans<\/strong> is er directeur en adviseur organisatieontwikkeling.<\/span><\/td>\n<\/tr>\n<\/tbody>\n<\/table>\n<p>&nbsp;<\/p>\n<table>\n<tbody>\n<tr>\n<td width=\"56\" height=\"72\"><a href=\"https:\/\/smartbe.be\/wordpress\/..\/wp-content\/uploads\/2015\/06\/Steven.jpg\"><img loading=\"lazy\" decoding=\"async\" class=\"alignnone size-full wp-image-11607\" alt=\"Steven\" src=\"https:\/\/smartbe.be\/wordpress\/..\/wp-content\/uploads\/2015\/06\/Steven.jpg\" width=\"200\" height=\"200\" srcset=\"https:\/\/smartbe.be\/wp-content\/uploads\/2015\/06\/Steven.jpg 200w, https:\/\/smartbe.be\/wp-content\/uploads\/2015\/06\/Steven-150x150.jpg 150w\" sizes=\"auto, (max-width: 200px) 100vw, 200px\" \/><\/a><\/td>\n<td><strong style=\"line-height: 19px;\"><\/strong><span style=\"line-height: 19px;\">\u00a0<\/span><a style=\"line-height: 19px;\" href=\"http:\/\/www.chocoweb.be\/\">Choco<\/a>\u00a0is een communicatiebureau dat bij de start in 2001 opteerde voor een co\u00f6peratieve structuur. De 4 oprichters kozen voor een cvba ( co\u00f6peratieve vennootschap met beperkte aansprakelijkheid). Op die manier kunnen ze financi\u00eble winst makkelijker aan maatschappelijke doelstellingen koppelen.<i> <\/i>Choco werd mede-opgericht door <strong>Steven Pauwels<\/strong>.<br \/>\n<span style=\"line-height: 19px;\">\u00a0<\/span><\/td>\n<\/tr>\n<\/tbody>\n<\/table>\n<p>&nbsp;<\/p>\n<table>\n<tbody>\n<tr>\n<td width=\"56\" height=\"72\"><a href=\"https:\/\/smartbe.be\/wordpress\/..\/wp-content\/uploads\/2015\/06\/saw-b.png\"><img loading=\"lazy\" decoding=\"async\" class=\"alignnone size-full wp-image-11608\" alt=\"saw-b\" src=\"https:\/\/smartbe.be\/wordpress\/..\/wp-content\/uploads\/2015\/06\/saw-b.png\" width=\"145\" height=\"110\" \/><\/a><\/td>\n<td><strong style=\"line-height: 19px;\">Jean-Fran\u00e7ois Herz,<\/strong><span style=\"line-height: 19px;\">\u00a0coordinateur et conseiller en entreprise sociale chez\u00a0<\/span><a style=\"line-height: 19px;\" href=\"http:\/\/www.saw-b.be\/spip\/\">SAW-B<\/a><strong style=\"line-height: 19px;\">,<\/strong><span style=\"line-height: 19px;\">\u00a0Solidarit\u00e9 des Alternatives Wallonnes et Bruxelloises.\u00a0La f\u00e9d\u00e9ration d\u2019\u00e9conomie sociale, rassemble les hommes et les femmes qui construisent une \u00e9conomie centr\u00e9e sur le respect de l\u2019humain et de l\u2019environnement et non sur le profit.<\/span><strong style=\"line-height: 19px;\">Fr\u00e9d\u00e9rique Konstantos<\/strong><span style=\"line-height: 19px;\">, charg\u00e9e de projets et responsable animation chez\u00a0<\/span><a style=\"line-height: 19px;\" href=\"http:\/\/www.saw-b.be\/spip\/\">SAW-B<\/a><span style=\"line-height: 19px;\">.<\/span><\/td>\n<\/tr>\n<\/tbody>\n<\/table>\n<p>&nbsp;<\/p>\n<table>\n<tbody>\n<tr>\n<td width=\"56\" height=\"72\"><a href=\"https:\/\/smartbe.be\/wordpress\/..\/wp-content\/uploads\/2015\/06\/denis1.jpg\"><img loading=\"lazy\" decoding=\"async\" class=\"alignnone  wp-image-11733\" alt=\"denis\" src=\"https:\/\/smartbe.be\/wordpress\/..\/wp-content\/uploads\/2015\/06\/denis1-200x300.jpg\" width=\"100\" height=\"150\" srcset=\"https:\/\/smartbe.be\/wp-content\/uploads\/2015\/06\/denis1-200x300.jpg 200w, https:\/\/smartbe.be\/wp-content\/uploads\/2015\/06\/denis1-290x435.jpg 290w, https:\/\/smartbe.be\/wp-content\/uploads\/2015\/06\/denis1.jpg 400w\" sizes=\"auto, (max-width: 100px) 100vw, 100px\" \/><\/a><\/td>\n<td>Denis Stokkink, \u00e9conomiste belge, est pr\u00e9sident-fondateur du think &amp; do tank europ\u00e9en POUR LA SOLIDARIT\u00c9 et membre du GECES, groupe d\u2019experts institu\u00e9 par la Commission europ\u00e9enne pour la mise en place de la <i>Social Business Initiative.<\/i> Il<b> <\/b>participe activement \u00e0 la pr\u00e9sidence belge de l\u2019Union europ\u00e9enne de 2000 sur les th\u00e8mes de l\u2019emploi et de l\u2019\u00e9conomie sociale. Il est l\u2019un des principaux instigateurs des lois belges sur les coop\u00e9ratives d\u2019activit\u00e9s et les services \u00e0 la personne, il dispense des cours universitaires. Il contribue \u00e0 la promotion de l\u2019\u00e9conomie sociale dans l\u2019agenda europ\u00e9en, accompagne ses parties prenantes, comme par exemple le Grand-duch\u00e9 de Luxembourg qu\u2019il conseille dans le cadre de sa Pr\u00e9sidence du Conseil de l\u2019UE au second semestre 2015.<b> <\/b><\/td>\n<\/tr>\n<\/tbody>\n<\/table>\n<p>&nbsp;<\/p>\n<table>\n<tbody>\n<tr>\n<td width=\"56\" height=\"72\"><a href=\"https:\/\/smartbe.be\/wordpress\/..\/wp-content\/uploads\/2015\/06\/crc.png\"><img loading=\"lazy\" decoding=\"async\" class=\"alignnone size-full wp-image-11610\" alt=\"crc\" src=\"https:\/\/smartbe.be\/wordpress\/..\/wp-content\/uploads\/2015\/06\/crc.png\" width=\"200\" height=\"200\" srcset=\"https:\/\/smartbe.be\/wp-content\/uploads\/2015\/06\/crc.png 200w, https:\/\/smartbe.be\/wp-content\/uploads\/2015\/06\/crc-150x150.png 150w\" sizes=\"auto, (max-width: 200px) 100vw, 200px\" \/><\/a><\/td>\n<td><strong style=\"line-height: 19px;\">Hugo Vandendriessche<\/strong><span style=\"line-height: 19px;\">, coordinateur du\u00a0<\/span><a style=\"line-height: 19px;\" href=\"http:\/\/www.comptoirdesressourcescreatives.be\/\">Comptoir des Ressources Cr\u00e9atives<\/a><span style=\"line-height: 19px;\">.<\/span><strong><br \/>\n<\/strong><\/td>\n<\/tr>\n<\/tbody>\n<\/table>\n<p>&nbsp;<\/p>\n<table>\n<tbody>\n<tr>\n<td width=\"56\" height=\"72\"><a href=\"https:\/\/smartbe.be\/wordpress\/..\/wp-content\/uploads\/2015\/06\/credal-logo.jpg\"><img loading=\"lazy\" decoding=\"async\" class=\"alignnone size-full wp-image-11612\" alt=\"credal-logo\" src=\"https:\/\/smartbe.be\/wordpress\/..\/wp-content\/uploads\/2015\/06\/credal-logo.jpg\" width=\"98\" height=\"104\" \/><\/a><\/td>\n<td><strong style=\"line-height: 19px;\">Catherine Iwankiw<\/strong><span style=\"line-height: 19px;\">, conseill\u00e8re microcr\u00e9dit professionnel chez\u00a0<\/span><a style=\"line-height: 19px;\" href=\"http:\/\/www.credal.be\/\">Cr\u00e9dal<\/a><span style=\"line-height: 19px;\">, coop\u00e9rative qui a pour finalit\u00e9 sociale de promouvoir une soci\u00e9t\u00e9 plus juste et solidaire, particuli\u00e8rement en ce qui concerne l\u2019\u00e9conomie.<\/span><\/td>\n<\/tr>\n<\/tbody>\n<\/table>\n<p>&nbsp;<\/p>\n<table>\n<tbody>\n<tr>\n<td width=\"56\" height=\"72\"><a href=\"https:\/\/smartbe.be\/wordpress\/..\/wp-content\/uploads\/2015\/06\/benoit-vreux.jpg\"><img loading=\"lazy\" decoding=\"async\" class=\"alignnone size-full wp-image-11617\" alt=\"benoit vreux\" src=\"https:\/\/smartbe.be\/wordpress\/..\/wp-content\/uploads\/2015\/06\/benoit-vreux.jpg\" width=\"190\" height=\"142\" \/><\/a><\/td>\n<td><strong>Benoit Vreux<\/strong> dirige le Centre des Arts sc\u00e9niques, la structure d&rsquo;insertion professionnelle et de formation continue des com\u00e9diens et circassiens dipl\u00f4m\u00e9s des \u00e9coles sup\u00e9rieures des arts en F\u00e9d\u00e9ration Wallonie Bruxelles. Par ailleurs, il assure la direction artistique et op\u00e9rationnelle du Centre International de Formation en Arts du Spectacle (CIFAS), structure de post-formation active dans le domaine des arts vivants.<\/td>\n<\/tr>\n<\/tbody>\n<\/table>\n<p>&nbsp;<\/p>\n<table>\n<tbody>\n<tr>\n<td width=\"56\" height=\"72\"><a href=\"https:\/\/smartbe.be\/wordpress\/..\/wp-content\/uploads\/2015\/06\/axa.png\"><img loading=\"lazy\" decoding=\"async\" class=\"alignnone size-full wp-image-11640\" alt=\"axa\" src=\"https:\/\/smartbe.be\/wordpress\/..\/wp-content\/uploads\/2015\/06\/axa.png\" width=\"120\" height=\"120\" \/><\/a><\/td>\n<td><strong>Yves Lambillotte<\/strong> et <strong>Luc Bosschaert<\/strong>, Safety Engineers chez AXA Safety Engineering, notre partenaire dans la pr\u00e9vention des accidents de travail et sur le chemin du travail.<\/td>\n<\/tr>\n<\/tbody>\n<\/table>\n<p>&nbsp;<\/p>\n<table>\n<tbody>\n<tr>\n<td width=\"56\" height=\"72\"><a href=\"https:\/\/smartbe.be\/wordpress\/..\/wp-content\/uploads\/2015\/06\/medor.png\"><img loading=\"lazy\" decoding=\"async\" class=\"alignnone  wp-image-11641\" alt=\"medor\" src=\"https:\/\/smartbe.be\/wordpress\/..\/wp-content\/uploads\/2015\/06\/medor-267x300.png\" width=\"184\" height=\"150\" \/><\/a><\/td>\n<td>M\u00e9dor est un magazine trimestriel belge et coop\u00e9ratif d&rsquo;enqu\u00eates et de r\u00e9cits. Nous accueillons trois de ses journalistes:<\/p>\n<ul>\n<li><strong style=\"line-height: 19px;\">Quentin Noirfalisse<\/strong><span style=\"line-height: 19px;\">:\u00a0<\/span>N\u00e9\u00a0sur les flancs de l&rsquo;ancienne cit\u00e9 laini\u00e8re de Verviers, Quentin est accro aux courbes historiques, sociales et \u00e9conomiques du Congo, \u00e0\u00a0sa rumba et aux tours et d\u00e9tours d&rsquo;Internet. Gratte-clavier ind\u00e9pendant pour la presse belge, documentariste et scribe chez\u00a0<a href=\"http:\/\/www.dancingdog.be\/\">Dancing Dog\u00a0Productions<\/a>, il\u00a0se penche actuellement sur le Ministre des poubelles de Kinshasa et pr\u00e9pare un webdocumentaire sur les visages et les donn\u00e9es de Bruxelles.<\/li>\n<li><strong>David Leloup<\/strong>:\u00a0Journaliste depuis 2000, David aime traquer les conflits d\u2019int\u00e9r\u00eats et gratter le vernis des choses, du\u00a0lobbying industriel aux soci\u00e9t\u00e9s-\u00e9cran. Il\u00a0s&rsquo;est int\u00e9ress\u00e9 de pr\u00e8s aux dessous du contrat entre l\u2019\u00c9tat belge et la firme GSK\u00a0pour la fourniture de vaccins anti-grippe H1N1 en 2009. Plus r\u00e9cemment, il\u00a0s\u2019est plong\u00e9 dans les coulisses du foot business, les\u00a0 archives de l\u2019industrie du tabac et les arcanes des paradis fiscaux\u2026<\/li>\n<li><strong>Tiffany Lasserre<\/strong>:\u00a0Pour une raison que l&rsquo;on ignore, Tiffany a quitt\u00e9 sa terre natale suisse il y a quelques ann\u00e9es pour adopter la Belgique. Ici, elle a poursuivi des \u00e9tudes de th\u00e9\u00e2tre au\u00a0<a href=\"http:\/\/www.crlg.be\/\">conservatoire de Li\u00e8ge<\/a>, avant de se former aux relations publiques. En dehors de M\u00e9dor, elle s&rsquo;occupe donc aujourd&rsquo;hui d&rsquo;une compagnie th\u00e9\u00e2trale li\u00e9geoise.<\/li>\n<\/ul>\n<\/td>\n<\/tr>\n<\/tbody>\n<\/table>\n<\/div>\n<p>&nbsp;<\/p>\n<table>\n<tbody>\n<tr>\n<td width=\"56\" height=\"72\"><a href=\"https:\/\/smartbe.be\/wordpress\/..\/wp-content\/uploads\/2015\/06\/muriel.jpg\"><img loading=\"lazy\" decoding=\"async\" alt=\"muriel\" src=\"https:\/\/smartbe.be\/wordpress\/..\/wp-content\/uploads\/2015\/06\/muriel-300x201.jpg\" width=\"300\" height=\"200\" \/><\/a><\/td>\n<td><strong>Muriel Gerkens<\/strong>, D\u00e9put\u00e9e f\u00e9d\u00e9rale ECOLO.\u00a0Depuis 1999 et jusqu&rsquo;\u00e0\u00a0 aujourd&rsquo;hui, elle est d\u00e9put\u00e9e f\u00e9d\u00e9rale ECOLO. Int\u00e9ress\u00e9e par la culture et le statut des artistes, elle d\u00e9pose en fin novembre 2003\u00a0 une proposition de loi\u00a0relative aux politiques f\u00e9d\u00e9rales en faveur des artistes, du d\u00e9veloppement et de l\u2019acc\u00e8s \u00e0 la culture.La r\u00e9daction de cette proposition s&rsquo;est organis\u00e9e via de nombreuses consultations de la plate-forme des artistes qui s&rsquo;\u00e9tait constitu\u00e9e \u00e0 l&rsquo;\u00e9poque. Le travail de consultation et de r\u00e9flexion \u00e0 propos des propositions de loi sur le\u00a0 statut des\u00a0 artistes s&rsquo;est poursuivie ensuite de mani\u00e8re \u00e0 en assurer le suivi de ses impacts.Ensuite, elle va commencer un travail de consultation et de r\u00e9flexion en vue de l&rsquo;\u00e9laboration\u00a0 d&rsquo;une proposition de loi sur le\u00a0 statut des\u00a0 artistes . C&rsquo;est \u00e0 ce moment que d\u00e9bute la collaboration avec SMART qui demeure r\u00e9guli\u00e8re \u00e0 ce jour. Le 19 janvier 2012 est d\u00e9pos\u00e9e une proposition de loi modifiant l\u00a0&lsquo;arr\u00eat\u00e9 royal du 25 novembre 1991 portant r\u00e9glementation du ch\u00f4mage, visant \u00e0 am\u00e9liorer le statut des artistes (Doc 53\/2008).Depuis, elle\u00a0 fait \u0153uvre de vigilance sur les propositions concernant ce statut et notamment sur la r\u00e9forme Onkelinx- Deconninck en la mati\u00e8re.Elle pose des questions orales, des questions \u00e9crites au gouvernement du moment\u00a0; d\u00e9non\u00e7ant l&rsquo;aspect discriminatoire et \u00e9quivoque du statut actuel. Celui-ci ne servant qu&rsquo;\u00e0 supprimer du ch\u00f4mage, un certain nombre d&rsquo;artistes, sans prendre en compte la particularit\u00e9 de leur travail, qui consiste en une grande p\u00e9riode de pr\u00e9paration, pour un production g\u00e9n\u00e9ralement assez r\u00e9duite dans le temps.En plus de cet axe de travail en mati\u00e8re culturelle,\u00a0 Muriel Gerkens, travaille \u00e9galement sur le Tax shelter au niveau du cin\u00e9ma, (Doc 53\/3490) Elle avait d\u00e9pos\u00e9 une proposition de loi (Doc 53 k 3490) pour forcer le d\u00e9bat et la \u00ab\u00a0correction\u00a0\u00bb des d\u00e9viances de la loi. Celle-ci fut modifi\u00e9e en 2014 dans le sens voulu. Ici aussi, elle a travaill\u00e9 en concertation avec les producteurs, auteurs, r\u00e9alisateurs, \u2026.Un autre combat historique toujours pas abouti\u00a0: une loi fixant un prix unique du livre et supprimant la \u00ab\u00a0tabelle\u00a0\u00bb.\u00a0 D&rsquo;ann\u00e9e en ann\u00e9e, elle red\u00e9pose une proposition de loi, la derni\u00e8re est le\u00a0 Doc 54\/909. Enfin elle travaille sur la perception du droit d&rsquo;auteur li\u00e9 \u00e0 l&rsquo;\u00e9volution informatique (Doc 53 K 1402).\u00a0 de la perception du droit d&rsquo;auteur li\u00e9 \u00e0 l&rsquo;\u00e9volution informatique (Doc53\/ 1402) et le prix du livre.<\/td>\n<\/tr>\n<\/tbody>\n<\/table>\n<h2>Les intervenants \u00ab\u00a0maison\u00a0\u00bb :<\/h2>\n<table>\n<tbody>\n<tr>\n<td width=\"56\" height=\"72\"><a href=\"https:\/\/smartbe.be\/wordpress\/..\/wp-content\/uploads\/2015\/06\/benoit_2.jpg\"><img loading=\"lazy\" decoding=\"async\" alt=\"benoit_2\" src=\"https:\/\/smartbe.be\/wordpress\/..\/wp-content\/uploads\/2015\/06\/benoit_2.jpg\" width=\"190\" height=\"190\" \/><\/a><\/td>\n<td><b>Benoit Lewyllie<\/b>\u00a0est directeur g\u00e9n\u00e9ral d\u00e9l\u00e9gu\u00e9 de\u00a0<a href=\"http:\/\/smartfr.fr\/\" target=\"_blank\">Smart France<\/a>\u00a0et cofondateur de\u00a0<em><em><a href=\"http:\/\/us9.campaign-archive2.com\/?u=68bd277b4f2d0b842a6cf1642&amp;id=02f0f3aaaa&amp;e=90fd9e7850%20\" target=\"_blank\">Bigre!<\/a><\/em><\/em><\/td>\n<\/tr>\n<\/tbody>\n<\/table>\n<table>\n<tbody>\n<tr>\n<td width=\"56\" height=\"72\"><a href=\"https:\/\/smartbe.be\/wordpress\/..\/wp-content\/uploads\/2015\/06\/Logo-100x100.jpg\"><img loading=\"lazy\" decoding=\"async\" alt=\"Logo 100x100\" src=\"https:\/\/smartbe.be\/wordpress\/..\/wp-content\/uploads\/2015\/06\/Logo-100x100.jpg\" width=\"100\" height=\"100\" \/><\/a><\/td>\n<td><strong>Amaury Haegeman<\/strong>\u00a0et\u00a0<strong>Marion Van Achter<\/strong>\u00a0sont conseillers chez Smart.<strong>Sophie Bodarw\u00e9<\/strong> est charg\u00e9e du d\u00e9veloppement territorial pour la Wallonie.<\/p>\n<p><strong>Nicolas WALLET\u00a0<\/strong>est Directeur Administratif et Financier de Smart depuis septembre 2014.\u00a0Il a contribu\u00e9 \u00e0 la cr\u00e9ation et au\u00a0d\u00e9veloppement de nombreux projets sous formes coop\u00e9ratives ou associatives, et particuli\u00e8rement d&rsquo;entreprises partag\u00e9es. Il intervient r\u00e9guli\u00e8rement au sein de formations en gestion de projet, et en conseil sur les nouvelles formes\u00a0d&rsquo;organisation et d&#8217;emploi.<\/p>\n<p><strong>Maxime Dechesne et Roger Burton\u00a0<\/strong>sont charg\u00e9s du d\u00e9veloppement et de la strat\u00e9gie chez Smart.<\/p>\n<p><strong>Julek Jurowicz<\/strong>\u00a0richtte Smart op in 1998, samen met Pierre Burnotte.<\/p>\n<p><strong>Laura Hartley, Joseph Meerseman, Heidrun Bosteels, Julien Fastenaekens and Claude Ongena <\/strong>are advisors in Brussels.<\/td>\n<\/tr>\n<\/tbody>\n<\/table>","protected":false},"excerpt":{"rendered":"<p>\u00a0Nos invit\u00e9s: Gaetan Vandeplas,\u00a0directeur du\u00a0Guichet des Arts. Le GdA a \u00e9t\u00e9 mis en place en 2014 par la F\u00e9d\u00e9ration Wallonie-Bruxelles afin de d\u00e9velopper une expertise sp\u00e9cifique en mati\u00e8re de droits \u00e9conomiques &amp; sociaux pour les travailleurs du Secteur Cr\u00e9atif &amp; &hellip;<\/p>\n","protected":false},"author":6,"featured_media":0,"parent":11514,"menu_order":2,"comment_status":"closed","ping_status":"closed","template":"","meta":{"footnotes":""},"tags":[],"class_list":["post-11526","page","type-page","status-publish","hentry"],"aioseo_notices":[],"_links":{"self":[{"href":"https:\/\/smartbe.be\/fr\/wp-json\/wp\/v2\/pages\/11526","targetHints":{"allow":["GET"]}}],"collection":[{"href":"https:\/\/smartbe.be\/fr\/wp-json\/wp\/v2\/pages"}],"about":[{"href":"https:\/\/smartbe.be\/fr\/wp-json\/wp\/v2\/types\/page"}],"author":[{"embeddable":true,"href":"https:\/\/smartbe.be\/fr\/wp-json\/wp\/v2\/users\/6"}],"replies":[{"embeddable":true,"href":"https:\/\/smartbe.be\/fr\/wp-json\/wp\/v2\/comments?post=11526"}],"version-history":[{"count":41,"href":"https:\/\/smartbe.be\/fr\/wp-json\/wp\/v2\/pages\/11526\/revisions"}],"predecessor-version":[{"id":12298,"href":"https:\/\/smartbe.be\/fr\/wp-json\/wp\/v2\/pages\/11526\/revisions\/12298"}],"up":[{"embeddable":true,"href":"https:\/\/smartbe.be\/fr\/wp-json\/wp\/v2\/pages\/11514"}],"wp:attachment":[{"href":"https:\/\/smartbe.be\/fr\/wp-json\/wp\/v2\/media?parent=11526"}],"wp:term":[{"taxonomy":"post_tag","embeddable":true,"href":"https:\/\/smartbe.be\/fr\/wp-json\/wp\/v2\/tags?post=11526"}],"curies":[{"name":"wp","href":"https:\/\/api.w.org\/{rel}","templated":true}]}}