
{"id":11514,"date":"2015-06-09T13:44:56","date_gmt":"2015-06-09T12:44:56","guid":{"rendered":"http:\/\/smartbe.be\/?page_id=11514"},"modified":"2022-02-14T12:33:56","modified_gmt":"2022-02-14T11:33:56","slug":"smart-progress","status":"publish","type":"page","link":"https:\/\/smartbe.be\/fr\/la-cooperative-2\/smart-progress\/","title":{"rendered":"Smart in Progress"},"content":{"rendered":"<p><a href=\"https:\/\/smartbe.be\/wp-content\/uploads\/2020\/11\/smartinprogress-alone-V4-002.png\"><img loading=\"lazy\" decoding=\"async\" class=\"alignleft size-full wp-image-33138\" src=\"https:\/\/smartbe.be\/wp-content\/uploads\/2020\/11\/smartinprogress-alone-V4-002.png\" alt=\"\" width=\"1200\" height=\"630\" srcset=\"https:\/\/smartbe.be\/wp-content\/uploads\/2020\/11\/smartinprogress-alone-V4-002.png 1200w, https:\/\/smartbe.be\/wp-content\/uploads\/2020\/11\/smartinprogress-alone-V4-002-300x158.png 300w, https:\/\/smartbe.be\/wp-content\/uploads\/2020\/11\/smartinprogress-alone-V4-002-1024x538.png 1024w, https:\/\/smartbe.be\/wp-content\/uploads\/2020\/11\/smartinprogress-alone-V4-002-768x403.png 768w, https:\/\/smartbe.be\/wp-content\/uploads\/2020\/11\/smartinprogress-alone-V4-002-500x263.png 500w, https:\/\/smartbe.be\/wp-content\/uploads\/2020\/11\/smartinprogress-alone-V4-002-290x152.png 290w\" sizes=\"auto, (max-width: 1200px) 100vw, 1200px\" \/><\/a><\/p>\n<p>Smart in Progress est un processus original et collectif, initi\u00e9 par Smart entre 2015 et 2021, qui a permis de poser les bases du projet coop\u00e9ratif.<\/p>\n<p>La d\u00e9marche a d\u00e9montr\u00e9 la faisabilit\u00e9 de la gouvernance et de la participation d\u2019un projet regroupant plusieurs milliers de personnes.<\/p>\n<p>Chaque ann\u00e9e, plusieurs th\u00e9matiques en lien avec la vie de l\u2019organisation ont \u00e9t\u00e9 propos\u00e9es \u00e0 la r\u00e9flexion. Les membres soci\u00e9taires et des membres de l&rsquo;\u00e9quipe pouvaient prendre part \u00e0 des groupes de travail qui ont livr\u00e9, \u00e0 quatre reprise au terme des \u00e9changes, des cahiers de recommandations. Ces propositions ont ensuite \u00e9t\u00e9 directement confi\u00e9es au conseil d\u2019administration de la coop\u00e9rative pour avis et prise de d\u00e9cision.<\/p>\n<p>&nbsp;<\/p>\n<p><strong><img loading=\"lazy\" decoding=\"async\" class=\"alignnone size-full wp-image-33556\" src=\"https:\/\/smartbe.be\/wp-content\/uploads\/2021\/01\/fleche-arrow-long.png\" alt=\"\" width=\"142\" height=\"13\" \/>Retrouvez l<\/strong><strong>es derniers groupes de travail :<\/strong><\/p>\n<ul>\n<li><strong><strong><a href=\"https:\/\/smartbe.be\/fr\/groupes-de-travail-2020-2021\/\">Groupes de travail 2020-2021 [cl\u00f4tur\u00e9]<\/a><\/strong><\/strong><\/li>\n<li><strong><a href=\"https:\/\/smartbe.be\/fr\/la-cooperative-2\/smart-progress\/groupes-de-travail-2019-2020\/\">Groupes de travail 2019-2020 [cl\u00f4tur\u00e9]<\/a><\/strong><\/li>\n<li><a href=\"https:\/\/smartbe.be\/fr\/la-cooperative-2\/smart-progress\/groupes-de-travail-2018-2019\/\"><strong>Groupes de travail 2018-2019 [cl\u00f4tur\u00e9]<\/strong><\/a><\/li>\n<li><a href=\"https:\/\/smartbe.be\/fr\/la-cooperative-2\/smart-progress\/groupes-de-travail-participatifs-et-multi-societaires\/\"><strong>Groupes de travail 2017-2018 [cl\u00f4tur\u00e9]<\/strong><\/a><\/li>\n<\/ul>\n<p>&nbsp;<\/p>\n<p>&nbsp;<\/p>","protected":false},"excerpt":{"rendered":"<p>Smart in Progress est un processus original et collectif, initi\u00e9 par Smart entre 2015 et 2021, qui a permis de poser les bases du projet coop\u00e9ratif. La d\u00e9marche a d\u00e9montr\u00e9 la faisabilit\u00e9 de la gouvernance et de la participation d\u2019un &hellip;<\/p>\n","protected":false},"author":6,"featured_media":0,"parent":18923,"menu_order":0,"comment_status":"closed","ping_status":"closed","template":"","meta":{"footnotes":""},"tags":[],"class_list":["post-11514","page","type-page","status-publish","hentry"],"aioseo_notices":[],"_links":{"self":[{"href":"https:\/\/smartbe.be\/fr\/wp-json\/wp\/v2\/pages\/11514","targetHints":{"allow":["GET"]}}],"collection":[{"href":"https:\/\/smartbe.be\/fr\/wp-json\/wp\/v2\/pages"}],"about":[{"href":"https:\/\/smartbe.be\/fr\/wp-json\/wp\/v2\/types\/page"}],"author":[{"embeddable":true,"href":"https:\/\/smartbe.be\/fr\/wp-json\/wp\/v2\/users\/6"}],"replies":[{"embeddable":true,"href":"https:\/\/smartbe.be\/fr\/wp-json\/wp\/v2\/comments?post=11514"}],"version-history":[{"count":98,"href":"https:\/\/smartbe.be\/fr\/wp-json\/wp\/v2\/pages\/11514\/revisions"}],"predecessor-version":[{"id":36648,"href":"https:\/\/smartbe.be\/fr\/wp-json\/wp\/v2\/pages\/11514\/revisions\/36648"}],"up":[{"embeddable":true,"href":"https:\/\/smartbe.be\/fr\/wp-json\/wp\/v2\/pages\/18923"}],"wp:attachment":[{"href":"https:\/\/smartbe.be\/fr\/wp-json\/wp\/v2\/media?parent=11514"}],"wp:term":[{"taxonomy":"post_tag","embeddable":true,"href":"https:\/\/smartbe.be\/fr\/wp-json\/wp\/v2\/tags?post=11514"}],"curies":[{"name":"wp","href":"https:\/\/api.w.org\/{rel}","templated":true}]}}